{"id":3055,"date":"2024-11-20T01:39:12","date_gmt":"2024-11-20T01:39:12","guid":{"rendered":"https:\/\/biolabtek.vn\/?post_type=product&#038;p=3055"},"modified":"2024-11-20T01:39:13","modified_gmt":"2024-11-20T01:39:13","slug":"ingene-bruce-ladder-suis","status":"publish","type":"product","link":"https:\/\/biolabtek.vn\/?product=ingene-bruce-ladder-suis","title":{"rendered":"INgene\u00ae Bruce-ladder Suis"},"content":{"rendered":"<p>INgene\u00ae Bruce-ladder Suis l\u00e0 kit end-point PCR \u0111\u1ec3 ph\u00e1t hi\u1ec7n v\u00e0 ph\u00e2n bi\u1ec7t n\u0103m lo\u1ea1i DNA c\u1ee7a Brucella Suis biovar trong c\u00e1c m\u1eabu t\u1eeb l\u1ee3n.<\/p>\n<p>X\u00e9t nghi\u1ec7m \u0111\u01b0\u1ee3c t\u1ed1i \u01b0u h\u00f3a cho DNA tinh khi\u1ebft ho\u1eb7c khu\u1ea9n l\u1ea1c c\u00f4 l\u1eadp (c\u00e1c m\u1eabu sinh h\u1ecdc ph\u1ea3i \u0111\u01b0\u1ee3c l\u00e0m gi\u00e0u trong nu\u00f4i c\u1ea5y tr\u01b0\u1edbc khi th\u1eed nghi\u1ec7m).<\/p>\n<p>T\u00ednh n\u0103ng ch\u00ednh c\u1ee7a Kit:<br \/>\n&#8211; \u1ed4n \u0111\u1ecbnh \u1edf 4\u00b0C<br \/>\n&#8211; C\u1ea7n c\u00f3 m\u00e1y lu\u00e2n nhi\u1ec7t gi\u00e1 r\u1ebb<br \/>\n&#8211; \u0110\u00e3 x\u00e1c th\u1ef1c v\u1edbi c\u00e1c m\u1eabu l\u00e2m s\u00e0ng<br \/>\n&#8211; \u0110\u00e3 \u0111\u0103ng k\u00fd t\u1ea1i T\u00e2y Ban Nha<br \/>\n&#8211; \u0110\u1ecbnh d\u1ea1ng 50 rxn<\/p>\n<p>Code: R.11.BSu.K.5\/50<\/p>\n<p><strong>H\u00e3ng<\/strong>: Gold Standard Diagnostics<\/p>\n","protected":false},"excerpt":{"rendered":"<p>INgene\u00ae Bruce-ladder Suis l\u00e0 kit end-point PCR \u0111\u1ec3 ph\u00e1t hi\u1ec7n v\u00e0 ph\u00e2n bi\u1ec7t n\u0103m lo\u1ea1i DNA c\u1ee7a Brucella Suis biovar trong c\u00e1c m\u1eabu t\u1eeb l\u1ee3n. X\u00e9t nghi\u1ec7m \u0111\u01b0\u1ee3c t\u1ed1i \u01b0u h\u00f3a cho DNA tinh khi\u1ebft ho\u1eb7c khu\u1ea9n l\u1ea1c c\u00f4 l\u1eadp (c\u00e1c m\u1eabu sinh h\u1ecdc ph\u1ea3i \u0111\u01b0\u1ee3c l\u00e0m gi\u00e0u trong nu\u00f4i c\u1ea5y tr\u01b0\u1edbc khi th\u1eed nghi\u1ec7m). [&hellip;]<\/p>\n","protected":false},"featured_media":2959,"comment_status":"open","ping_status":"closed","template":"","meta":[],"_links":{"self":[{"href":"https:\/\/biolabtek.vn\/index.php?rest_route=\/wp\/v2\/product\/3055"}],"collection":[{"href":"https:\/\/biolabtek.vn\/index.php?rest_route=\/wp\/v2\/product"}],"about":[{"href":"https:\/\/biolabtek.vn\/index.php?rest_route=\/wp\/v2\/types\/product"}],"replies":[{"embeddable":true,"href":"https:\/\/biolabtek.vn\/index.php?rest_route=%2Fwp%2Fv2%2Fcomments&post=3055"}],"wp:featuredmedia":[{"embeddable":true,"href":"https:\/\/biolabtek.vn\/index.php?rest_route=\/wp\/v2\/media\/2959"}],"wp:attachment":[{"href":"https:\/\/biolabtek.vn\/index.php?rest_route=%2Fwp%2Fv2%2Fmedia&parent=3055"}],"curies":[{"name":"wp","href":"https:\/\/api.w.org\/{rel}","templated":true}]}}