{"id":3048,"date":"2024-11-19T09:57:29","date_gmt":"2024-11-19T09:57:29","guid":{"rendered":"https:\/\/biolabtek.vn\/?post_type=product&#038;p=3048"},"modified":"2024-11-19T09:57:29","modified_gmt":"2024-11-19T09:57:29","slug":"ingene-q-b-hyodysenteriae-and-b-pilosicoli","status":"publish","type":"product","link":"https:\/\/biolabtek.vn\/?product=ingene-q-b-hyodysenteriae-and-b-pilosicoli","title":{"rendered":"INgene\u00ae q B. hyodysenteriae and B. pilosicoli"},"content":{"rendered":"<p>INgene\u00ae q B. hyodysenteriae v\u00e0 B. pilosicoli l\u00e0 b\u1ed9 d\u1ee5ng c\u1ee5 PCR th\u1eddi gian th\u1ef1c \u0111\u1ec3 ph\u00e1t hi\u1ec7n DNA c\u1ee7a B. hyodysenteriae v\u00e0 B. pilosicoli trong c\u00e1c m\u1eabu sinh h\u1ecdc t\u1eeb l\u1ee3n.<\/p>\n<p>X\u00e9t nghi\u1ec7m \u0111\u01b0\u1ee3c t\u1ed1i \u01b0u h\u00f3a cho c\u00e1c m\u1eabu nh\u01b0 ph\u00e2n, t\u0103m b\u00f4ng tr\u1ef1c tr\u00e0ng, ru\u1ed9t v\u00e0 c\u00e1c ch\u1ee7ng\/v\u1eafc-xin.<\/p>\n<p>B\u1ed9 Kit ph\u00e1t hi\u1ec7n B. hyodysenteriae trong k\u00eanh FAM v\u00e0 B. pilosicoli trong k\u00eanh HEX\/VIC, ngo\u00e0i ra b\u1ed9 kit c\u00f2n bao g\u1ed3m \u0110\u1ed1i ch\u1ee9ng n\u1ed9i sinh (EC) \u0111\u01b0\u1ee3c khu\u1ebfch \u0111\u1ea1i trong Cy5, cho ph\u00e9p ph\u00e1t hi\u1ec7n c\u00e1c k\u1ebft qu\u1ea3 \u00e2m t\u00ednh gi\u1ea3 do t\u00e1ch chi\u1ebft k\u00e9m v\u00e0\/ho\u1eb7c \u1ee9c ch\u1ebf PCR.<\/p>\n<p>Nh\u1eefng l\u1ee3i \u00edch ch\u00ednh c\u1ee7a x\u00e9t nghi\u1ec7m:<br \/>\n\u2013 D\u1ec5 s\u1eed d\u1ee5ng, th\u1eddi gian chu\u1ea9n b\u1ecb t\u1ed1i thi\u1ec3u<br \/>\n\u2013 Quy tr\u00ecnh nhi\u1ec7t h\u00e0i h\u00f2a ph\u00f9 h\u1ee3p v\u1edbi h\u1ea7u h\u1ebft c\u00e1c b\u1ed9 kit INgene\u00ae q<br \/>\n\u2013 T\u01b0\u01a1ng th\u00edch r\u1ed9ng r\u00e3i v\u1edbi c\u00e1c thi\u1ebft b\u1ecb PCR hi\u1ec7n c\u00f3<br \/>\n\u2013 T\u00f9y ch\u1ecdn \u0111\u1ecbnh l\u01b0\u1ee3ng v\u1edbi \u0111\u1ed1i ch\u1ee9ng d\u01b0\u01a1ng t\u00ednh<br \/>\n\u2013 \u0110\u00e3 \u0111\u01b0\u1ee3c ki\u1ec3m nghi\u1ec7m v\u1edbi m\u1eabu l\u00e2m s\u00e0ng<br \/>\n\u2013 Th\u1eddi h\u1ea1n b\u1ea3o qu\u1ea3n d\u00e0i: 18 th\u00e1ng<br \/>\n\u2013 \u0110\u1ecbnh d\u1ea1ng 100 ph\u1ea3n \u1ee9ng<\/p>\n<p>Code: R.11.XBR.K.5\/100<\/p>\n<p><strong>H\u00e3ng<\/strong>: Gold Standard Diagnostics<\/p>\n","protected":false},"excerpt":{"rendered":"<p>INgene\u00ae q B. hyodysenteriae v\u00e0 B. pilosicoli l\u00e0 b\u1ed9 d\u1ee5ng c\u1ee5 PCR th\u1eddi gian th\u1ef1c \u0111\u1ec3 ph\u00e1t hi\u1ec7n DNA c\u1ee7a B. hyodysenteriae v\u00e0 B. pilosicoli trong c\u00e1c m\u1eabu sinh h\u1ecdc t\u1eeb l\u1ee3n. X\u00e9t nghi\u1ec7m \u0111\u01b0\u1ee3c t\u1ed1i \u01b0u h\u00f3a cho c\u00e1c m\u1eabu nh\u01b0 ph\u00e2n, t\u0103m b\u00f4ng tr\u1ef1c tr\u00e0ng, ru\u1ed9t v\u00e0 c\u00e1c ch\u1ee7ng\/v\u1eafc-xin. B\u1ed9 Kit ph\u00e1t hi\u1ec7n [&hellip;]<\/p>\n","protected":false},"featured_media":2959,"comment_status":"open","ping_status":"closed","template":"","meta":[],"_links":{"self":[{"href":"https:\/\/biolabtek.vn\/index.php?rest_route=\/wp\/v2\/product\/3048"}],"collection":[{"href":"https:\/\/biolabtek.vn\/index.php?rest_route=\/wp\/v2\/product"}],"about":[{"href":"https:\/\/biolabtek.vn\/index.php?rest_route=\/wp\/v2\/types\/product"}],"replies":[{"embeddable":true,"href":"https:\/\/biolabtek.vn\/index.php?rest_route=%2Fwp%2Fv2%2Fcomments&post=3048"}],"wp:featuredmedia":[{"embeddable":true,"href":"https:\/\/biolabtek.vn\/index.php?rest_route=\/wp\/v2\/media\/2959"}],"wp:attachment":[{"href":"https:\/\/biolabtek.vn\/index.php?rest_route=%2Fwp%2Fv2%2Fmedia&parent=3048"}],"curies":[{"name":"wp","href":"https:\/\/api.w.org\/{rel}","templated":true}]}}