{"id":3031,"date":"2024-11-18T09:28:07","date_gmt":"2024-11-18T09:28:07","guid":{"rendered":"https:\/\/biolabtek.vn\/?post_type=product&#038;p=3031"},"modified":"2024-11-28T03:01:17","modified_gmt":"2024-11-28T03:01:17","slug":"ingene-bruce-ladder-v","status":"publish","type":"product","link":"https:\/\/biolabtek.vn\/?product=ingene-bruce-ladder-v","title":{"rendered":"INgene\u00ae Bruce-ladder V"},"content":{"rendered":"<p>INgene\u00ae Bruce-ladder V l\u00e0 b\u1ed9 kit end-point PCR \u0111\u1ec3 ph\u00e1t hi\u1ec7n v\u00e0 ph\u00e2n bi\u1ec7t DNA c\u1ee7a B. melitensis, B. abortus, B. suis, B. ovis v\u00e0 v\u1eafc-xin RB51, B19, Rev1 (BRU) trong c\u00e1c m\u1eabu t\u1eeb l\u1ee3n, gia s\u00fac, \u0111\u1ed9ng v\u1eadt nhai l\u1ea1i nh\u1ecf, ng\u1ef1a.<\/p>\n<p>X\u00e9t nghi\u1ec7m \u0111\u01b0\u1ee3c t\u1ed1i \u01b0u h\u00f3a cho DNA tinh khi\u1ebft ho\u1eb7c khu\u1ea9n l\u1ea1c c\u00f4 l\u1eadp (c\u00e1c m\u1eabu sinh h\u1ecdc ph\u1ea3i \u0111\u01b0\u1ee3c l\u00e0m gi\u00e0u trong nu\u00f4i c\u1ea5y tr\u01b0\u1edbc khi x\u00e9t nghi\u1ec7m).<\/p>\n<p>T\u00ednh n\u0103ng c\u1ee7a Kit:<br \/>\n&#8211; \u1ed4n \u0111\u1ecbnh \u1edf 4\u00b0C<br \/>\n&#8211; C\u1ea7n c\u00f3 m\u00e1y lu\u00e2n nhi\u1ec7t gi\u00e1 r\u1ebb<br \/>\n&#8211; \u0110\u00e3 x\u00e1c th\u1ef1c v\u1edbi c\u00e1c m\u1eabu l\u00e2m s\u00e0ng<br \/>\n&#8211; \u0110\u00e3 \u0111\u0103ng k\u00fd t\u1ea1i T\u00e2y Ban Nha<br \/>\n&#8211; \u0110\u1ecbnh d\u1ea1ng 50 rxn<\/p>\n<p>Code: R.10.BRU.K.5\/50<\/p>\n<p><strong>H\u00e3ng<\/strong>: Gold Standard Diagnostics<\/p>\n","protected":false},"excerpt":{"rendered":"<p>INgene\u00ae Bruce-ladder V l\u00e0 b\u1ed9 kit end-point PCR \u0111\u1ec3 ph\u00e1t hi\u1ec7n v\u00e0 ph\u00e2n bi\u1ec7t DNA c\u1ee7a B. melitensis, B. abortus, B. suis, B. ovis v\u00e0 v\u1eafc-xin RB51, B19, Rev1 (BRU) trong c\u00e1c m\u1eabu t\u1eeb l\u1ee3n, gia s\u00fac, \u0111\u1ed9ng v\u1eadt nhai l\u1ea1i nh\u1ecf, ng\u1ef1a. X\u00e9t nghi\u1ec7m \u0111\u01b0\u1ee3c t\u1ed1i \u01b0u h\u00f3a cho DNA tinh khi\u1ebft ho\u1eb7c khu\u1ea9n [&hellip;]<\/p>\n","protected":false},"featured_media":2959,"comment_status":"open","ping_status":"closed","template":"","meta":[],"_links":{"self":[{"href":"https:\/\/biolabtek.vn\/index.php?rest_route=\/wp\/v2\/product\/3031"}],"collection":[{"href":"https:\/\/biolabtek.vn\/index.php?rest_route=\/wp\/v2\/product"}],"about":[{"href":"https:\/\/biolabtek.vn\/index.php?rest_route=\/wp\/v2\/types\/product"}],"replies":[{"embeddable":true,"href":"https:\/\/biolabtek.vn\/index.php?rest_route=%2Fwp%2Fv2%2Fcomments&post=3031"}],"wp:featuredmedia":[{"embeddable":true,"href":"https:\/\/biolabtek.vn\/index.php?rest_route=\/wp\/v2\/media\/2959"}],"wp:attachment":[{"href":"https:\/\/biolabtek.vn\/index.php?rest_route=%2Fwp%2Fv2%2Fmedia&parent=3031"}],"curies":[{"name":"wp","href":"https:\/\/api.w.org\/{rel}","templated":true}]}}