{"id":3016,"date":"2024-11-18T08:06:21","date_gmt":"2024-11-18T08:06:21","guid":{"rendered":"https:\/\/biolabtek.vn\/?post_type=product&#038;p=3016"},"modified":"2024-11-28T03:07:55","modified_gmt":"2024-11-28T03:07:55","slug":"ingene-q-pseudomonas-aeruginosa","status":"publish","type":"product","link":"https:\/\/biolabtek.vn\/?product=ingene-q-pseudomonas-aeruginosa","title":{"rendered":"INgene\u00ae q Pseudomonas aeruginosa"},"content":{"rendered":"<p>INgene\u00ae q Pseudomonas aeruginosa l\u00e0 b\u1ed9 kit realtime PCR \u0111\u1ec3 ph\u00e1t hi\u1ec7n DNA c\u1ee7a P. aeruginosa trong c\u00e1c m\u1eabu t\u1eeb Gia s\u00fac, \u0110\u1ed9ng v\u1eadt nhai l\u1ea1i nh\u1ecf, L\u1ee3n, Th\u1ecf, Ng\u1ef1a.<\/p>\n<p>X\u00e9t nghi\u1ec7m \u0111\u01b0\u1ee3c t\u1ed1i \u01b0u h\u00f3a cho c\u00e1c m\u1eabu nh\u01b0 s\u1eefa, ph\u1ed5i, t\u0103m b\u00f4ng tai\/m\u1eaft v\u00e0 c\u00e1c ch\u1ee7ng\/v\u1eafc-xin.<\/p>\n<p>B\u1ed9 kit ph\u00e1t hi\u1ec7n DNA t\u00e1c nh\u00e2n g\u00e2y b\u1ec7nh tr\u00ean k\u00eanh FAM v\u00e0 \u0110\u1ed1i ch\u1ee9ng N\u1ed9i sinh (HEX\/VIC) cho ph\u00e9p ph\u00e1t hi\u1ec7n c\u00e1c k\u1ebft qu\u1ea3 \u00e2m t\u00ednh gi\u1ea3 do t\u00e1ch chi\u1ebft k\u00e9m v\u00e0\/ho\u1eb7c \u1ee9c ch\u1ebf PCR.<\/p>\n<p>T\u00ednh n\u0103ng c\u1ee7a Kit:<br \/>\n\u2013 D\u1ec5 s\u1eed d\u1ee5ng, th\u1eddi gian chu\u1ea9n b\u1ecb t\u1ed1i thi\u1ec3u<br \/>\n\u2013 Quy tr\u00ecnh nhi\u1ec7t h\u00e0i h\u00f2a ph\u00f9 h\u1ee3p v\u1edbi h\u1ea7u h\u1ebft c\u00e1c b\u1ed9 kit INgene\u00ae q<br \/>\n\u2013 T\u01b0\u01a1ng th\u00edch r\u1ed9ng r\u00e3i v\u1edbi c\u00e1c thi\u1ebft b\u1ecb PCR hi\u1ec7n c\u00f3<br \/>\n\u2013 T\u00f9y ch\u1ecdn \u0111\u1ecbnh l\u01b0\u1ee3ng v\u1edbi \u0111\u1ed1i ch\u1ee9ng d\u01b0\u01a1ng t\u00ednh<br \/>\n\u2013 \u0110\u00e3 \u0111\u01b0\u1ee3c ki\u1ec3m nghi\u1ec7m v\u1edbi m\u1eabu l\u00e2m s\u00e0ng<br \/>\n\u2013 Th\u1eddi h\u1ea1n b\u1ea3o qu\u1ea3n d\u00e0i: 18 th\u00e1ng<br \/>\n\u2013 \u0110\u1ecbnh d\u1ea1ng 100 ph\u1ea3n \u1ee9ng<\/p>\n<p>Code: R.10.PSE.K.5\/100<\/p>\n<p><strong>H\u00e3ng<\/strong>: Gold Standard Diagnostics<\/p>\n","protected":false},"excerpt":{"rendered":"<p>INgene\u00ae q Pseudomonas aeruginosa l\u00e0 b\u1ed9 kit realtime PCR \u0111\u1ec3 ph\u00e1t hi\u1ec7n DNA c\u1ee7a P. aeruginosa trong c\u00e1c m\u1eabu t\u1eeb Gia s\u00fac, \u0110\u1ed9ng v\u1eadt nhai l\u1ea1i nh\u1ecf, L\u1ee3n, Th\u1ecf, Ng\u1ef1a. X\u00e9t nghi\u1ec7m \u0111\u01b0\u1ee3c t\u1ed1i \u01b0u h\u00f3a cho c\u00e1c m\u1eabu nh\u01b0 s\u1eefa, ph\u1ed5i, t\u0103m b\u00f4ng tai\/m\u1eaft v\u00e0 c\u00e1c ch\u1ee7ng\/v\u1eafc-xin. B\u1ed9 kit ph\u00e1t hi\u1ec7n DNA t\u00e1c nh\u00e2n [&hellip;]<\/p>\n","protected":false},"featured_media":2959,"comment_status":"open","ping_status":"closed","template":"","meta":[],"_links":{"self":[{"href":"https:\/\/biolabtek.vn\/index.php?rest_route=\/wp\/v2\/product\/3016"}],"collection":[{"href":"https:\/\/biolabtek.vn\/index.php?rest_route=\/wp\/v2\/product"}],"about":[{"href":"https:\/\/biolabtek.vn\/index.php?rest_route=\/wp\/v2\/types\/product"}],"replies":[{"embeddable":true,"href":"https:\/\/biolabtek.vn\/index.php?rest_route=%2Fwp%2Fv2%2Fcomments&post=3016"}],"wp:featuredmedia":[{"embeddable":true,"href":"https:\/\/biolabtek.vn\/index.php?rest_route=\/wp\/v2\/media\/2959"}],"wp:attachment":[{"href":"https:\/\/biolabtek.vn\/index.php?rest_route=%2Fwp%2Fv2%2Fmedia&parent=3016"}],"curies":[{"name":"wp","href":"https:\/\/api.w.org\/{rel}","templated":true}]}}