{"id":2965,"date":"2024-11-15T07:29:08","date_gmt":"2024-11-15T07:29:08","guid":{"rendered":"https:\/\/biolabtek.vn\/?post_type=product&#038;p=2965"},"modified":"2024-11-28T03:02:39","modified_gmt":"2024-11-28T03:02:39","slug":"ingene-q-brucella-typing-rox","status":"publish","type":"product","link":"https:\/\/biolabtek.vn\/?product=ingene-q-brucella-typing-rox","title":{"rendered":"INgene\u00ae q Brucella Typing ROX"},"content":{"rendered":"<p>INgene\u00ae q Brucella Typing ROX l\u00e0 b\u1ed9 Kit realtime PCR \u0111\u1ec3 ph\u00e1t hi\u1ec7n v\u00e0 ph\u00e2n lo\u1ea1i DNA c\u1ee7a B. melitensis, B. abortus, B. suis v\u00e0 B. ovis trong c\u00e1c m\u1eabu t\u1eeb L\u1ee3n, Gia s\u00fac, \u0110\u1ed9ng v\u1eadt nhai l\u1ea1i nh\u1ecf, Ng\u1ef1a.<\/p>\n<p>X\u00e9t nghi\u1ec7m n\u00e0y \u0111\u01b0\u1ee3c t\u1ed1i \u01b0u h\u00f3a cho b\u1ea5t k\u1ef3 m\u1eabu sinh h\u1ecdc, nu\u00f4i c\u1ea5y d\u1ea1ng l\u1ecfng ho\u1eb7c khu\u1ea9n l\u1ea1c, m\u00e1u, huy\u1ebft thanh, h\u1ea1ch b\u1ea1ch huy\u1ebft v\u00e0 s\u1eefa \u0111\u01b0\u1ee3c l\u00e0m gi\u00e0u tr\u01b0\u1edbc \u0111\u00f3 trong nu\u00f4i c\u1ea5y.<\/p>\n<p>B\u1ed9 Kit bao g\u1ed3m realtime PCR multi \u1edf \u0111\u1ecbnh d\u1ea1ng m\u1ed9t gi\u1ebfng, khu\u1ebfch \u0111\u1ea1i m\u1ed9t s\u1ed1 v\u00f9ng c\u1ee7a b\u1ed9 gen Brucella, kh\u00e1c nhau t\u00f9y theo lo\u00e0i, b\u1eb1ng c\u00e1ch s\u1eed d\u1ee5ng ba k\u00eanh FAM, HEX\/VIC v\u00e0 NED. Ngo\u00e0i ra, ch\u1ea5t hu\u1ef3nh quang tham chi\u1ebfu th\u1ee5 \u0111\u1ed9ng (ROX), cho ph\u00e9p chu\u1ea9n h\u00f3a t\u00edn hi\u1ec7u, tr\u00e1nh c\u00e1c l\u1ed7i \u0111\u1ecbnh l\u01b0\u1ee3ng c\u00f3 th\u1ec3 x\u1ea3y ra do s\u1ef1 kh\u00e1c bi\u1ec7t v\u1ec1 c\u00e1ch d\u00f9ng pipet.<\/p>\n<p>B\u1ed9 Kit \u0111\u00e3 x\u00e1c th\u1ef1c v\u1edbi c\u00e1c m\u1eabu l\u00e2m s\u00e0ng v\u00e0 \u0111\u0103ng k\u00fd t\u1ea1i T\u00e2y Ban Nha.<br \/>\n\u0110\u1ecbnh d\u1ea1ng 100 rxn.<\/p>\n<p>Code: R.10.BRM.K.5TX\/Q<\/p>\n<p><strong>H\u00e3ng<\/strong>: Gold Standard Diagnostics<\/p>\n","protected":false},"excerpt":{"rendered":"<p>INgene\u00ae q Brucella Typing ROX l\u00e0 b\u1ed9 Kit realtime PCR \u0111\u1ec3 ph\u00e1t hi\u1ec7n v\u00e0 ph\u00e2n lo\u1ea1i DNA c\u1ee7a B. melitensis, B. abortus, B. suis v\u00e0 B. ovis trong c\u00e1c m\u1eabu t\u1eeb L\u1ee3n, Gia s\u00fac, \u0110\u1ed9ng v\u1eadt nhai l\u1ea1i nh\u1ecf, Ng\u1ef1a. X\u00e9t nghi\u1ec7m n\u00e0y \u0111\u01b0\u1ee3c t\u1ed1i \u01b0u h\u00f3a cho b\u1ea5t k\u1ef3 m\u1eabu sinh h\u1ecdc, nu\u00f4i c\u1ea5y [&hellip;]<\/p>\n","protected":false},"featured_media":2959,"comment_status":"open","ping_status":"closed","template":"","meta":[],"_links":{"self":[{"href":"https:\/\/biolabtek.vn\/index.php?rest_route=\/wp\/v2\/product\/2965"}],"collection":[{"href":"https:\/\/biolabtek.vn\/index.php?rest_route=\/wp\/v2\/product"}],"about":[{"href":"https:\/\/biolabtek.vn\/index.php?rest_route=\/wp\/v2\/types\/product"}],"replies":[{"embeddable":true,"href":"https:\/\/biolabtek.vn\/index.php?rest_route=%2Fwp%2Fv2%2Fcomments&post=2965"}],"wp:featuredmedia":[{"embeddable":true,"href":"https:\/\/biolabtek.vn\/index.php?rest_route=\/wp\/v2\/media\/2959"}],"wp:attachment":[{"href":"https:\/\/biolabtek.vn\/index.php?rest_route=%2Fwp%2Fv2%2Fmedia&parent=2965"}],"curies":[{"name":"wp","href":"https:\/\/api.w.org\/{rel}","templated":true}]}}