{"id":2956,"date":"2024-11-12T10:03:55","date_gmt":"2024-11-12T10:03:55","guid":{"rendered":"https:\/\/biolabtek.vn\/?post_type=product&#038;p=2956"},"modified":"2024-11-18T10:17:21","modified_gmt":"2024-11-18T10:17:21","slug":"ingene-q-besnoitia-besnoiti","status":"publish","type":"product","link":"https:\/\/biolabtek.vn\/?product=ingene-q-besnoitia-besnoiti","title":{"rendered":"INgene\u00ae q Besnoitia besnoiti"},"content":{"rendered":"<p>INgene q Besnoitia besnoiti l\u00e0 b\u1ed9 kit PCR real-time \u0111\u1ec3 ph\u00e1t hi\u1ec7n DNA c\u1ee7a B. besnoiti trong c\u00e1c m\u1eabu l\u1ea5y t\u1eeb gia s\u00fac.<\/p>\n<p>X\u00e9t nghi\u1ec7m n\u00e0y \u0111\u01b0\u1ee3c t\u1ed1i \u01b0u h\u00f3a cho c\u00e1c m\u1eabu m\u00e1u\/huy\u1ebft thanh, d\u1ecbch ti\u1ebft k\u1ebft m\u1ea1c\/\u00e2m \u0111\u1ea1o, d\u1ecbch ti\u1ebft bao quy \u0111\u1ea7u\/t\u1eed cung, tinh d\u1ecbch, m\u00f4 v\u00e0 c\u01a1 quan bao g\u1ed3m m\u1eaft, da, sinh thi\u1ebft, t\u1eed cung v\u00e0 c\u00e1c d\u00f2ng ch\u1ee7ng\/v\u1eafc-xin<\/p>\n<p>B\u1ed9 kit ph\u00e1t hi\u1ec7n DNA t\u00e1c nh\u00e2n g\u00e2y b\u1ec7nh tr\u00ean k\u00eanh FAM v\u00e0 \u0110\u1ed1i ch\u1ee9ng N\u1ed9i sinh (HEX\/VIC) cho ph\u00e9p ph\u00e1t hi\u1ec7n c\u00e1c k\u1ebft qu\u1ea3 \u00e2m t\u00ednh gi\u1ea3 do t\u00e1ch chi\u1ebft k\u00e9m v\u00e0\/ho\u1eb7c \u1ee9c ch\u1ebf PCR.<\/p>\n<p>Nh\u1eefng l\u1ee3i \u00edch ch\u00ednh c\u1ee7a x\u00e9t nghi\u1ec7m:<br \/>\n\u2013 D\u1ec5 s\u1eed d\u1ee5ng, th\u1eddi gian chu\u1ea9n b\u1ecb t\u1ed1i thi\u1ec3u<br \/>\n\u2013 Quy tr\u00ecnh nhi\u1ec7t h\u00e0i h\u00f2a ph\u00f9 h\u1ee3p v\u1edbi h\u1ea7u h\u1ebft c\u00e1c b\u1ed9 kit INgene\u00ae q<br \/>\n\u2013 T\u01b0\u01a1ng th\u00edch r\u1ed9ng r\u00e3i v\u1edbi c\u00e1c thi\u1ebft b\u1ecb PCR hi\u1ec7n c\u00f3<br \/>\n\u2013 T\u00f9y ch\u1ecdn \u0111\u1ecbnh l\u01b0\u1ee3ng v\u1edbi \u0111\u1ed1i ch\u1ee9ng d\u01b0\u01a1ng t\u00ednh<br \/>\n\u2013 \u0110\u00e3 \u0111\u01b0\u1ee3c ki\u1ec3m nghi\u1ec7m v\u1edbi m\u1eabu l\u00e2m s\u00e0ng<br \/>\n\u2013 Th\u1eddi h\u1ea1n b\u1ea3o qu\u1ea3n d\u00e0i: 18 th\u00e1ng<br \/>\n\u2013 \u0110\u1ecbnh d\u1ea1ng 100 ph\u1ea3n \u1ee9ng<\/p>\n<p>Code: R.12.BES.K.5\/100<\/p>\n<p><strong>H\u00e3ng<\/strong>: Gold Standard Diagnostics<\/p>\n","protected":false},"excerpt":{"rendered":"<p>INgene q Besnoitia besnoiti l\u00e0 b\u1ed9 kit PCR real-time \u0111\u1ec3 ph\u00e1t hi\u1ec7n DNA c\u1ee7a B. besnoiti trong c\u00e1c m\u1eabu l\u1ea5y t\u1eeb gia s\u00fac. X\u00e9t nghi\u1ec7m n\u00e0y \u0111\u01b0\u1ee3c t\u1ed1i \u01b0u h\u00f3a cho c\u00e1c m\u1eabu m\u00e1u\/huy\u1ebft thanh, d\u1ecbch ti\u1ebft k\u1ebft m\u1ea1c\/\u00e2m \u0111\u1ea1o, d\u1ecbch ti\u1ebft bao quy \u0111\u1ea7u\/t\u1eed cung, tinh d\u1ecbch, m\u00f4 v\u00e0 c\u01a1 quan bao g\u1ed3m m\u1eaft, [&hellip;]<\/p>\n","protected":false},"featured_media":2432,"comment_status":"open","ping_status":"closed","template":"","meta":[],"_links":{"self":[{"href":"https:\/\/biolabtek.vn\/index.php?rest_route=\/wp\/v2\/product\/2956"}],"collection":[{"href":"https:\/\/biolabtek.vn\/index.php?rest_route=\/wp\/v2\/product"}],"about":[{"href":"https:\/\/biolabtek.vn\/index.php?rest_route=\/wp\/v2\/types\/product"}],"replies":[{"embeddable":true,"href":"https:\/\/biolabtek.vn\/index.php?rest_route=%2Fwp%2Fv2%2Fcomments&post=2956"}],"wp:featuredmedia":[{"embeddable":true,"href":"https:\/\/biolabtek.vn\/index.php?rest_route=\/wp\/v2\/media\/2432"}],"wp:attachment":[{"href":"https:\/\/biolabtek.vn\/index.php?rest_route=%2Fwp%2Fv2%2Fmedia&parent=2956"}],"curies":[{"name":"wp","href":"https:\/\/api.w.org\/{rel}","templated":true}]}}