{"id":2952,"date":"2024-11-12T09:42:18","date_gmt":"2024-11-12T09:42:18","guid":{"rendered":"https:\/\/biolabtek.vn\/?post_type=product&#038;p=2952"},"modified":"2024-11-28T03:00:02","modified_gmt":"2024-11-28T03:00:02","slug":"ingene-q-anaplasma-spp","status":"publish","type":"product","link":"https:\/\/biolabtek.vn\/?product=ingene-q-anaplasma-spp","title":{"rendered":"INgene q Anaplasma spp."},"content":{"rendered":"<p>INgene q Anaplasma spp. l\u00e0 b\u1ed9 kit real-time PCR \u0111\u1ec3 ph\u00e1t hi\u1ec7n DNA c\u1ee7a Anaplasma trong c\u00e1c m\u1eabu l\u1ea5y t\u1eeb gia s\u00fac, \u0111\u1ed9ng v\u1eadt nhai l\u1ea1i nh\u1ecf, l\u1ee3n, ch\u00f3, ng\u1ef1a.<\/p>\n<p>X\u00e9t nghi\u1ec7m n\u00e0y \u0111\u01b0\u1ee3c t\u1ed1i \u01b0u h\u00f3a cho c\u00e1c m\u1eabu nh\u01b0 m\u1eabu c\u00e1 th\u1ec3 ho\u1eb7c m\u1eabu g\u1ed9p (t\u1ed1i \u0111a n\u0103m m\u1eabu), bao g\u1ed3m m\u00e1u\/huy\u1ebft thanh, gan, l\u00e1ch, th\u1eadn, ve v\u00e0 c\u00e1c d\u00f2ng\/ch\u1ee7ng v\u1eafc-xin.<\/p>\n<p>T\u00ednh n\u0103ng c\u1ee7a Kit:<br \/>\n\u2013 D\u1ec5 s\u1eed d\u1ee5ng, th\u1eddi gian chu\u1ea9n b\u1ecb t\u1ed1i thi\u1ec3u<br \/>\n\u2013 Quy tr\u00ecnh nhi\u1ec7t h\u00e0i h\u00f2a ph\u00f9 h\u1ee3p v\u1edbi h\u1ea7u h\u1ebft c\u00e1c b\u1ed9 kit INgene\u00ae q<br \/>\n\u2013 T\u01b0\u01a1ng th\u00edch r\u1ed9ng r\u00e3i v\u1edbi c\u00e1c thi\u1ebft b\u1ecb PCR hi\u1ec7n c\u00f3<br \/>\n\u2013 T\u00f9y ch\u1ecdn \u0111\u1ecbnh l\u01b0\u1ee3ng v\u1edbi \u0111\u1ed1i ch\u1ee9ng d\u01b0\u01a1ng t\u00ednh<br \/>\n\u2013 \u0110\u00e3 \u0111\u01b0\u1ee3c ki\u1ec3m nghi\u1ec7m v\u1edbi m\u1eabu l\u00e2m s\u00e0ng<br \/>\n\u2013 Th\u1eddi h\u1ea1n b\u1ea3o qu\u1ea3n d\u00e0i: 18 th\u00e1ng<br \/>\n\u2013 \u0110\u1ecbnh d\u1ea1ng 100 ph\u1ea3n \u1ee9ng<\/p>\n<p>Code:\u00a0<span class=\"fontstyle0\">R.10.ANS.K.5<\/span><\/p>\n<p><strong>H\u00e3ng<\/strong>: Gold Standard Diagnostics<\/p>\n<p>&nbsp;<\/p>\n","protected":false},"excerpt":{"rendered":"<p>INgene q Anaplasma spp. l\u00e0 b\u1ed9 kit real-time PCR \u0111\u1ec3 ph\u00e1t hi\u1ec7n DNA c\u1ee7a Anaplasma trong c\u00e1c m\u1eabu l\u1ea5y t\u1eeb gia s\u00fac, \u0111\u1ed9ng v\u1eadt nhai l\u1ea1i nh\u1ecf, l\u1ee3n, ch\u00f3, ng\u1ef1a. X\u00e9t nghi\u1ec7m n\u00e0y \u0111\u01b0\u1ee3c t\u1ed1i \u01b0u h\u00f3a cho c\u00e1c m\u1eabu nh\u01b0 m\u1eabu c\u00e1 th\u1ec3 ho\u1eb7c m\u1eabu g\u1ed9p (t\u1ed1i \u0111a n\u0103m m\u1eabu), bao g\u1ed3m m\u00e1u\/huy\u1ebft thanh, [&hellip;]<\/p>\n","protected":false},"featured_media":2432,"comment_status":"open","ping_status":"closed","template":"","meta":[],"_links":{"self":[{"href":"https:\/\/biolabtek.vn\/index.php?rest_route=\/wp\/v2\/product\/2952"}],"collection":[{"href":"https:\/\/biolabtek.vn\/index.php?rest_route=\/wp\/v2\/product"}],"about":[{"href":"https:\/\/biolabtek.vn\/index.php?rest_route=\/wp\/v2\/types\/product"}],"replies":[{"embeddable":true,"href":"https:\/\/biolabtek.vn\/index.php?rest_route=%2Fwp%2Fv2%2Fcomments&post=2952"}],"wp:featuredmedia":[{"embeddable":true,"href":"https:\/\/biolabtek.vn\/index.php?rest_route=\/wp\/v2\/media\/2432"}],"wp:attachment":[{"href":"https:\/\/biolabtek.vn\/index.php?rest_route=%2Fwp%2Fv2%2Fmedia&parent=2952"}],"curies":[{"name":"wp","href":"https:\/\/api.w.org\/{rel}","templated":true}]}}