{"id":2945,"date":"2024-09-24T09:23:03","date_gmt":"2024-09-24T09:23:03","guid":{"rendered":"https:\/\/biolabtek.vn\/?post_type=product&#038;p=2945"},"modified":"2024-09-24T09:24:41","modified_gmt":"2024-09-24T09:24:41","slug":"ingezim-prrs-blue-new","status":"publish","type":"product","link":"https:\/\/biolabtek.vn\/?product=ingezim-prrs-blue-new","title":{"rendered":"INgezim PRRS Blue (NEW)"},"content":{"rendered":"<p><strong>H\u00e3ng<\/strong>: Gold Standard Diagnostics<\/p>\n<p><strong>Lo\u1ea1i m\u1eabu<\/strong>: Huy\u1ebft thanh heo<\/p>\n<p><strong>Code<\/strong>: <span class=\"fontstyle0\">11.PR3.K1<\/span>\/2 (B\u1ed9 2 \u0111\u0129a) v\u00e0 <span class=\"fontstyle0\">11.PR3.K1<\/span>\/5 (B\u1ed9 5 \u0111\u0129a)<\/p>\n<p>INgezim PRRS Blue d\u1ef1a tr\u00ean k\u1ef9 thu\u1eadt ELISA gi\u00e1n ti\u1ebfp, ph\u00e1t hi\u1ec7n IgG \u0111\u1eb7c hi\u1ec7u cho c\u1ea3 hai ch\u1ee7ng PRRSV B\u1eafc M\u1ef9 v\u00e0 Ch\u00e2u \u00c2u trong m\u1eabu huy\u1ebft thanh heo.<\/p>\n<p>\u0110\u1ed9 nh\u1ea1y v\u00e0 \u0111\u1ed9 \u0111\u1eb7c hi\u1ec7u \u0111\u01b0\u1ee3c c\u1ea3i thi\u1ec7n so v\u1edbi <em><strong>INgezim PRRS 2.0*<\/strong><\/em><\/p>\n","protected":false},"excerpt":{"rendered":"<p>H\u00e3ng: Gold Standard Diagnostics Lo\u1ea1i m\u1eabu: Huy\u1ebft thanh heo Code: 11.PR3.K1\/2 (B\u1ed9 2 \u0111\u0129a) v\u00e0 11.PR3.K1\/5 (B\u1ed9 5 \u0111\u0129a) INgezim PRRS Blue d\u1ef1a tr\u00ean k\u1ef9 thu\u1eadt ELISA gi\u00e1n ti\u1ebfp, ph\u00e1t hi\u1ec7n IgG \u0111\u1eb7c hi\u1ec7u cho c\u1ea3 hai ch\u1ee7ng PRRSV B\u1eafc M\u1ef9 v\u00e0 Ch\u00e2u \u00c2u trong m\u1eabu huy\u1ebft thanh heo. \u0110\u1ed9 nh\u1ea1y v\u00e0 \u0111\u1ed9 \u0111\u1eb7c hi\u1ec7u [&hellip;]<\/p>\n","protected":false},"featured_media":2946,"comment_status":"open","ping_status":"closed","template":"","meta":[],"_links":{"self":[{"href":"https:\/\/biolabtek.vn\/index.php?rest_route=\/wp\/v2\/product\/2945"}],"collection":[{"href":"https:\/\/biolabtek.vn\/index.php?rest_route=\/wp\/v2\/product"}],"about":[{"href":"https:\/\/biolabtek.vn\/index.php?rest_route=\/wp\/v2\/types\/product"}],"replies":[{"embeddable":true,"href":"https:\/\/biolabtek.vn\/index.php?rest_route=%2Fwp%2Fv2%2Fcomments&post=2945"}],"wp:featuredmedia":[{"embeddable":true,"href":"https:\/\/biolabtek.vn\/index.php?rest_route=\/wp\/v2\/media\/2946"}],"wp:attachment":[{"href":"https:\/\/biolabtek.vn\/index.php?rest_route=%2Fwp%2Fv2%2Fmedia&parent=2945"}],"curies":[{"name":"wp","href":"https:\/\/api.w.org\/{rel}","templated":true}]}}