{"id":2890,"date":"2024-04-03T08:02:13","date_gmt":"2024-04-03T08:02:13","guid":{"rendered":"https:\/\/biolabtek.vn\/?post_type=product&#038;p=2890"},"modified":"2025-03-13T09:06:55","modified_gmt":"2025-03-13T09:06:55","slug":"corning-digital-stirring-hot-plates","status":"publish","type":"product","link":"https:\/\/biolabtek.vn\/?product=corning-digital-stirring-hot-plates","title":{"rendered":"Corning\u00ae Digital Stirring Hot Plates"},"content":{"rendered":"<p><strong>M\u00e1y khu\u1ea5y t\u1eeb gia nhi\u1ec7t Corning\u00a0 &#8211; Corning\u00ae Digital Stirring Hot Plates<\/strong> PC-420D c\u00f3 m\u1eb7t tr\u00ean Pyroceram\u00ae 5 x 7 (12,7 x 17,8cm) v\u00e0 m\u00e0n h\u00ecnh k\u1ef9 thu\u1eadt s\u1ed1 c\u0169ng nh\u01b0 nhi\u1ec7t \u0111\u1ed9 v\u00e0 t\u1ed1c \u0111\u1ed9 khu\u1ea5y. \u0110\u01b0\u1ee3c thi\u1ebft k\u1ebf \u0111\u1ec3 ho\u1ea1t \u0111\u1ed9ng \u1edf \u0111i\u1ec7n \u00e1p 120V\/60Hz v\u1edbi ph\u00edch c\u1eafm ba ch\u00e2n ti\u00eau chu\u1ea9n c\u1ee7a Hoa K\u1ef3 \u0111\u1ec3 s\u1eed d\u1ee5ng \u1edf B\u1eafc M\u1ef9 v\u00e0 c\u00e1c khu v\u1ef1c kh\u00e1c c\u00f3 y\u00eau c\u1ea7u v\u1ec1 \u0111i\u1ec7n t\u01b0\u01a1ng t\u1ef1.<\/p>\n<p><strong>T\u00ednh n\u0103ng n\u1ed5i b\u1eadt:<\/strong><\/p>\n<ul>\n<li>B\u1ea3o h\u00e0nh 2 n\u0103m<br \/>\nUL v\u00e0 cUL \u0111\u00e3 \u0111\u01b0\u1ee3c ph\u00ea duy\u1ec7t<\/li>\n<li>B\u1ed9 vi x\u1eed l\u00fd duy tr\u00ec c\u00e1c c\u00e0i \u0111\u1eb7t nhi\u1ec7t \u0111\u1ed9 nh\u1ea5t qu\u00e1n v\u00e0 c\u00f3 th\u1ec3 l\u1eb7p l\u1ea1i t\u1eeb 5\u00b0C (n\u1ebfu nhi\u1ec7t \u0111\u1ed9 m\u00f4i tr\u01b0\u1eddng xung quanh l\u00e0 0\u00b0C ho\u1eb7c th\u1ea5p h\u01a1n) cho \u0111\u1ebfn 550\u00b0C.<\/li>\n<li>M\u00e0n h\u00ecnh hi\u1ec3n th\u1ecb nhi\u1ec7t \u0111\u1ed9 LED k\u1ef9 thu\u1eadt s\u1ed1 c\u00f3 th\u1ec3 \u0111i\u1ec1u ch\u1ec9nh theo m\u1ee9c t\u0103ng 5\u00b0C v\u00e0 nh\u1ea5p nh\u00e1y cho \u0111\u1ebfn khi \u0111\u1ea1t \u0111\u1ebfn nhi\u1ec7t \u0111\u1ed9 c\u00e0i \u0111\u1eb7t.<\/li>\n<li>B\u1ed9 \u0111i\u1ec1u khi\u1ec3n nhi\u1ec7t \u0111\u1ed9 b\u00ean ngo\u00e0i t\u00f9y ch\u1ecdn (M\u00e3 h\u00e0ng 6795PR) th\u1ef1c s\u1ef1 ki\u1ec3m so\u00e1t nhi\u1ec7t \u0111\u1ed9 b\u00ean trong b\u00ecnh.<\/li>\n<li>PC-420D c\u0169ng c\u00f3 s\u1eb5n b\u1ed9 s\u1ea3n ph\u1ea9m c\u00f3 b\u1ed9 \u0111i\u1ec1u khi\u1ec3n nhi\u1ec7t \u0111\u1ed9 v\u00e0 c\u00e1c ph\u1ee5 ki\u1ec7n kh\u00e1c. Xem M\u00e8o. S\u1ed1 6795-420KIT.<\/li>\n<li>B\u1ed9 gi\u00e1m s\u00e1t \u0111i\u1ec1u khi\u1ec3n khu\u1ea5y v\u00f2ng k\u00edn \u0111\u1ed9c quy\u1ec1n v\u00e0 \u0111i\u1ec1u ch\u1ec9nh t\u1ed1c \u0111\u1ed9 khu\u1ea5y t\u1eeb 60-1150 v\u00f2ng\/ph\u00fat \u0111\u1ed1i v\u1edbi c\u00e1c dung d\u1ecbch n\u01b0\u1edbc, nh\u1edbt ho\u1eb7c b\u00e1n r\u1eafn.<\/li>\n<li>Nam ch\u00e2m m\u1ea1nh h\u01a1n, l\u1edbn h\u01a1n c\u1ea3i thi\u1ec7n kh\u1ea3 n\u0103ng gh\u00e9p n\u1ed1i c\u1ee7a thanh khu\u1ea5y k\u1ebft h\u1ee3p v\u1edbi kh\u1ea3 n\u0103ng \u0111i\u1ec1u ch\u1ec9nh t\u1ed1c \u0111\u1ed9 t\u0103ng t\u1ed1c t\u1ef1 \u0111\u1ed9ng gi\u00fap gi\u1ea3m thi\u1ec3u vi\u1ec7c t\u00e1ch r\u1eddi.<\/li>\n<\/ul>\n<p><strong>Th\u00f4ng s\u1ed1 k\u1ef9 thu\u1eadt:<\/strong><\/p>\n<table class=\"info-table\">\n<tbody>\n<tr>\n<td class=\"info-table--label\">Product Number<\/td>\n<td class=\"info-table--data\">\u00a0\u00a06795-420D<\/td>\n<\/tr>\n<tr>\n<td class=\"info-table--label\">Qty.\/Pk<\/td>\n<td class=\"info-table--data\">\u00a0 1\u00a0\/ Pk<\/td>\n<\/tr>\n<tr>\n<td class=\"info-table--label\">Qty.\/Cs<\/td>\n<td class=\"info-table--data\">\u00a0 1\u00a0\/ Cs<\/td>\n<\/tr>\n<tr>\n<td class=\"info-table--label\">Brand<\/td>\n<td class=\"info-table--data\">\u00a0 Corning\u00ae<\/td>\n<\/tr>\n<tr>\n<td class=\"info-table--label\">Number of Stirring Positions<\/td>\n<td class=\"info-table--data\">\u00a0 1<\/td>\n<\/tr>\n<tr>\n<td class=\"info-table--label\">Top Size<\/td>\n<td class=\"info-table--data\">\u00a0 4.25 x 7.75 x 11 inches<\/td>\n<\/tr>\n<tr>\n<td class=\"info-table--label\">Power<\/td>\n<td class=\"info-table--data\">\u00a0 120V, 60Hz<\/td>\n<\/tr>\n<tr>\n<td class=\"info-table--label\">Amperage<\/td>\n<td class=\"info-table--data\">\u00a0 5.9<\/td>\n<\/tr>\n<tr>\n<td class=\"info-table--label\">Watts<\/td>\n<td class=\"info-table--data\">\u00a0 698<\/td>\n<\/tr>\n<tr>\n<td class=\"info-table--label\"><strong>Stir Range<\/strong><\/td>\n<td class=\"info-table--data\">\u00a0 <strong>60 &#8211; 1150\u00a0rpm \u00a0<\/strong><\/td>\n<\/tr>\n<tr>\n<td class=\"info-table--label\">Temperature Range<\/td>\n<td class=\"info-table--data\">\u00a0 5 to 550\u00b0 C (41 to 1022\u00b0F)<\/td>\n<\/tr>\n<\/tbody>\n<\/table>\n<p>&nbsp;<\/p>\n<p>Link tham kh\u1ea3o chi ti\u1ebft:\u00a0<a href=\"https:\/\/ecatalog.corning.com\/life-sciences\/b2c\/US\/en\/Equipment\/Constant-Temperature-Equipment\/Digital-Hot-Plates\/Corning%C2%AE-Digital-Stirring-Hot-Plates\/p\/6795-420D\">https:\/\/ecatalog.corning.com\/life-sciences\/b2c\/US\/en\/Equipment\/Constant-Temperature-Equipment\/Digital-Hot-Plates\/Corning%C2%AE-Digital-Stirring-Hot-Plates\/p\/6795-420D<\/a><\/p>\n","protected":false},"excerpt":{"rendered":"<p>M\u00e1y khu\u1ea5y t\u1eeb gia nhi\u1ec7t Corning\u00a0 &#8211; Corning\u00ae Digital Stirring Hot Plates PC-420D c\u00f3 m\u1eb7t tr\u00ean Pyroceram\u00ae 5 x 7 (12,7 x 17,8cm) v\u00e0 m\u00e0n h\u00ecnh k\u1ef9 thu\u1eadt s\u1ed1 c\u0169ng nh\u01b0 nhi\u1ec7t \u0111\u1ed9 v\u00e0 t\u1ed1c \u0111\u1ed9 khu\u1ea5y. \u0110\u01b0\u1ee3c thi\u1ebft k\u1ebf \u0111\u1ec3 ho\u1ea1t \u0111\u1ed9ng \u1edf \u0111i\u1ec7n \u00e1p 120V\/60Hz v\u1edbi ph\u00edch c\u1eafm ba ch\u00e2n ti\u00eau chu\u1ea9n c\u1ee7a [&hellip;]<\/p>\n","protected":false},"featured_media":2892,"comment_status":"open","ping_status":"closed","template":"","meta":[],"_links":{"self":[{"href":"https:\/\/biolabtek.vn\/index.php?rest_route=\/wp\/v2\/product\/2890"}],"collection":[{"href":"https:\/\/biolabtek.vn\/index.php?rest_route=\/wp\/v2\/product"}],"about":[{"href":"https:\/\/biolabtek.vn\/index.php?rest_route=\/wp\/v2\/types\/product"}],"replies":[{"embeddable":true,"href":"https:\/\/biolabtek.vn\/index.php?rest_route=%2Fwp%2Fv2%2Fcomments&post=2890"}],"wp:featuredmedia":[{"embeddable":true,"href":"https:\/\/biolabtek.vn\/index.php?rest_route=\/wp\/v2\/media\/2892"}],"wp:attachment":[{"href":"https:\/\/biolabtek.vn\/index.php?rest_route=%2Fwp%2Fv2%2Fmedia&parent=2890"}],"curies":[{"name":"wp","href":"https:\/\/api.w.org\/{rel}","templated":true}]}}