{"id":2888,"date":"2024-03-28T02:04:16","date_gmt":"2024-03-28T02:04:16","guid":{"rendered":"https:\/\/biolabtek.vn\/?post_type=product&#038;p=2888"},"modified":"2024-03-28T02:04:16","modified_gmt":"2024-03-28T02:04:16","slug":"gsd-absorbance-96-elisa-reader","status":"publish","type":"product","link":"https:\/\/biolabtek.vn\/?product=gsd-absorbance-96-elisa-reader","title":{"rendered":"GSD Absorbance 96 ELISA Reader"},"content":{"rendered":"<p><strong>\u0110\u1eb7c t\u00ednh k\u1ef9 thu\u1eadt:<\/strong><\/p>\n<ul>\n<li>Ph\u01b0\u01a1ng ph\u00e1p ph\u00e1t hi\u1ec7n: \u0110\u1ed9 h\u1ea5p th\u1ee5<\/li>\n<li>Ch\u1ebf \u0111\u1ed9 ph\u00e1t hi\u1ec7n: \u0110i\u1ec3m cu\u1ed1i, \u0111\u1ed9ng h\u1ecdc<\/li>\n<li>C\u00e1c lo\u1ea1i t\u1ea5m vi m\u00f4: \u0110\u0129a microplates 96 gi\u1ebfng<\/li>\n<li>Ngu\u1ed3n s\u00e1ng: L\u00ean \u0111\u1ebfn 4 \u0111\u00e8n LED<\/li>\n<li>M\u00e1y d\u00f2: 96 Diode quang<\/li>\n<li>L\u1ef1a ch\u1ecdn b\u01b0\u1edbc s\u00f3ng: C\u00e1c b\u01b0\u1edbc s\u00f3ng k\u1ebft h\u1ee3p v\u1edbi nhau v\u00ed d\u1ee5 nh\u01b0 (FWHM 10 nm): 450, 492, 562, 620 nm \/ 405, 450, 540, 630 nm \/ 492, 562, 605, 650 nm. C\u00f3 th\u1ec3 k\u1ebft h\u1ee3p c\u00e1c filter kh\u00e1c trong ph\u1ea1m vi 400\u20131000 nm.<\/li>\n<li>Ph\u1ea1m vi quang h\u1ecdc: 0,0\u20134,0 OD<\/li>\n<li>\u0110\u1ed9 tuy\u1ebfn t\u00ednh: 405 nm: \u2264 1.5 % t\u1eeb 0.0\u20132.0 OD; \u2264 3.0 % t\u1eeb 2.0\u20133.0 OD \u2265 450 nm: \u2264 1.0 % t\u1eeb 0.0\u20132.0 OD; \u2264 1.5 % t\u1eeb 2.0\u20133.0 OD<\/li>\n<li>\u0110\u1ed9 ch\u00ednh x\u00e1c: 405nm: \u2264 1.5 % + 0.010 OD t\u1eeb 0.0\u20132.0 OD; \u2264 3.0 % +\u00a00.010 OD t\u1eeb 2.0\u20133.0 OD \u2265 450 nm: \u2264 1.0 % + 0.010 OD t\u1eeb 0.0\u20132.0 OD; \u2264 1.5 % + 0.010 OD t\u1eeb 2.0\u20133.0 OD.<\/li>\n<li>\u0110\u1ed9 t\u00e1i l\u1eadp: \u2264 0.5 % + 0.005 OD t\u1eeb 0.0\u20132.0 OD; \u2264 1 % + 0.010 OD t\u1eeb 2.0\u20133.0 OD<\/li>\n<li>\u0110\u1ed9 ph\u00e2n gi\u1ea3i: 0,001 OD<\/li>\n<li>Th\u1eddi gian \u0111o\u0323c: Gi\u1ea3m xu\u1ed1ng c\u00f2n 3 gi\u00e2y \u1edf b\u01b0\u1edbc s\u00f3ng \u0111\u01a1n.<\/li>\n<li>D\u1eef li\u1ec7u \u0111\u1ea7u ra: Giao di\u1ec7n USB 2.0 v\u1edbi PC<\/li>\n<li>K\u00edch th\u01b0\u1edbc: 9,6 x 15,4 x 5,5 cm (R x D x H)<\/li>\n<li>C\u00e2n n\u1eb7ng: 900 g<\/li>\n<li>Ngu\u1ed3n c\u1ea5p: K\u1ebft n\u1ed1i USB 5V<\/li>\n<li>Ti\u00eau th\u1ee5 \u0111i\u1ec7n n\u0103ng: 2,5 Watt<\/li>\n<li>C\u00e1c h\u1ec7 \u0111i\u1ec1u h\u00e0nh: Microsoft Windows, macOS<\/li>\n<li>Ch\u1ebf \u0111\u1ed9 \u0111o: \u0110i\u1ec3m cu\u1ed1i, \u0111\u1ed9ng h\u1ecdc<\/li>\n<li>Ph\u01b0\u01a1ng ph\u00e1p \u0111\u00e1nh gi\u00e1: \u0110\u1ecbnh t\u00ednh \u0111\u1ecbnh l\u01b0\u1ee3ng<\/li>\n<li>Ph\u01b0\u01a1ng ph\u00e1p h\u1ed3i quy: \u0110i\u1ec3m-\u0111i\u1ec3m, Tuy\u1ebfn t\u00ednh, Logistic b\u1ed1n tham s\u1ed1 (4PL), Logistic n\u0103m tham s\u1ed1 (5PL)<\/li>\n<li>\u0110\u1ecbnh d\u1ea1ng xu\u1ea5t: PDF, CSV<\/li>\n<li>Cung c\u1ea5p g\u1ed3m:<\/li>\n<\/ul>\n<p>+\u00a0 M\u00e1y ch\u00ednh v\u00e0 ph\u1ee5 ki\u1ec7n ti\u00eau chu\u1ea9n.<\/p>\n<p>TH\u00d4NG TIN \u0110\u1eb6T H\u00c0NG:<\/p>\n<ul>\n<li><strong>GSD ABSORBANCE 96 ELISA READER<\/strong><\/li>\n<li>Model: EIAREAD002<\/li>\n<li>NSX: Gold Standard Diagnostics \u2013 M\u1ef9<\/li>\n<\/ul>\n","protected":false},"excerpt":{"rendered":"<p>&nbsp;<\/p>\n<ul>\n<li><strong>GSD Absorbance 96 ELISA Reader<\/strong> l\u00e0 m\u00e1y \u0111\u1ecdc \u0111\u0129a ELISA gi\u00fap gi\u1ea3n h\u00f3a quy tr\u00ecnh l\u00e0m vi\u1ec7c trong ph\u00f2ng th\u00ed nghi\u1ec7m.<\/li>\n<li>K\u00edch th\u01b0\u1edbc nh\u1ecf c\u1ee7a \u0111\u1ea7u \u0111\u1ecdc, k\u1ebft h\u1ee3p v\u1edbi thi\u1ebft k\u1ebf m\u1edf \u0111\u1ed9c \u0111\u00e1o. K\u1ebft n\u1ed1i USB \u0111\u01a1n gi\u1ea3n cung c\u1ea5p c\u1ea3 ngu\u1ed3n \u0111i\u1ec7n v\u00e0 kh\u1ea3 n\u0103ng truy c\u1eadp v\u00e0o ph\u1ea7n m\u1ec1m ph\u00e2n t\u00edch th\u00f4ng qua plug-and-play.<\/li>\n<li>\u0110\u1ed9 b\u1ec1n cao v\u1edbi di\u1ec7n t\u00edch nh\u1ecf g\u1ecdn, v\u1eadn chuy\u1ec3n d\u1ec5 d\u00e0ng v\u00e0 linh ho\u1ea1t.<\/li>\n<li>\u0110o quang c\u1ef1c nhanh, mang l\u1ea1i k\u1ebft qu\u1ea3 ch\u00ednh x\u00e1c.<\/li>\n<li>Nh\u1ecf h\u01a1n 7 l\u1ea7n so v\u1edbi \u0111\u1ea7u \u0111\u1ecdc nh\u1ecf nh\u1ea5t c\u00f3 th\u1ec3 so s\u00e1nh \u0111\u01b0\u1ee3c tr\u00ean th\u1ecb tr\u01b0\u1eddng, kh\u00f4ng c\u1ea7n b\u1ea3o tr\u00ec.<\/li>\n<li>Kh\u00f4ng m\u1ea5t ph\u00ed b\u1ea3n quy\u1ec1n khi s\u1eed d\u1ee5ng ph\u1ea7n m\u1ec1m.<\/li>\n<\/ul>\n<p>&nbsp;<\/p>\n","protected":false},"featured_media":2889,"comment_status":"open","ping_status":"closed","template":"","meta":[],"_links":{"self":[{"href":"https:\/\/biolabtek.vn\/index.php?rest_route=\/wp\/v2\/product\/2888"}],"collection":[{"href":"https:\/\/biolabtek.vn\/index.php?rest_route=\/wp\/v2\/product"}],"about":[{"href":"https:\/\/biolabtek.vn\/index.php?rest_route=\/wp\/v2\/types\/product"}],"replies":[{"embeddable":true,"href":"https:\/\/biolabtek.vn\/index.php?rest_route=%2Fwp%2Fv2%2Fcomments&post=2888"}],"wp:featuredmedia":[{"embeddable":true,"href":"https:\/\/biolabtek.vn\/index.php?rest_route=\/wp\/v2\/media\/2889"}],"wp:attachment":[{"href":"https:\/\/biolabtek.vn\/index.php?rest_route=%2Fwp%2Fv2%2Fmedia&parent=2888"}],"curies":[{"name":"wp","href":"https:\/\/api.w.org\/{rel}","templated":true}]}}