{"id":2878,"date":"2024-01-11T02:47:16","date_gmt":"2024-01-11T02:47:16","guid":{"rendered":"https:\/\/biolabtek.vn\/?post_type=product&#038;p=2878"},"modified":"2024-11-19T07:24:27","modified_gmt":"2024-11-19T07:24:27","slug":"pcr-kits-for-swine-ingene-q-mycoplasma-suis","status":"publish","type":"product","link":"https:\/\/biolabtek.vn\/?product=pcr-kits-for-swine-ingene-q-mycoplasma-suis","title":{"rendered":"PCR KITS FOR SWINE &#8211; INgene q Mycoplasma suis"},"content":{"rendered":"<p>INgene q Mycoplasma suis l\u00e0 b\u1ed9 kit realtime PCR ph\u00f9 h\u1ee3p \u0111\u1ec3 ph\u00e1t hi\u1ec7n v\u00e0\/ho\u1eb7c \u0111\u1ecbnh l\u01b0\u1ee3ng DNA Mycoplasma suis (M. suis) trong c\u00e1c m\u1eabu sinh h\u1ecdc l\u00e2m s\u00e0ng t\u1eeb L\u1ee3n, c\u00f3 \u0111\u1ed9 nh\u1ea1y v\u00e0 \u0111\u1ed9 \u0111\u1eb7c hi\u1ec7u cao.<\/p>\n<p>X\u00e9t nghi\u1ec7m ph\u00f9 h\u1ee3p v\u1edbi c\u00e1c lo\u1ea1i m\u1eabu sau: m\u1eabu ri\u00eang l\u1ebb ho\u1eb7c m\u1eabu g\u1ed9p (t\u1ed1i \u0111a n\u0103m m\u1eabu) ch\u1eb3ng h\u1ea1n nh\u01b0 m\u00e1u\/huy\u1ebft thanh, gan, l\u00e1 l\u00e1ch v\u00e0 ch\u1ee7ng\/v\u1eafc-xin.<\/p>\n<p>Code: 11.PC3.K.5<\/p>\n<p>T\u00ednh n\u0103ng c\u1ee7a Kit:<br \/>\n\u2013 D\u1ec5 s\u1eed d\u1ee5ng, th\u1eddi gian chu\u1ea9n b\u1ecb t\u1ed1i thi\u1ec3u<br \/>\n\u2013 Quy tr\u00ecnh nhi\u1ec7t h\u00e0i h\u00f2a ph\u00f9 h\u1ee3p v\u1edbi h\u1ea7u h\u1ebft c\u00e1c b\u1ed9 kit INgene\u00ae q<br \/>\n\u2013 T\u01b0\u01a1ng th\u00edch r\u1ed9ng r\u00e3i v\u1edbi c\u00e1c thi\u1ebft b\u1ecb PCR hi\u1ec7n c\u00f3<br \/>\n\u2013 T\u00f9y ch\u1ecdn \u0111\u1ecbnh l\u01b0\u1ee3ng v\u1edbi \u0111\u1ed1i ch\u1ee9ng d\u01b0\u01a1ng t\u00ednh<br \/>\n\u2013 \u0110\u00e3 \u0111\u01b0\u1ee3c ki\u1ec3m nghi\u1ec7m v\u1edbi m\u1eabu l\u00e2m s\u00e0ng<br \/>\n\u2013 Th\u1eddi h\u1ea1n b\u1ea3o qu\u1ea3n d\u00e0i: 18 th\u00e1ng<br \/>\n\u2013 \u0110\u00f3ng g\u00f3i: 50 reactions, 100 reactions<\/p>\n<p><strong>H\u00e3ng<\/strong>: Gold Standard Diagnostics<\/p>\n","protected":false},"excerpt":{"rendered":"<p>INgene q Mycoplasma suis l\u00e0 b\u1ed9 kit realtime PCR ph\u00f9 h\u1ee3p \u0111\u1ec3 ph\u00e1t hi\u1ec7n v\u00e0\/ho\u1eb7c \u0111\u1ecbnh l\u01b0\u1ee3ng DNA Mycoplasma suis (M. suis) trong c\u00e1c m\u1eabu sinh h\u1ecdc l\u00e2m s\u00e0ng t\u1eeb L\u1ee3n, c\u00f3 \u0111\u1ed9 nh\u1ea1y v\u00e0 \u0111\u1ed9 \u0111\u1eb7c hi\u1ec7u cao. X\u00e9t nghi\u1ec7m ph\u00f9 h\u1ee3p v\u1edbi c\u00e1c lo\u1ea1i m\u1eabu sau: m\u1eabu ri\u00eang l\u1ebb ho\u1eb7c m\u1eabu g\u1ed9p (t\u1ed1i [&hellip;]<\/p>\n","protected":false},"featured_media":2432,"comment_status":"open","ping_status":"closed","template":"","meta":[],"_links":{"self":[{"href":"https:\/\/biolabtek.vn\/index.php?rest_route=\/wp\/v2\/product\/2878"}],"collection":[{"href":"https:\/\/biolabtek.vn\/index.php?rest_route=\/wp\/v2\/product"}],"about":[{"href":"https:\/\/biolabtek.vn\/index.php?rest_route=\/wp\/v2\/types\/product"}],"replies":[{"embeddable":true,"href":"https:\/\/biolabtek.vn\/index.php?rest_route=%2Fwp%2Fv2%2Fcomments&post=2878"}],"wp:featuredmedia":[{"embeddable":true,"href":"https:\/\/biolabtek.vn\/index.php?rest_route=\/wp\/v2\/media\/2432"}],"wp:attachment":[{"href":"https:\/\/biolabtek.vn\/index.php?rest_route=%2Fwp%2Fv2%2Fmedia&parent=2878"}],"curies":[{"name":"wp","href":"https:\/\/api.w.org\/{rel}","templated":true}]}}