{"id":2740,"date":"2023-05-09T04:58:06","date_gmt":"2023-05-09T04:58:06","guid":{"rendered":"https:\/\/biolabtek.vn\/?post_type=product&#038;p=2740"},"modified":"2023-05-24T07:50:27","modified_gmt":"2023-05-24T07:50:27","slug":"corning-lse-6-liter-digital-water-bath","status":"publish","type":"product","link":"https:\/\/biolabtek.vn\/?product=corning-lse-6-liter-digital-water-bath","title":{"rendered":"Corning\u00ae LSE\u2122 6 Liter Digital Water Bath"},"content":{"rendered":"<p><strong>B\u1ec3 \u0111i\u1ec1u nhi\u1ec7t Corning\u00ae LSE\u2122 6 L\u00edt Corning<\/strong>\u00a0\u0111\u01b0\u1ee3c ch\u1ebf t\u1ea1o t\u1eeb th\u00e9p kh\u00f4ng g\u1ec9 ch\u1ed1ng \u0103n m\u00f2n v\u00e0 c\u00f3 th\u1ec3 ch\u1ee9a t\u1edbi 6 l\u00edt n\u01b0\u1edbc ho\u1eb7c c\u00f3 th\u1ec3 d\u00f9ng nh\u01b0 m\u1ed9t b\u1ed3n t\u1eafm kh\u00f4 khi s\u1eed d\u1ee5ng c\u00e1c h\u1ea1t nhi\u1ec7t.<\/p>\n<p><strong>T\u00ednh n\u0103ng n\u1ed5i b\u1eadt:<\/strong><\/p>\n<ul>\n<li>Thi\u1ebft k\u1ebf nh\u1ecf g\u1ecdn<\/li>\n<li>V\u1ecf th\u00e9p kh\u00f4ng g\u1ec9 \u0111\u1ec3 gi\u1eef nhi\u1ec7t v\u00e0 gi\u1ea3m thi\u1ec3u s\u1ef1 bay h\u01a1i<\/li>\n<li>M\u00e1y s\u01b0\u1edfi 500W m\u1ea1nh m\u1ebd \u0111\u01b0\u1ee3c l\u1eadp tr\u00ecnh b\u1eb1ng b\u1ed9 \u0111i\u1ec1u khi\u1ec3n k\u1ef9 thu\u1eadt s\u1ed1 LED<\/li>\n<li>Ki\u1ec3m so\u00e1t nhi\u1ec7t \u0111\u1ed9 ch\u00ednh x\u00e1c b\u1eb1ng b\u1ed9 \u0111i\u1ec1u nhi\u1ec7t th\u1ee7y l\u1ef1c.<\/li>\n<\/ul>\n<p><strong>Th\u00f4ng s\u1ed1 k\u1ef9 thu\u1eadt:<\/strong><\/p>\n<p><img decoding=\"async\" loading=\"lazy\" class=\"aligncenter size-full wp-image-2786\" src=\"https:\/\/biolabtek.vn\/wp-content\/uploads\/2023\/05\/Corning\u00ae-LSE\u2122-6-Liter-Digital-Water-Bath-1.jpg\" alt=\"\" width=\"895\" height=\"349\" srcset=\"https:\/\/biolabtek.vn\/wp-content\/uploads\/2023\/05\/Corning\u00ae-LSE\u2122-6-Liter-Digital-Water-Bath-1.jpg 895w, https:\/\/biolabtek.vn\/wp-content\/uploads\/2023\/05\/Corning\u00ae-LSE\u2122-6-Liter-Digital-Water-Bath-1-800x312.jpg 800w, https:\/\/biolabtek.vn\/wp-content\/uploads\/2023\/05\/Corning\u00ae-LSE\u2122-6-Liter-Digital-Water-Bath-1-768x299.jpg 768w, https:\/\/biolabtek.vn\/wp-content\/uploads\/2023\/05\/Corning\u00ae-LSE\u2122-6-Liter-Digital-Water-Bath-1-600x234.jpg 600w\" sizes=\"(max-width: 895px) 100vw, 895px\" \/><\/p>\n<p><strong>B\u1ea3ng \u0111i\u1ec1u khi\u1ec3n:<\/strong><\/p>\n<p><img decoding=\"async\" loading=\"lazy\" class=\"aligncenter size-full wp-image-2787\" src=\"https:\/\/biolabtek.vn\/wp-content\/uploads\/2023\/05\/Corning\u00ae-LSE\u2122-6-Liter-Digital-Water-Bath-2.jpg\" alt=\"\" width=\"869\" height=\"276\" srcset=\"https:\/\/biolabtek.vn\/wp-content\/uploads\/2023\/05\/Corning\u00ae-LSE\u2122-6-Liter-Digital-Water-Bath-2.jpg 869w, https:\/\/biolabtek.vn\/wp-content\/uploads\/2023\/05\/Corning\u00ae-LSE\u2122-6-Liter-Digital-Water-Bath-2-800x254.jpg 800w, https:\/\/biolabtek.vn\/wp-content\/uploads\/2023\/05\/Corning\u00ae-LSE\u2122-6-Liter-Digital-Water-Bath-2-768x244.jpg 768w, https:\/\/biolabtek.vn\/wp-content\/uploads\/2023\/05\/Corning\u00ae-LSE\u2122-6-Liter-Digital-Water-Bath-2-600x191.jpg 600w\" sizes=\"(max-width: 869px) 100vw, 869px\" \/><\/p>\n<p style=\"text-align: left;\">Xem chi ti\u1ebft s\u1ea3n ph\u1ea9m:\u00a0<a href=\"https:\/\/ecatalog.corning.com\/life-sciences\/b2c\/US\/en\/Equipment\/Constant-Temperature-Equipment\/Digital-Water-Bath\/Corning%C2%AE-LSE%E2%84%A2-6-Liter-Digital-Water-Bath\/p\/corningLSE6LiterDigitalWaterBath\">https:\/\/ecatalog.corning.com\/life-sciences\/b2c\/US\/en\/Equipment\/Constant-Temperature-Equipment\/Digital-Water-Bath\/Corning%C2%AE-LSE%E2%84%A2-6-Liter-Digital-Water-Bath\/p\/corningLSE6LiterDigitalWaterBath<\/a><\/p>\n<p>&nbsp;<\/p>\n","protected":false},"excerpt":{"rendered":"<p>B\u1ec3 \u0111i\u1ec1u nhi\u1ec7t Corning\u00ae LSE\u2122 6 L\u00edt Corning\u00a0\u0111\u01b0\u1ee3c ch\u1ebf t\u1ea1o t\u1eeb th\u00e9p kh\u00f4ng g\u1ec9 ch\u1ed1ng \u0103n m\u00f2n v\u00e0 c\u00f3 th\u1ec3 ch\u1ee9a t\u1edbi 6 l\u00edt n\u01b0\u1edbc ho\u1eb7c c\u00f3 th\u1ec3 d\u00f9ng nh\u01b0 m\u1ed9t b\u1ed3n t\u1eafm kh\u00f4 khi s\u1eed d\u1ee5ng c\u00e1c h\u1ea1t nhi\u1ec7t. T\u00ednh n\u0103ng n\u1ed5i b\u1eadt: Thi\u1ebft k\u1ebf nh\u1ecf g\u1ecdn V\u1ecf th\u00e9p kh\u00f4ng g\u1ec9 \u0111\u1ec3 gi\u1eef nhi\u1ec7t [&hellip;]<\/p>\n","protected":false},"featured_media":2741,"comment_status":"open","ping_status":"closed","template":"","meta":[],"_links":{"self":[{"href":"https:\/\/biolabtek.vn\/index.php?rest_route=\/wp\/v2\/product\/2740"}],"collection":[{"href":"https:\/\/biolabtek.vn\/index.php?rest_route=\/wp\/v2\/product"}],"about":[{"href":"https:\/\/biolabtek.vn\/index.php?rest_route=\/wp\/v2\/types\/product"}],"replies":[{"embeddable":true,"href":"https:\/\/biolabtek.vn\/index.php?rest_route=%2Fwp%2Fv2%2Fcomments&post=2740"}],"wp:featuredmedia":[{"embeddable":true,"href":"https:\/\/biolabtek.vn\/index.php?rest_route=\/wp\/v2\/media\/2741"}],"wp:attachment":[{"href":"https:\/\/biolabtek.vn\/index.php?rest_route=%2Fwp%2Fv2%2Fmedia&parent=2740"}],"curies":[{"name":"wp","href":"https:\/\/api.w.org\/{rel}","templated":true}]}}