{"id":2736,"date":"2023-05-09T03:41:14","date_gmt":"2023-05-09T03:41:14","guid":{"rendered":"https:\/\/biolabtek.vn\/?post_type=product&#038;p=2736"},"modified":"2023-05-24T07:48:45","modified_gmt":"2023-05-24T07:48:45","slug":"corning-bottle-top-dispenser","status":"publish","type":"product","link":"https:\/\/biolabtek.vn\/?product=corning-bottle-top-dispenser","title":{"rendered":"Corning\u00ae Bottle Top Dispenser"},"content":{"rendered":"<p><strong>Corning Bottle Top Dispenser<\/strong> l\u00e0 m\u1ed9t gi\u1ea3i ph\u00e1p ph\u1ed5 bi\u1ebfn \u0111\u1ec3 ph\u00e2n ph\u1ed1i ch\u1ea5t l\u1ecfng h\u1eefu c\u01a1 v\u00e0 v\u00f4 c\u01a1 gi\u00fap pha ch\u1ebf an to\u00e0n v\u00e0 ch\u00ednh x\u00e1c. H\u1ec7 th\u1ed1ng m\u1ea1ch k\u00edn v\u00e0 l\u00e0m s\u1ea1ch kh\u00f4ng kh\u00ed chuy\u00ean d\u1ee5ng \u0111\u1ea3m b\u1ea3o kh\u00f4ng l\u00e0m th\u1ea5t tho\u00e1t thu\u1ed1c th\u1eed trong qu\u00e1 tr\u00ecnh pha ch\u1ebf, c\u0169ng nh\u01b0 khi kh\u00f4ng s\u1eed d\u1ee5ng thi\u1ebft b\u1ecb.<\/p>\n<p>B\u1ed9 ph\u00e2n ph\u1ed1i tr\u00ean c\u00f9ng c\u1ee7a chai \u0111i k\u00e8m v\u1edbi 4 b\u1ed9 \u0111i\u1ec1u h\u1ee3p v\u1edbi c\u00e1c \u0111\u01b0\u1eddng k\u00ednh kh\u00e1c nhau \u0111\u1ec3 s\u1eed d\u1ee5ng ph\u1ed5 bi\u1ebfn v\u1edbi nhi\u1ec1u k\u00edch c\u1ee1 chai. \u1ed0ng h\u00fat k\u00ednh thi\u00ean v\u0103n c\u00f3 th\u1ec3 \u0111\u01b0\u1ee3c \u0111i\u1ec1u ch\u1ec9nh tr\u01a1n tru theo c\u00e1c \u0111\u1ed9 cao kh\u00e1c nhau c\u1ee7a chai. C\u00f4ng c\u1ee5 hi\u1ec7u chu\u1ea9n cho ph\u00e9p hi\u1ec7u chu\u1ea9n d\u1ec5 d\u00e0ng trong ph\u00f2ng th\u00ed nghi\u1ec7m v\u1edbi c\u01a1 ch\u1ebf hi\u1ec7u chu\u1ea9n l\u1ea1i t\u00edch h\u1ee3p \u0111\u1ec3 \u0111\u1ea3m b\u1ea3o kh\u1ea3 n\u0103ng t\u00e1i t\u1ea1o cao nh\u1ea5t trong v\u00f2ng \u0111\u1eddi d\u00e0i c\u1ee7a b\u1ed9 ph\u00e2n ph\u1ed1i.<\/p>\n<p>M\u1ed7i b\u1ed9 ph\u00e2n ph\u1ed1i \u0111\u1ec1u \u0111\u01b0\u1ee3c ki\u1ec3m tra ri\u00eang v\u00e0 \u0111\u01b0\u1ee3c cung c\u1ea5p k\u00e8m theo ch\u1ee9ng ch\u1ec9 hi\u1ec7u su\u1ea5t.<\/p>\n<p>Corning Bottle Top Dispensers ph\u00f9 h\u1ee3p \u0111\u1ec3 s\u1eed d\u1ee5ng v\u1edbi nhi\u1ec1u lo\u1ea1i dung d\u1ecbch h\u00f3a ch\u1ea5t.<\/p>\n<p style=\"text-align: left;\">Xem chi ti\u1ebft s\u1ea3n ph\u1ea9m:\u00a0<a href=\"https:\/\/www.corning.com\/worldwide\/en\/products\/life-sciences\/products\/equipment\/corning-bottle-top-dispenser.html\">https:\/\/www.corning.com\/worldwide\/en\/products\/life-sciences\/products\/equipment\/corning-bottle-top-dispenser.html<\/a><\/p>\n","protected":false},"excerpt":{"rendered":"<p>Corning Bottle Top Dispenser l\u00e0 m\u1ed9t gi\u1ea3i ph\u00e1p ph\u1ed5 bi\u1ebfn \u0111\u1ec3 ph\u00e2n ph\u1ed1i ch\u1ea5t l\u1ecfng h\u1eefu c\u01a1 v\u00e0 v\u00f4 c\u01a1 gi\u00fap pha ch\u1ebf an to\u00e0n v\u00e0 ch\u00ednh x\u00e1c. H\u1ec7 th\u1ed1ng m\u1ea1ch k\u00edn v\u00e0 l\u00e0m s\u1ea1ch kh\u00f4ng kh\u00ed chuy\u00ean d\u1ee5ng \u0111\u1ea3m b\u1ea3o kh\u00f4ng l\u00e0m th\u1ea5t tho\u00e1t thu\u1ed1c th\u1eed trong qu\u00e1 tr\u00ecnh pha ch\u1ebf, c\u0169ng nh\u01b0 khi [&hellip;]<\/p>\n","protected":false},"featured_media":2737,"comment_status":"open","ping_status":"closed","template":"","meta":[],"_links":{"self":[{"href":"https:\/\/biolabtek.vn\/index.php?rest_route=\/wp\/v2\/product\/2736"}],"collection":[{"href":"https:\/\/biolabtek.vn\/index.php?rest_route=\/wp\/v2\/product"}],"about":[{"href":"https:\/\/biolabtek.vn\/index.php?rest_route=\/wp\/v2\/types\/product"}],"replies":[{"embeddable":true,"href":"https:\/\/biolabtek.vn\/index.php?rest_route=%2Fwp%2Fv2%2Fcomments&post=2736"}],"wp:featuredmedia":[{"embeddable":true,"href":"https:\/\/biolabtek.vn\/index.php?rest_route=\/wp\/v2\/media\/2737"}],"wp:attachment":[{"href":"https:\/\/biolabtek.vn\/index.php?rest_route=%2Fwp%2Fv2%2Fmedia&parent=2736"}],"curies":[{"name":"wp","href":"https:\/\/api.w.org\/{rel}","templated":true}]}}