{"id":2732,"date":"2023-05-09T03:28:58","date_gmt":"2023-05-09T03:28:58","guid":{"rendered":"https:\/\/biolabtek.vn\/?post_type=product&#038;p=2732"},"modified":"2023-05-24T07:48:31","modified_gmt":"2023-05-24T07:48:31","slug":"axygen-motopet-pipet-controller","status":"publish","type":"product","link":"https:\/\/biolabtek.vn\/?product=axygen-motopet-pipet-controller","title":{"rendered":"Axygen\u00ae MotoPet\u00ae Pipet Controller"},"content":{"rendered":"<p><strong>Axygen\u00ae MotoPet\u00ae<\/strong> l\u00e0 b\u1ed9 tr\u1ee3 h\u00fat pipet ch\u00ednh x\u00e1c, ch\u1ea1y b\u1eb1ng \u0111\u1ed9ng c\u01a1, c\u00f3 th\u1ec3 s\u1ea1c l\u1ea1i cho c\u00e1c th\u1ec3 t\u00edch t\u1eeb 0,5 mL \u0111\u1ebfn 100 mL. Thi\u1ebft b\u1ecb n\u00e0y c\u00f3 thi\u1ebft k\u1ebf c\u00f4ng th\u00e1i h\u1ecdc v\u00e0 \u0111\u1ed9ng c\u01a1 hi\u1ec7u qu\u1ea3 cao \u0111\u1ec3 h\u00fat v\u00e0 ph\u00e2n ph\u1ed1i nhanh c\u00e1c m\u1eabu c\u00f3 th\u1ec3 t\u00edch l\u1edbn t\u1edbi 100 mL c\u0169ng nh\u01b0 ki\u1ec3m so\u00e1t ho\u00e0n to\u00e0n v\u00e0 ch\u00ednh x\u00e1c trong khi ph\u00e2n ph\u1ed1i th\u1ec3 t\u00edch nh\u1ecf t\u1edbi 0,5 mL. N\u00f3 t\u01b0\u01a1ng th\u00edch v\u1edbi c\u1ea3 pipet th\u1ee7y tinh v\u00e0 nh\u1ef1a.<\/p>\n<p><strong>T\u00ednh n\u0103ng n\u1ed5i b\u1eadt:<\/strong><\/p>\n<ul>\n<li>Tay c\u1ea7m \u0111\u00fac, nh\u1eb9 \u0111\u1ec3 h\u00fat pipet d\u1ec5 d\u00e0ng ngay c\u1ea3 trong th\u1eddi gian d\u00e0i s\u1eed d\u1ee5ng.<\/li>\n<li>C\u00f4ng t\u1eafc d\u1ec5 ti\u1ebfp c\u1eadn cho ph\u00e9p b\u1ea1n ch\u1ecdn ch\u1ebf \u0111\u1ed9 ho\u1ea1t \u0111\u1ed9ng t\u1ed1i \u01b0u t\u00f9y thu\u1ed9c v\u00e0o th\u1ec3 t\u00edch v\u00e0 \u0111\u1ed9 nh\u1edbt c\u1ee7a m\u1eabu.<\/li>\n<li>B\u1ed9 l\u1ecdc PTFE ng\u0103n ch\u1ea5t l\u1ecfng x\u00e2m nh\u1eadp v\u00e0o thi\u1ebft b\u1ecb v\u00e0 b\u1ea3o v\u1ec7 c\u00e1c m\u1eabu kh\u1ecfi b\u1ecb nhi\u1ec5m ch\u00e9o.<\/li>\n<li>M\u00e0n h\u00ecnh k\u1ef9 thu\u1eadt s\u1ed1 cung c\u1ea5p d\u1ea5u hi\u1ec7u tr\u1ef1c quan v\u1ec1 t\u00ecnh tr\u1ea1ng pin, t\u1ed1c \u0111\u1ed9 \u0111\u1ed9ng c\u01a1 v\u00e0 ch\u1ee9c n\u0103ng v\u1eadn h\u00e0nh.<\/li>\n<li>C\u00e1c n\u00fat k\u00edch ho\u1ea1t nh\u1ea1y \u00e1p l\u1ef1c ki\u1ec3m so\u00e1t t\u1ed1c \u0111\u1ed9 h\u00fat ho\u1eb7c ph\u00e2n ph\u1ed1i.<\/li>\n<li>T\u1ed1c \u0111\u1ed9 h\u00fat c\u00f3 th\u1ec3 \u0111\u01b0\u1ee3c \u0111\u1eb7t th\u00e0nh CAO ho\u1eb7c TH\u1ea4P \u0111\u1ec3 \u0111i\u1ec1u ch\u1ec9nh th\u1ec3 t\u00edch c\u1ee7a pipet v\u00e0 \u0111\u1ed9 nh\u1edbt c\u1ee7a ch\u1ea5t l\u1ecfng.<\/li>\n<li>Ch\u1ebf \u0111\u1ed9 pha ch\u1ebf: 2 (tr\u1ecdng l\u1ef1c v\u00e0 th\u1ed5i ra).<\/li>\n<li>Ngu\u1ed3n \u0111i\u1ec7n: Pin NiMH, th\u1eddi gian l\u00e0m vi\u1ec7c li\u00ean t\u1ee5c l\u00ean \u0111\u1ebfn 8 gi\u1edd<\/li>\n<li>Ti\u1ec7t tr\u00f9ng: Nosepiece, pipet holder, v\u00e0 filter \u0111\u1ec1u c\u00f3 th\u1ec3 h\u1ea5p ti\u1ec7t tr\u00f9ng.<\/li>\n<li>Kh\u1ea3 n\u0103ng t\u01b0\u01a1ng th\u00edch v\u1edbi pipet huy\u1ebft thanh th\u1ee7y tinh v\u00e0 nh\u1ef1a t\u1eeb 0,5 \u0111\u1ebfn 100 mL<\/li>\n<\/ul>\n<p style=\"text-align: left;\">Xem chi ti\u1ebft s\u1ea3n ph\u1ea9m:\u00a0<a href=\"https:\/\/ecatalog.corning.com\/life-sciences\/b2c\/US\/en\/Equipment\/Liquid-Handling-Equipment\/Liquid-Handling-Controllers\/Axygen%C2%AE-MotoPet%C2%AE-Pipet-Controller\/p\/MOTOPET-1\">https:\/\/ecatalog.corning.com\/life-sciences\/b2c\/US\/en\/Equipment\/Liquid-Handling-Equipment\/Liquid-Handling-Controllers\/Axygen%C2%AE-MotoPet%C2%AE-Pipet-Controller\/p\/MOTOPET-1<\/a><\/p>\n","protected":false},"excerpt":{"rendered":"<p>Axygen\u00ae MotoPet\u00ae l\u00e0 b\u1ed9 tr\u1ee3 h\u00fat pipet ch\u00ednh x\u00e1c, ch\u1ea1y b\u1eb1ng \u0111\u1ed9ng c\u01a1, c\u00f3 th\u1ec3 s\u1ea1c l\u1ea1i cho c\u00e1c th\u1ec3 t\u00edch t\u1eeb 0,5 mL \u0111\u1ebfn 100 mL. Thi\u1ebft b\u1ecb n\u00e0y c\u00f3 thi\u1ebft k\u1ebf c\u00f4ng th\u00e1i h\u1ecdc v\u00e0 \u0111\u1ed9ng c\u01a1 hi\u1ec7u qu\u1ea3 cao \u0111\u1ec3 h\u00fat v\u00e0 ph\u00e2n ph\u1ed1i nhanh c\u00e1c m\u1eabu c\u00f3 th\u1ec3 t\u00edch l\u1edbn t\u1edbi [&hellip;]<\/p>\n","protected":false},"featured_media":2733,"comment_status":"open","ping_status":"closed","template":"","meta":[],"_links":{"self":[{"href":"https:\/\/biolabtek.vn\/index.php?rest_route=\/wp\/v2\/product\/2732"}],"collection":[{"href":"https:\/\/biolabtek.vn\/index.php?rest_route=\/wp\/v2\/product"}],"about":[{"href":"https:\/\/biolabtek.vn\/index.php?rest_route=\/wp\/v2\/types\/product"}],"replies":[{"embeddable":true,"href":"https:\/\/biolabtek.vn\/index.php?rest_route=%2Fwp%2Fv2%2Fcomments&post=2732"}],"wp:featuredmedia":[{"embeddable":true,"href":"https:\/\/biolabtek.vn\/index.php?rest_route=\/wp\/v2\/media\/2733"}],"wp:attachment":[{"href":"https:\/\/biolabtek.vn\/index.php?rest_route=%2Fwp%2Fv2%2Fmedia&parent=2732"}],"curies":[{"name":"wp","href":"https:\/\/api.w.org\/{rel}","templated":true}]}}