{"id":2726,"date":"2023-05-09T03:10:12","date_gmt":"2023-05-09T03:10:12","guid":{"rendered":"https:\/\/biolabtek.vn\/?post_type=product&#038;p=2726"},"modified":"2023-05-24T07:54:30","modified_gmt":"2023-05-24T07:54:30","slug":"corning-stripettor-ultra-pipet-controller","status":"publish","type":"product","link":"https:\/\/biolabtek.vn\/?product=corning-stripettor-ultra-pipet-controller","title":{"rendered":"Corning\u00ae Stripettor\u2122 Ultra Pipet Controller"},"content":{"rendered":"<p><strong>Corning\u00ae Stripettor\u2122 Ultra Pipet Controller<\/strong> l\u00e0 b\u1ed9 d\u1ee5ng c\u1ee5 tr\u1ee3 pipet \u0111\u01b0\u1ee3c thi\u1ebft k\u1ebf v\u1edbi \u0111\u1ed9ng c\u01a1 r\u1ea5t nh\u1eb9, ti\u1ec7n d\u1ee5ng \u0111\u1ec3 s\u1eed d\u1ee5ng v\u1edbi pipet huy\u1ebft thanh b\u1eb1ng th\u1ee7y tinh v\u00e0 nh\u1ef1a t\u1eeb 0,5 \u0111\u1ebfn 100 mL. C\u00f4ng t\u1eafc c\u00f3 v\u1ecb tr\u00ed thu\u1eadn ti\u1ec7n thay \u0111\u1ed5i ch\u1ebf \u0111\u1ed9 v\u00e0 t\u1ed1c \u0111\u1ed9 v\u1eadn h\u00e0nh nhanh ch\u00f3ng \u0111\u1ec3 x\u1eed l\u00fd c\u00e1c th\u1ec3 t\u00edch ch\u1ea5t l\u1ecfng kh\u00e1c nhau v\u00e0 \u0111\u1ed9 nh\u1edbt kh\u00e1c nhau. T\u1ed1c \u0111\u1ed9 h\u00fat v\u00e0 ph\u00e2n ph\u1ed1i \u0111\u01b0\u1ee3c ki\u1ec3m so\u00e1t th\u00f4ng qua c\u00e1c n\u00fat k\u00edch ho\u1ea1t b\u1eb1ng ng\u00f3n tay. Khi \u0111\u01b0\u1ee3c s\u1ea1c \u0111\u1ea7y, pin cho ph\u00e9p s\u1eed d\u1ee5ng li\u00ean t\u1ee5c t\u1edbi 8 gi\u1edd. M\u00e0n h\u00ecnh LCD l\u1edbn hi\u1ec3n th\u1ecb r\u00f5 r\u00e0ng t\u00ecnh tr\u1ea1ng pin, ch\u1ebf \u0111\u1ed9 pipet v\u00e0 t\u1ed1c \u0111\u1ed9.<\/p>\n<p><strong>T\u00ednh n\u0103ng n\u1ed5i b\u1eadt:<\/strong><\/p>\n<ul>\n<li>M\u00e0n h\u00ecnh LCD \u0111\u1ec3 hi\u1ec3n th\u1ecb li\u00ean t\u1ee5c t\u1ed1c \u0111\u1ed9, ch\u1ebf \u0111\u1ed9 v\u00e0 tr\u1ea1ng th\u00e1i pin<\/li>\n<li>Mi\u1ebfng m\u0169i m\u00e0u \u0111\u1ec3 nh\u1eadn d\u1ea1ng ng\u01b0\u1eddi d\u00f9ng ho\u1eb7c \u1ee9ng d\u1ee5ng<\/li>\n<li>C\u00e1c n\u00fat ch\u1ee9c n\u0103ng \u0111\u01b0\u1ee3c b\u1ed1 tr\u00ed h\u1ee3p l\u00fd<\/li>\n<li>\u0110\u1ebf s\u1ea1c 3 v\u1ecb tr\u00ed<\/li>\n<\/ul>\n<p style=\"text-align: left;\">Thi\u1ebft b\u1ecb \u0111i k\u00e8m v\u1edbi m\u1ed9t ngu\u1ed3n \u0111i\u1ec7n \u0111a n\u0103ng, ba b\u1ed9 l\u1ecdc 0,2 \u00b5m, 3 mi\u1ebfng m\u0169i m\u00e0u, m\u00f3c treo t\u01b0\u1eddng v\u00e0 \u0111\u1ebf s\u1ea1c.<\/p>\n<p style=\"text-align: left;\">Xem chi ti\u1ebft s\u1ea3n ph\u1ea9m:\u00a0<a href=\"https:\/\/ecatalog.corning.com\/life-sciences\/b2c\/US\/en\/Equipment\/Liquid-Handling-Equipment\/Liquid-Handling-Controllers\/Corning%C2%AE-Stripettor%E2%84%A2-Ultra-Pipet-Controller\/p\/4099\">https:\/\/ecatalog.corning.com\/life-sciences\/b2c\/US\/en\/Equipment\/Liquid-Handling-Equipment\/Liquid-Handling-Controllers\/Corning%C2%AE-Stripettor%E2%84%A2-Ultra-Pipet-Controller\/p\/4099<\/a><\/p>\n","protected":false},"excerpt":{"rendered":"<p>Corning\u00ae Stripettor\u2122 Ultra Pipet Controller l\u00e0 b\u1ed9 d\u1ee5ng c\u1ee5 tr\u1ee3 pipet \u0111\u01b0\u1ee3c thi\u1ebft k\u1ebf v\u1edbi \u0111\u1ed9ng c\u01a1 r\u1ea5t nh\u1eb9, ti\u1ec7n d\u1ee5ng \u0111\u1ec3 s\u1eed d\u1ee5ng v\u1edbi pipet huy\u1ebft thanh b\u1eb1ng th\u1ee7y tinh v\u00e0 nh\u1ef1a t\u1eeb 0,5 \u0111\u1ebfn 100 mL. C\u00f4ng t\u1eafc c\u00f3 v\u1ecb tr\u00ed thu\u1eadn ti\u1ec7n thay \u0111\u1ed5i ch\u1ebf \u0111\u1ed9 v\u00e0 t\u1ed1c \u0111\u1ed9 v\u1eadn h\u00e0nh nhanh [&hellip;]<\/p>\n","protected":false},"featured_media":2731,"comment_status":"open","ping_status":"closed","template":"","meta":[],"_links":{"self":[{"href":"https:\/\/biolabtek.vn\/index.php?rest_route=\/wp\/v2\/product\/2726"}],"collection":[{"href":"https:\/\/biolabtek.vn\/index.php?rest_route=\/wp\/v2\/product"}],"about":[{"href":"https:\/\/biolabtek.vn\/index.php?rest_route=\/wp\/v2\/types\/product"}],"replies":[{"embeddable":true,"href":"https:\/\/biolabtek.vn\/index.php?rest_route=%2Fwp%2Fv2%2Fcomments&post=2726"}],"wp:featuredmedia":[{"embeddable":true,"href":"https:\/\/biolabtek.vn\/index.php?rest_route=\/wp\/v2\/media\/2731"}],"wp:attachment":[{"href":"https:\/\/biolabtek.vn\/index.php?rest_route=%2Fwp%2Fv2%2Fmedia&parent=2726"}],"curies":[{"name":"wp","href":"https:\/\/api.w.org\/{rel}","templated":true}]}}