{"id":2724,"date":"2023-05-09T02:58:59","date_gmt":"2023-05-09T02:58:59","guid":{"rendered":"https:\/\/biolabtek.vn\/?post_type=product&#038;p=2724"},"modified":"2023-05-24T07:54:38","modified_gmt":"2023-05-24T07:54:38","slug":"corning-vacuum-aspirator","status":"publish","type":"product","link":"https:\/\/biolabtek.vn\/?product=corning-vacuum-aspirator","title":{"rendered":"Corning\u00ae Vacuum Aspirator"},"content":{"rendered":"<p><strong>M\u00e1y h\u00fat Corning\u00ae<\/strong> l\u00e0 m\u1ed9t thi\u1ebft b\u1ecb s\u1eed d\u1ee5ng ch\u00e2n kh\u00f4ng \u0111\u1ec3 lo\u1ea1i b\u1ecf ch\u1ea5t n\u1ed5i tr\u00ean b\u1ec1 m\u1eb7t m\u1ed9t c\u00e1ch an to\u00e0n v\u00e0 v\u00f4 tr\u00f9ng t\u1eeb nhi\u1ec1u lo\u1ea1i b\u00ecnh th\u00ed nghi\u1ec7m. M\u00e1y h\u00fat bao g\u1ed3m m\u1ed9t b\u1ed9 ph\u1eadn c\u1ea7m tay \u0111\u1ec3 g\u1eafn c\u00e1c \u0111\u1ea7u tip pipet d\u00f9ng m\u1ed9t l\u1ea7n trong qu\u00e1 tr\u00ecnh s\u1eed d\u1ee5ng, m\u1ed9t v\u00f2ng \u0111\u1ec7m \u0111\u1ec3 g\u1eafn ph\u1ee5 ki\u1ec7n v\u00e0 b\u1ed9 chuy\u1ec3n \u0111\u1ed5i m\u1ed9t k\u00eanh d\u00e0nh cho c\u00e1c \u0111\u1ea7u pipet d\u00f9ng m\u1ed9t l\u1ea7n.<br \/>\nKh\u1ea3 n\u0103ng t\u01b0\u01a1ng th\u00edch v\u1edbi pipet 2 mL, \u0111\u1ea7u pipet d\u00f9ng m\u1ed9t l\u1ea7n 1 &#8211; 200 \u00b5L.<\/p>\n<p><strong>Th\u00f4ng s\u1ed1 k\u1ef9 thu\u1eadt t\u00f9y ch\u1ecdn<\/strong>:<\/p>\n<ul>\n<li>S\u1ed1 k\u00eanh: \u0111\u01a1n k\u00eanh, 8 k\u00eanh.<\/li>\n<\/ul>\n<p><img decoding=\"async\" loading=\"lazy\" class=\"aligncenter size-full wp-image-2754\" src=\"https:\/\/biolabtek.vn\/wp-content\/uploads\/2023\/05\/Corning\u00ae-Vacuum-Aspirator-2.jpg\" alt=\"\" width=\"612\" height=\"557\" srcset=\"https:\/\/biolabtek.vn\/wp-content\/uploads\/2023\/05\/Corning\u00ae-Vacuum-Aspirator-2.jpg 612w, https:\/\/biolabtek.vn\/wp-content\/uploads\/2023\/05\/Corning\u00ae-Vacuum-Aspirator-2-439x400.jpg 439w, https:\/\/biolabtek.vn\/wp-content\/uploads\/2023\/05\/Corning\u00ae-Vacuum-Aspirator-2-600x546.jpg 600w\" sizes=\"(max-width: 612px) 100vw, 612px\" \/><\/p>\n<p><img decoding=\"async\" loading=\"lazy\" class=\"aligncenter size-full wp-image-2755\" src=\"https:\/\/biolabtek.vn\/wp-content\/uploads\/2023\/05\/Corning\u00ae-Vacuum-Aspirator-3.jpg\" alt=\"\" width=\"616\" height=\"560\" srcset=\"https:\/\/biolabtek.vn\/wp-content\/uploads\/2023\/05\/Corning\u00ae-Vacuum-Aspirator-3.jpg 616w, https:\/\/biolabtek.vn\/wp-content\/uploads\/2023\/05\/Corning\u00ae-Vacuum-Aspirator-3-440x400.jpg 440w, https:\/\/biolabtek.vn\/wp-content\/uploads\/2023\/05\/Corning\u00ae-Vacuum-Aspirator-3-600x545.jpg 600w\" sizes=\"(max-width: 616px) 100vw, 616px\" \/><\/p>\n<p><strong>Note<\/strong>: M\u00e1y h\u00fat ho\u00e0n to\u00e0n c\u00f3 th\u1ec3 h\u1ea5p ti\u1ec7t tr\u00f9ng. Khi l\u00e0m vi\u1ec7c v\u1edbi v\u1eadt li\u1ec7u nguy hi\u1ec3m sinh h\u1ecdc, kh\u1eed tr\u00f9ng thi\u1ebft b\u1ecb tr\u01b0\u1edbc khi th\u00e1o r\u1eddi \u0111\u1ec3 l\u00e0m s\u1ea1ch. tham kh\u1ea3o s\u01a1 \u0111\u1ed3 (b\u00ean d\u01b0\u1edbi) \u0111\u1ec3 th\u00e1o g\u1ee1.<\/p>\n<p><img decoding=\"async\" loading=\"lazy\" class=\"aligncenter size-full wp-image-2753\" src=\"https:\/\/biolabtek.vn\/wp-content\/uploads\/2023\/05\/Corning\u00ae-Vacuum-Aspirator-1.jpg\" alt=\"\" width=\"932\" height=\"681\" srcset=\"https:\/\/biolabtek.vn\/wp-content\/uploads\/2023\/05\/Corning\u00ae-Vacuum-Aspirator-1.jpg 932w, https:\/\/biolabtek.vn\/wp-content\/uploads\/2023\/05\/Corning\u00ae-Vacuum-Aspirator-1-547x400.jpg 547w, https:\/\/biolabtek.vn\/wp-content\/uploads\/2023\/05\/Corning\u00ae-Vacuum-Aspirator-1-768x561.jpg 768w, https:\/\/biolabtek.vn\/wp-content\/uploads\/2023\/05\/Corning\u00ae-Vacuum-Aspirator-1-600x438.jpg 600w\" sizes=\"(max-width: 932px) 100vw, 932px\" \/><\/p>\n<p>&nbsp;<\/p>\n<p><strong>Ph\u1ee5 t\u00f9ng chi ti\u1ebft:<\/strong><\/p>\n<p><img decoding=\"async\" loading=\"lazy\" class=\"aligncenter size-full wp-image-2756\" src=\"https:\/\/biolabtek.vn\/wp-content\/uploads\/2023\/05\/Corning\u00ae-Vacuum-Aspirator-4.jpg\" alt=\"\" width=\"600\" height=\"440\" srcset=\"https:\/\/biolabtek.vn\/wp-content\/uploads\/2023\/05\/Corning\u00ae-Vacuum-Aspirator-4.jpg 600w, https:\/\/biolabtek.vn\/wp-content\/uploads\/2023\/05\/Corning\u00ae-Vacuum-Aspirator-4-545x400.jpg 545w\" sizes=\"(max-width: 600px) 100vw, 600px\" \/><\/p>\n<p><img decoding=\"async\" loading=\"lazy\" class=\"aligncenter size-full wp-image-2757\" src=\"https:\/\/biolabtek.vn\/wp-content\/uploads\/2023\/05\/Corning\u00ae-Vacuum-Aspirator-5.jpg\" alt=\"\" width=\"624\" height=\"684\" srcset=\"https:\/\/biolabtek.vn\/wp-content\/uploads\/2023\/05\/Corning\u00ae-Vacuum-Aspirator-5.jpg 624w, https:\/\/biolabtek.vn\/wp-content\/uploads\/2023\/05\/Corning\u00ae-Vacuum-Aspirator-5-365x400.jpg 365w, https:\/\/biolabtek.vn\/wp-content\/uploads\/2023\/05\/Corning\u00ae-Vacuum-Aspirator-5-600x658.jpg 600w\" sizes=\"(max-width: 624px) 100vw, 624px\" \/><\/p>\n<p style=\"text-align: left;\">Xem chi ti\u1ebft s\u1ea3n ph\u1ea9m:\u00a0<a href=\"https:\/\/ecatalog.corning.com\/life-sciences\/b2c\/US\/en\/Equipment\/Liquid-Handling-Equipment\/Corning%C2%AE-Vacuum-Aspirator\/p\/4930\">https:\/\/ecatalog.corning.com\/life-sciences\/b2c\/US\/en\/Equipment\/Liquid-Handling-Equipment\/Corning%C2%AE-Vacuum-Aspirator\/p\/4930<\/a><\/p>\n","protected":false},"excerpt":{"rendered":"<p>M\u00e1y h\u00fat Corning\u00ae l\u00e0 m\u1ed9t thi\u1ebft b\u1ecb s\u1eed d\u1ee5ng ch\u00e2n kh\u00f4ng \u0111\u1ec3 lo\u1ea1i b\u1ecf ch\u1ea5t n\u1ed5i tr\u00ean b\u1ec1 m\u1eb7t m\u1ed9t c\u00e1ch an to\u00e0n v\u00e0 v\u00f4 tr\u00f9ng t\u1eeb nhi\u1ec1u lo\u1ea1i b\u00ecnh th\u00ed nghi\u1ec7m. M\u00e1y h\u00fat bao g\u1ed3m m\u1ed9t b\u1ed9 ph\u1eadn c\u1ea7m tay \u0111\u1ec3 g\u1eafn c\u00e1c \u0111\u1ea7u tip pipet d\u00f9ng m\u1ed9t l\u1ea7n trong qu\u00e1 tr\u00ecnh s\u1eed d\u1ee5ng, [&hellip;]<\/p>\n","protected":false},"featured_media":2725,"comment_status":"open","ping_status":"closed","template":"","meta":[],"_links":{"self":[{"href":"https:\/\/biolabtek.vn\/index.php?rest_route=\/wp\/v2\/product\/2724"}],"collection":[{"href":"https:\/\/biolabtek.vn\/index.php?rest_route=\/wp\/v2\/product"}],"about":[{"href":"https:\/\/biolabtek.vn\/index.php?rest_route=\/wp\/v2\/types\/product"}],"replies":[{"embeddable":true,"href":"https:\/\/biolabtek.vn\/index.php?rest_route=%2Fwp%2Fv2%2Fcomments&post=2724"}],"wp:featuredmedia":[{"embeddable":true,"href":"https:\/\/biolabtek.vn\/index.php?rest_route=\/wp\/v2\/media\/2725"}],"wp:attachment":[{"href":"https:\/\/biolabtek.vn\/index.php?rest_route=%2Fwp%2Fv2%2Fmedia&parent=2724"}],"curies":[{"name":"wp","href":"https:\/\/api.w.org\/{rel}","templated":true}]}}