{"id":2721,"date":"2023-05-09T02:11:28","date_gmt":"2023-05-09T02:11:28","guid":{"rendered":"https:\/\/biolabtek.vn\/?post_type=product&#038;p=2721"},"modified":"2023-05-24T07:54:20","modified_gmt":"2023-05-24T07:54:20","slug":"2721","status":"publish","type":"product","link":"https:\/\/biolabtek.vn\/?product=2721","title":{"rendered":"Corning\u00ae Step-R\u2122 Repeating Pipettor Starter Pack"},"content":{"rendered":"<p><strong>Corning\u00ae Step-R\u2122 Repeating Pipettor Starter Pack<\/strong> \u0111\u01b0\u1ee3c \u0111\u00f3ng g\u00f3i bao g\u1ed3m Corning\u00ae Step-R\u2122 Repeating Pipettor, 2 b\u1ed9 chuy\u1ec3n \u0111\u1ed5i \u0111\u1ea7u \u1ed1ng ti\u00eam (25 mL v\u00e0 50 mL) v\u00e0 24 m\u1eabu \u0111\u1ea7u \u1ed1ng ti\u00eam kh\u00f4ng v\u00f4 tr\u00f9ng (0,05 mL, 2,5 mL, 5 mL, 12,5 mL, 25 mL v\u00e0 50 mL).<\/p>\n<p><strong>T\u00ednh n\u0103ng n\u1ed5i b\u1eadt:<\/strong><\/p>\n<ul>\n<li>C\u00e0i \u0111\u1eb7t th\u1ec3 t\u00edch d\u1ec5 d\u00e0ng: Thang s\u1ed1 l\u1ef1a ch\u1ecdn th\u1ec3 t\u00edch \u0111\u01b0\u1ee3c \u0111\u1eb7t thu\u1eadn ti\u1ec7n tr\u00ean tay c\u1ea7m.<\/li>\n<li>Nhi\u1ec1u l\u1ea7n ph\u00e2n ph\u1ed1i nhanh v\u00e0 ch\u00ednh x\u00e1c: L\u00ean \u0111\u1ebfn 48 li\u1ec1u pipet m\u00e0 kh\u00f4ng c\u1ea7n n\u1ea1p l\u1ea1i \u1ed1ng ti\u00eam \u0111\u1ea7u.<\/li>\n<li>B\u1ea3o tr\u00ec mi\u1ec5n ph\u00ed.<\/li>\n<li>\u0110\u00e1p \u1ee9ng y\u00eau c\u1ea7u ISO 8655.<\/li>\n<li>Cung c\u1ea5p v\u1edbi gi\u1ea5y ch\u1ee9ng nh\u1eadn QC.<\/li>\n<\/ul>\n<p style=\"text-align: left;\">Xem chi ti\u1ebft s\u1ea3n ph\u1ea9m:\u00a0<a href=\"https:\/\/ecatalog.corning.com\/life-sciences\/b2c\/US\/en\/Equipment\/Liquid-Handling-Equipment\/Corning%C2%AE-Step-R%E2%84%A2-Repeating-Pipettor-and-Starter-Kit\/p\/6636\">https:\/\/ecatalog.corning.com\/life-sciences\/b2c\/US\/en\/Equipment\/Liquid-Handling-Equipment\/Corning%C2%AE-Step-R%E2%84%A2-Repeating-Pipettor-and-Starter-Kit\/p\/6636<\/a><\/p>\n","protected":false},"excerpt":{"rendered":"<p>Corning\u00ae Step-R\u2122 Repeating Pipettor Starter Pack \u0111\u01b0\u1ee3c \u0111\u00f3ng g\u00f3i bao g\u1ed3m Corning\u00ae Step-R\u2122 Repeating Pipettor, 2 b\u1ed9 chuy\u1ec3n \u0111\u1ed5i \u0111\u1ea7u \u1ed1ng ti\u00eam (25 mL v\u00e0 50 mL) v\u00e0 24 m\u1eabu \u0111\u1ea7u \u1ed1ng ti\u00eam kh\u00f4ng v\u00f4 tr\u00f9ng (0,05 mL, 2,5 mL, 5 mL, 12,5 mL, 25 mL v\u00e0 50 mL). T\u00ednh n\u0103ng n\u1ed5i b\u1eadt: C\u00e0i \u0111\u1eb7t [&hellip;]<\/p>\n","protected":false},"featured_media":2722,"comment_status":"open","ping_status":"closed","template":"","meta":[],"_links":{"self":[{"href":"https:\/\/biolabtek.vn\/index.php?rest_route=\/wp\/v2\/product\/2721"}],"collection":[{"href":"https:\/\/biolabtek.vn\/index.php?rest_route=\/wp\/v2\/product"}],"about":[{"href":"https:\/\/biolabtek.vn\/index.php?rest_route=\/wp\/v2\/types\/product"}],"replies":[{"embeddable":true,"href":"https:\/\/biolabtek.vn\/index.php?rest_route=%2Fwp%2Fv2%2Fcomments&post=2721"}],"wp:featuredmedia":[{"embeddable":true,"href":"https:\/\/biolabtek.vn\/index.php?rest_route=\/wp\/v2\/media\/2722"}],"wp:attachment":[{"href":"https:\/\/biolabtek.vn\/index.php?rest_route=%2Fwp%2Fv2%2Fmedia&parent=2721"}],"curies":[{"name":"wp","href":"https:\/\/api.w.org\/{rel}","templated":true}]}}