{"id":2719,"date":"2023-05-09T02:05:22","date_gmt":"2023-05-09T02:05:22","guid":{"rendered":"https:\/\/biolabtek.vn\/?post_type=product&#038;p=2719"},"modified":"2023-05-24T07:54:02","modified_gmt":"2023-05-24T07:54:02","slug":"corning-step-r-repeating-pipettor","status":"publish","type":"product","link":"https:\/\/biolabtek.vn\/?product=corning-step-r-repeating-pipettor","title":{"rendered":"Corning\u00ae Step-R\u2122 Repeating Pipettor"},"content":{"rendered":"<p><strong>Corning\u00ae Step-R\u2122 Repeating Pipettor<\/strong> ph\u00f9 h\u1ee3p \u0111\u1ec3 ph\u00e2n ph\u1ed1i ch\u1ea5t l\u1ecfng d\u1ec5 bay h\u01a1i, \u0111\u1eadm \u0111\u1eb7c, nh\u1edbt ho\u1eb7c t\u1ea1o b\u1ecdt v\u00e0 cho t\u1ea5t c\u1ea3 c\u00e1c \u1ee9ng d\u1ee5ng y\u00eau c\u1ea7u chu\u1ed7i \u0111\u1ecbnh l\u01b0\u1ee3ng d\u00e0i. N\u00f3 ho\u1ea1t \u0111\u1ed9ng v\u1edbi 8 k\u00edch c\u1ee1 \u0111\u1ea7u \u1ed1ng ti\u00eam \u0111\u1ec3 ph\u00e2n ph\u1ed1i li\u1ec1u l\u01b0\u1ee3ng t\u1eeb 1 \u00b5L \u0111\u1ebfn 5 mL.<\/p>\n<p><strong>T\u00ednh n\u0103ng n\u1ed5i b\u1eadt:<\/strong><\/p>\n<ul>\n<li>C\u00e0i \u0111\u1eb7t \u00e2m l\u01b0\u1ee3ng d\u1ec5 d\u00e0ng: Bi\u1ec3u \u0111\u1ed3 l\u1ef1a ch\u1ecdn \u00e2m l\u01b0\u1ee3ng \u0111\u01b0\u1ee3c \u0111\u1eb7t thu\u1eadn ti\u1ec7n tr\u00ean tay c\u1ea7m<\/li>\n<li>Nhi\u1ec1u l\u1ea7n ph\u00e2n ph\u1ed1i nhanh v\u00e0 ch\u00ednh x\u00e1c: L\u00ean \u0111\u1ebfn 48 li\u1ec1u pipet m\u00e0 kh\u00f4ng c\u1ea7n n\u1ea1p l\u1ea1i \u0111\u1ea7u \u1ed1ng ti\u00eam<\/li>\n<li>B\u1ea3o tr\u00ec mi\u1ec5n ph\u00ed<\/li>\n<li>\u0110\u00e1p \u1ee9ng c\u00e1c y\u00eau c\u1ea7u c\u1ee7a ISO 8655.<\/li>\n<li>\u0110\u01b0\u1ee3c cung c\u1ea5p c\u00f9ng v\u1edbi ch\u1ee9ng ch\u1ec9 QC v\u00e0 b\u1ed9 \u0111i\u1ec1u h\u1ee3p \u0111\u1ea7u \u1ed1ng ti\u00eam 25 v\u00e0 50 mL<\/li>\n<\/ul>\n<p><img decoding=\"async\" loading=\"lazy\" class=\"aligncenter size-full wp-image-2759\" src=\"https:\/\/biolabtek.vn\/wp-content\/uploads\/2023\/05\/Corning\u00ae-Step-R\u2122-Repeating-Pipettor-1.jpg\" alt=\"\" width=\"999\" height=\"672\" srcset=\"https:\/\/biolabtek.vn\/wp-content\/uploads\/2023\/05\/Corning\u00ae-Step-R\u2122-Repeating-Pipettor-1.jpg 999w, https:\/\/biolabtek.vn\/wp-content\/uploads\/2023\/05\/Corning\u00ae-Step-R\u2122-Repeating-Pipettor-1-595x400.jpg 595w, https:\/\/biolabtek.vn\/wp-content\/uploads\/2023\/05\/Corning\u00ae-Step-R\u2122-Repeating-Pipettor-1-768x517.jpg 768w, https:\/\/biolabtek.vn\/wp-content\/uploads\/2023\/05\/Corning\u00ae-Step-R\u2122-Repeating-Pipettor-1-600x404.jpg 600w\" sizes=\"(max-width: 999px) 100vw, 999px\" \/><\/p>\n<p><strong>B\u1ea3n v\u1ebd k\u1ef9 thu\u1eadt:<\/strong><\/p>\n<p><img decoding=\"async\" loading=\"lazy\" class=\"aligncenter size-full wp-image-2758\" src=\"https:\/\/biolabtek.vn\/wp-content\/uploads\/2023\/05\/Corning\u00ae-Step-R\u2122-Repeating-Pipettor-2.jpg\" alt=\"\" width=\"743\" height=\"610\" srcset=\"https:\/\/biolabtek.vn\/wp-content\/uploads\/2023\/05\/Corning\u00ae-Step-R\u2122-Repeating-Pipettor-2.jpg 743w, https:\/\/biolabtek.vn\/wp-content\/uploads\/2023\/05\/Corning\u00ae-Step-R\u2122-Repeating-Pipettor-2-487x400.jpg 487w, https:\/\/biolabtek.vn\/wp-content\/uploads\/2023\/05\/Corning\u00ae-Step-R\u2122-Repeating-Pipettor-2-600x493.jpg 600w\" sizes=\"(max-width: 743px) 100vw, 743px\" \/><\/p>\n<p style=\"text-align: left;\">Xem chi ti\u1ebft s\u1ea3n ph\u1ea9m:\u00a0<a href=\"https:\/\/ecatalog.corning.com\/life-sciences\/b2c\/US\/en\/Equipment\/Liquid-Handling-Equipment\/Corning%C2%AE-Step-R%E2%84%A2-Repeating-Pipettor-and-Starter-Kit\/p\/4217\">https:\/\/ecatalog.corning.com\/life-sciences\/b2c\/US\/en\/Equipment\/Liquid-Handling-Equipment\/Corning%C2%AE-Step-R%E2%84%A2-Repeating-Pipettor-and-Starter-Kit\/p\/4217<\/a><\/p>\n","protected":false},"excerpt":{"rendered":"<p>Corning\u00ae Step-R\u2122 Repeating Pipettor ph\u00f9 h\u1ee3p \u0111\u1ec3 ph\u00e2n ph\u1ed1i ch\u1ea5t l\u1ecfng d\u1ec5 bay h\u01a1i, \u0111\u1eadm \u0111\u1eb7c, nh\u1edbt ho\u1eb7c t\u1ea1o b\u1ecdt v\u00e0 cho t\u1ea5t c\u1ea3 c\u00e1c \u1ee9ng d\u1ee5ng y\u00eau c\u1ea7u chu\u1ed7i \u0111\u1ecbnh l\u01b0\u1ee3ng d\u00e0i. N\u00f3 ho\u1ea1t \u0111\u1ed9ng v\u1edbi 8 k\u00edch c\u1ee1 \u0111\u1ea7u \u1ed1ng ti\u00eam \u0111\u1ec3 ph\u00e2n ph\u1ed1i li\u1ec1u l\u01b0\u1ee3ng t\u1eeb 1 \u00b5L \u0111\u1ebfn 5 mL. T\u00ednh [&hellip;]<\/p>\n","protected":false},"featured_media":2720,"comment_status":"open","ping_status":"closed","template":"","meta":[],"_links":{"self":[{"href":"https:\/\/biolabtek.vn\/index.php?rest_route=\/wp\/v2\/product\/2719"}],"collection":[{"href":"https:\/\/biolabtek.vn\/index.php?rest_route=\/wp\/v2\/product"}],"about":[{"href":"https:\/\/biolabtek.vn\/index.php?rest_route=\/wp\/v2\/types\/product"}],"replies":[{"embeddable":true,"href":"https:\/\/biolabtek.vn\/index.php?rest_route=%2Fwp%2Fv2%2Fcomments&post=2719"}],"wp:featuredmedia":[{"embeddable":true,"href":"https:\/\/biolabtek.vn\/index.php?rest_route=\/wp\/v2\/media\/2720"}],"wp:attachment":[{"href":"https:\/\/biolabtek.vn\/index.php?rest_route=%2Fwp%2Fv2%2Fmedia&parent=2719"}],"curies":[{"name":"wp","href":"https:\/\/api.w.org\/{rel}","templated":true}]}}