{"id":2717,"date":"2023-05-09T02:00:19","date_gmt":"2023-05-09T02:00:19","guid":{"rendered":"https:\/\/biolabtek.vn\/?post_type=product&#038;p=2717"},"modified":"2023-05-24T07:49:35","modified_gmt":"2023-05-24T07:49:35","slug":"corning-lambda-plus-single-and-multi-channel-pipettors","status":"publish","type":"product","link":"https:\/\/biolabtek.vn\/?product=corning-lambda-plus-single-and-multi-channel-pipettors","title":{"rendered":"Corning\u00ae Lambda\u2122 Plus Single- and Multi-channel Pipettors"},"content":{"rendered":"<p><strong>C\u00e1c pipet Corning\u00ae Lambda\u2122 Plus <\/strong>\u0111\u01b0\u1ee3c thi\u1ebft k\u1ebf \u0111\u1ec3 cung c\u1ea5p m\u1ee9c \u0111\u1ed9 ch\u00ednh x\u00e1c, kh\u1ea3 n\u0103ng t\u00e1i t\u1ea1o v\u00e0 s\u1ef1 tho\u1ea3i m\u00e1i cao nh\u1ea5t.<\/p>\n<p>C\u00f3 s\u1eb5n \u1edf c\u00e1c c\u1ea5u h\u00ecnh m\u1ed9t k\u00eanh, t\u00e1m v\u00e0 m\u01b0\u1eddi hai k\u00eanh, t\u1ea5t c\u1ea3 c\u00e1c pipet c\u1ee7a Lambda Plus \u0111\u1ec1u c\u00f3 chuy\u1ec3n \u0111\u1ed9ng p\u00edt t\u00f4ng tr\u01a1n tru v\u00e0 l\u1ef1c h\u00fat c\u1ef1c th\u1ea5p. C\u00f3 th\u1ec3 \u0111\u1eb7t \u00e2m l\u01b0\u1ee3ng b\u1eb1ng c\u00e1ch xoay b\u00e1nh xe ng\u00f3n tay c\u00e1i ho\u1eb7c n\u00fat p\u00edt t\u00f4ng v\u00e0 c\u01a1 ch\u1ebf kh\u00f3a ng\u0103n ch\u1eb7n s\u1ef1 thay \u0111\u1ed5i ng\u1eabu nhi\u00ean. C\u00e1c pipet Lambda Plus \u0111\u00e3 \u0111\u01b0\u1ee3c thi\u1ebft k\u1ebf \u0111\u1ec3 duy tr\u00ec hi\u1ec7u chu\u1ea9n c\u1ee7a ch\u00fang, ngay c\u1ea3 sau khi s\u1eed d\u1ee5ng v\u00e0 h\u1ea5p kh\u1eed tr\u00f9ng nhi\u1ec1u l\u1ea7n. M\u1ed9t ch\u00eca kh\u00f3a \u0111\u01b0\u1ee3c bao g\u1ed3m trong m\u1ed7i pipet \u0111\u1ec3 hi\u1ec7u chu\u1ea9n trong nh\u00e0 d\u1ec5 d\u00e0ng.<\/p>\n<p><strong>T\u00ednh n\u0103ng n\u1ed5i b\u1eadt:<\/strong><\/p>\n<ul>\n<li>Hi\u1ec7u chu\u1ea9n t\u1ea1i nh\u00e0 m\u00e1y theo ti\u00eau chu\u1ea9n ISO 8655 nghi\u00eam ng\u1eb7t-b\u1ea3o h\u00e0nh 3 n\u0103m<\/li>\n<li>Ho\u00e0n to\u00e0n c\u00f3 th\u1ec3 h\u1ea5p ti\u1ec7t tr\u00f9ng v\u00e0 ch\u1ed1ng tia c\u1ef1c t\u00edm<\/li>\n<li>\u0110\u01b0\u1ee3c thi\u1ebft k\u1ebf \u0111\u1ec3 ph\u00f9 h\u1ee3p v\u1edbi t\u1ea5t c\u1ea3 c\u00e1c nh\u00e3n hi\u1ec7u \u0111\u1ea7u tip pipet ph\u1ed5 bi\u1ebfn<\/li>\n<li>\u0110\u1ea7u phun c\u00f3 th\u1ec3 \u0111i\u1ec1u ch\u1ec9nh.<\/li>\n<\/ul>\n<p><strong>Th\u00f4ng s\u1ed1 k\u1ef9 thu\u1eadt t\u00f9y ch\u1ecdn:<\/strong><\/p>\n<ul>\n<li class=\"productSpecifications__group\"><span class=\"productSpecifications__groupName\">Kho\u1ea3ng th\u1ec3 t\u00edch:\u00a0<\/span>0.1 &#8211; 2 \u00b5L; 0.5 &#8211; 10 \u00b5L; 2 &#8211; 20 \u00b5L; 5 &#8211; 50 \u00b5L; 10 &#8211; 100 \u00b5L; 20 &#8211; 200 \u00b5L; 50 &#8211; 300 \u00b5L; 100 &#8211; 1000 \u00b5L<\/li>\n<li class=\"productSpecifications__group\"><span class=\"productSpecifications__groupName\">S\u1ed1 k\u00eanh: 1; 8; 12<\/span><\/li>\n<li class=\"productSpecifications__group\"><span class=\"productSpecifications__groupName\">Hi\u1ec7u chu\u1ea9n ISO17025:\u00a0<\/span>ISO17025 Calibration, 3&#215;10, STD; ISO17025 Calibration, 3&#215;4, ALT; None.<\/li>\n<\/ul>\n<div style=\"text-align: left;\">Xem chi ti\u1ebft s\u1ea3n ph\u1ea9m:\u00a0<a href=\"https:\/\/ecatalog.corning.com\/life-sciences\/b2c\/US\/en\/Equipment\/Liquid-Handling-Equipment\/Pipettors\/Corning%C2%AE-Lambda%E2%84%A2-Plus-Single--and-Multi-channel-Pipettors\/p\/corningLambdaPlusPipettors\">https:\/\/ecatalog.corning.com\/life-sciences\/b2c\/US\/en\/Equipment\/Liquid-Handling-Equipment\/Pipettors\/Corning%C2%AE-Lambda%E2%84%A2-Plus-Single&#8211;and-Multi-channel-Pipettors\/p\/corningLambdaPlusPipettors<\/a><\/div>\n<div class=\"productSpecifications__group productSpecifications__group-buttons\"><\/div>\n","protected":false},"excerpt":{"rendered":"<p>C\u00e1c pipet Corning\u00ae Lambda\u2122 Plus \u0111\u01b0\u1ee3c thi\u1ebft k\u1ebf \u0111\u1ec3 cung c\u1ea5p m\u1ee9c \u0111\u1ed9 ch\u00ednh x\u00e1c, kh\u1ea3 n\u0103ng t\u00e1i t\u1ea1o v\u00e0 s\u1ef1 tho\u1ea3i m\u00e1i cao nh\u1ea5t. C\u00f3 s\u1eb5n \u1edf c\u00e1c c\u1ea5u h\u00ecnh m\u1ed9t k\u00eanh, t\u00e1m v\u00e0 m\u01b0\u1eddi hai k\u00eanh, t\u1ea5t c\u1ea3 c\u00e1c pipet c\u1ee7a Lambda Plus \u0111\u1ec1u c\u00f3 chuy\u1ec3n \u0111\u1ed9ng p\u00edt t\u00f4ng tr\u01a1n tru v\u00e0 l\u1ef1c [&hellip;]<\/p>\n","protected":false},"featured_media":2718,"comment_status":"open","ping_status":"closed","template":"","meta":[],"_links":{"self":[{"href":"https:\/\/biolabtek.vn\/index.php?rest_route=\/wp\/v2\/product\/2717"}],"collection":[{"href":"https:\/\/biolabtek.vn\/index.php?rest_route=\/wp\/v2\/product"}],"about":[{"href":"https:\/\/biolabtek.vn\/index.php?rest_route=\/wp\/v2\/types\/product"}],"replies":[{"embeddable":true,"href":"https:\/\/biolabtek.vn\/index.php?rest_route=%2Fwp%2Fv2%2Fcomments&post=2717"}],"wp:featuredmedia":[{"embeddable":true,"href":"https:\/\/biolabtek.vn\/index.php?rest_route=\/wp\/v2\/media\/2718"}],"wp:attachment":[{"href":"https:\/\/biolabtek.vn\/index.php?rest_route=%2Fwp%2Fv2%2Fmedia&parent=2717"}],"curies":[{"name":"wp","href":"https:\/\/api.w.org\/{rel}","templated":true}]}}