{"id":2715,"date":"2023-05-09T01:52:54","date_gmt":"2023-05-09T01:52:54","guid":{"rendered":"https:\/\/biolabtek.vn\/?post_type=product&#038;p=2715"},"modified":"2023-05-24T07:49:21","modified_gmt":"2023-05-24T07:49:21","slug":"corning-lambda-elitetouch-single-and-multi-channel-pipettors","status":"publish","type":"product","link":"https:\/\/biolabtek.vn\/?product=corning-lambda-elitetouch-single-and-multi-channel-pipettors","title":{"rendered":"Corning\u00ae Lambda\u2122 EliteTouch\u2122 Single- and Multi-channel Pipettors"},"content":{"rendered":"<p><strong>C\u00e1c pipet Corning\u00ae Lambda\u2122 EliteTouch\u2122<\/strong> \u0111\u00e3 \u0111\u01b0\u1ee3c thi\u1ebft k\u1ebf \u0111\u1ec3 cung c\u1ea5p m\u1ee9c \u0111\u1ed9 c\u00f4ng th\u00e1i h\u1ecdc, \u0111\u1ed9 ch\u00ednh x\u00e1c v\u00e0 \u0111\u1ed9 ch\u00ednh x\u00e1c cao nh\u1ea5t. C\u1ea5u tr\u00fac nh\u1eb9, h\u00ecnh d\u1ea1ng \u0111\u01b0\u1eddng vi\u1ec1n c\u1ee7a tay c\u1ea7m v\u00e0 b\u1ed9 \u0111\u1ebfm 4 ch\u1eef s\u1ed1 \u0111\u01b0\u1ee3c thi\u1ebft k\u1ebf \u0111\u1ec3 \u0111\u1ea3m b\u1ea3o thao t\u00e1c pipet tho\u1ea3i m\u00e1i. T\u1ea5t c\u1ea3 c\u00e1c pipet \u0111\u1ec1u c\u00f3 chuy\u1ec3n \u0111\u1ed9ng p\u00edt-t\u00f4ng tr\u01a1n tru v\u00e0 l\u1ef1c h\u00fat c\u1ef1c th\u1ea5p \u0111\u1ec3 gi\u1ea3m c\u0103ng v\u00e0 m\u1ecfi c\u1ed5 tay (RSI). C\u00e1c n\u00fat \u1ea5n m\u00e0u (\u0111i k\u00e8m) c\u00f3 th\u1ec3 gi\u00fap x\u00e1c \u0111\u1ecbnh ng\u01b0\u1eddi d\u00f9ng ho\u1eb7c \u1ee9ng d\u1ee5ng \u0111\u1ec3 \u0111\u1ea3m b\u1ea3o an to\u00e0n cho m\u1eabu v\u00e0 gi\u1ea3m nguy c\u01a1 nhi\u1ec5m ch\u00e9o.<\/p>\n<p><strong>T\u00ednh n\u0103ng n\u1ed5i b\u1eadt:<\/strong><\/p>\n<ul>\n<li>Thi\u1ebft k\u1ebf tay c\u1ea7m c\u00f4ng th\u00e1i h\u1ecdc \u0111\u1ec3 ph\u00f9 h\u1ee3p ho\u00e0n h\u1ea3o cho c\u1ea3 tay ph\u1ea3i v\u00e0 tay tr\u00e1i<\/li>\n<li>C\u00e0i \u0111\u1eb7t \u00e2m l\u01b0\u1ee3ng b\u1eb1ng m\u1ed9t tay thu\u1eadn ti\u1ec7n v\u1edbi h\u1ec7 th\u1ed1ng kh\u00f3a t\u1ef1 \u0111\u1ed9ng ng\u0103n thay \u0111\u1ed5i \u00e2m l\u01b0\u1ee3ng ngo\u00e0i \u00fd mu\u1ed1n trong khi l\u00e0m vi\u1ec7c<\/li>\n<li>B\u1ed9 \u0111\u1ebfm 4 ch\u1eef s\u1ed1 cho \u0111\u1ed9 ch\u00ednh x\u00e1c cao h\u01a1n, \u0111\u01b0\u1ee3c \u0111\u1ecbnh v\u1ecb ho\u00e0n h\u1ea3o \u0111\u1ec3 c\u00f3 th\u1ec3 nh\u00ecn th\u1ea5y m\u1ecdi l\u00fac<\/li>\n<li>Pipet m\u1ed9t k\u00eanh t\u01b0\u01a1ng th\u00edch v\u1edbi c\u00e1c \u1ed1ng r\u1ea5t h\u1eb9p<\/li>\n<li>Ho\u00e0n to\u00e0n c\u00f3 th\u1ec3 h\u1ea5p ti\u1ec7t tr\u00f9ng v\u00e0 ch\u1ed1ng tia c\u1ef1c t\u00edm \u0111\u1ec3 b\u1ea3o v\u1ec7 m\u1eabu kh\u1ecfi nhi\u1ec5m b\u1ea9n<\/li>\n<li>C\u00e1c tr\u1ee5c \u0111a k\u00eanh r\u00fat l\u1ea1i ri\u00eang l\u1ebb \u0111\u1ec3 t\u1ea3i \u0111\u1ea7u tip ho\u00e0n h\u1ea3o v\u00e0 \u0111\u1ea9y \u0111\u1ea7u tip d\u1ec5 d\u00e0ng h\u01a1n<\/li>\n<li>Hi\u1ec7u chu\u1ea9n d\u1ec5 d\u00e0ng trong ph\u00f2ng th\u00ed nghi\u1ec7m gi\u00fap b\u1ea1n nhanh ch\u00f3ng \u0111i\u1ec1u ch\u1ec9nh pipet c\u1ee7a m\u00ecnh theo nhi\u1ec1u lo\u1ea1i ch\u1ea5t l\u1ecfng kh\u00e1c nhau<\/li>\n<li>\u0110\u01b0\u1ee3c ki\u1ec3m tra ri\u00eang v\u00e0 cung c\u1ea5p gi\u1ea5y ch\u1ee9ng nh\u1eadn ch\u1ea5t l\u01b0\u1ee3ng.<\/li>\n<\/ul>\n<p><strong>Th\u00f4ng s\u1ed1 k\u1ef9 thu\u1eadt t\u00f9y ch\u1ecdn:<\/strong><\/p>\n<ul>\n<li class=\"productSpecifications__group\"><span class=\"productSpecifications__groupName\">Kho\u1ea3ng th\u1ec3 t\u00edch:\u00a0<\/span>0.1 &#8211; 2 \u00b5L; 0.5 &#8211; 10 \u00b5L; 2 &#8211; 20 \u00b5L;\u00a05 &#8211; 50 \u00b5L; 10 &#8211; 100 \u00b5L; 10 &#8211; 200 \u00b5L; 20 &#8211; 200 \u00b5L; 30 &#8211; 300 \u00b5L; 100 &#8211; 1000 \u00b5L<\/li>\n<li class=\"productSpecifications__group\"><span class=\"productSpecifications__groupName\">K\u00eanh: 1; 8; 12<\/span><\/li>\n<\/ul>\n<div class=\"productSpecifications__group productSpecifications__group-buttons\" style=\"text-align: left;\">Xem chi ti\u1ebft s\u1ea3n ph\u1ea9m:\u00a0<a href=\"https:\/\/ecatalog.corning.com\/life-sciences\/b2c\/US\/en\/Equipment\/Liquid-Handling-Equipment\/Corning%C2%AE-Lambda%E2%84%A2-EliteTouch%E2%84%A2-Single--and-Multi-channel-Pipettors\/p\/corningLambdaEliteTouchPipettors\">https:\/\/ecatalog.corning.com\/life-sciences\/b2c\/US\/en\/Equipment\/Liquid-Handling-Equipment\/Corning%C2%AE-Lambda%E2%84%A2-EliteTouch%E2%84%A2-Single&#8211;and-Multi-channel-Pipettors\/p\/corningLambdaEliteTouchPipettors<\/a><\/div>\n","protected":false},"excerpt":{"rendered":"<p>C\u00e1c pipet Corning\u00ae Lambda\u2122 EliteTouch\u2122 \u0111\u00e3 \u0111\u01b0\u1ee3c thi\u1ebft k\u1ebf \u0111\u1ec3 cung c\u1ea5p m\u1ee9c \u0111\u1ed9 c\u00f4ng th\u00e1i h\u1ecdc, \u0111\u1ed9 ch\u00ednh x\u00e1c v\u00e0 \u0111\u1ed9 ch\u00ednh x\u00e1c cao nh\u1ea5t. C\u1ea5u tr\u00fac nh\u1eb9, h\u00ecnh d\u1ea1ng \u0111\u01b0\u1eddng vi\u1ec1n c\u1ee7a tay c\u1ea7m v\u00e0 b\u1ed9 \u0111\u1ebfm 4 ch\u1eef s\u1ed1 \u0111\u01b0\u1ee3c thi\u1ebft k\u1ebf \u0111\u1ec3 \u0111\u1ea3m b\u1ea3o thao t\u00e1c pipet tho\u1ea3i m\u00e1i. T\u1ea5t c\u1ea3 [&hellip;]<\/p>\n","protected":false},"featured_media":2716,"comment_status":"open","ping_status":"closed","template":"","meta":[],"_links":{"self":[{"href":"https:\/\/biolabtek.vn\/index.php?rest_route=\/wp\/v2\/product\/2715"}],"collection":[{"href":"https:\/\/biolabtek.vn\/index.php?rest_route=\/wp\/v2\/product"}],"about":[{"href":"https:\/\/biolabtek.vn\/index.php?rest_route=\/wp\/v2\/types\/product"}],"replies":[{"embeddable":true,"href":"https:\/\/biolabtek.vn\/index.php?rest_route=%2Fwp%2Fv2%2Fcomments&post=2715"}],"wp:featuredmedia":[{"embeddable":true,"href":"https:\/\/biolabtek.vn\/index.php?rest_route=\/wp\/v2\/media\/2716"}],"wp:attachment":[{"href":"https:\/\/biolabtek.vn\/index.php?rest_route=%2Fwp%2Fv2%2Fmedia&parent=2715"}],"curies":[{"name":"wp","href":"https:\/\/api.w.org\/{rel}","templated":true}]}}