{"id":2711,"date":"2023-05-08T10:45:02","date_gmt":"2023-05-08T10:45:02","guid":{"rendered":"https:\/\/biolabtek.vn\/?post_type=product&#038;p=2711"},"modified":"2023-05-24T07:48:19","modified_gmt":"2023-05-24T07:48:19","slug":"axygen-microtube-shakers","status":"publish","type":"product","link":"https:\/\/biolabtek.vn\/?product=axygen-microtube-shakers","title":{"rendered":"Axygen\u00ae Microtube Shakers"},"content":{"rendered":"<p><strong>M\u00e1y l\u1eafc vi \u1ed1ng Axygen<\/strong> cung c\u1ea5p cho c\u00e1c nh\u00e0 nghi\u00ean c\u1ee9u m\u1ed9t t\u1ee7 \u1ea5m l\u1eafc \u0111\u1ec3 b\u00e0n cho ph\u00e9p l\u00e0m n\u00f3ng, l\u00e0m m\u00e1t v\u00e0 tr\u1ed9n \u0111\u1ed3ng \u0111\u1ec1u c\u00e1c m\u1eabu khoa h\u1ecdc \u0111\u1eddi s\u1ed1ng qu\u00fd gi\u00e1. D\u1ea5u ch\u00e2n nh\u1ecf g\u1ecdn k\u1ebft h\u1ee3p b\u1ea3ng \u0111i\u1ec1u khi\u1ec3n tr\u1ef1c quan cho ph\u00e9p ng\u01b0\u1eddi v\u1eadn h\u00e0nh d\u1ec5 d\u00e0ng l\u1eadp tr\u00ecnh thi\u1ebft b\u1ecb v\u00e0 xem c\u00e1c c\u00e0i \u0111\u1eb7t nhi\u1ec7t \u0111\u1ed9, th\u1eddi gian v\u00e0 t\u1ed1c \u0111\u1ed9 tr\u1ed9n tr\u1ef1c ti\u1ebfp trong su\u1ed1t qu\u00e1 tr\u00ecnh th\u1eed nghi\u1ec7m.<\/p>\n<p><strong>Th\u00f4ng s\u1ed1 k\u1ef9 thu\u1eadt:<\/strong><\/p>\n<ul>\n<li>Code: I-4010<\/li>\n<li>Th\u01b0\u01a1ng hi\u1ec7u: Axygen\u00ae<\/li>\n<li>T\u1ed1c \u0111\u1ed9 m\u00e1y l\u1eafc: 200 \u0111\u1ebfn 1.500 v\u00f2ng \/ ph\u00fat<\/li>\n<li>M\u00f4i tr\u01b0\u1eddng ho\u1ea1t \u0111\u1ed9ng c\u1ee7a m\u00e1y: -15\u00b0C \u0111\u1ebfn 100\u00b0C<\/li>\n<li>Nhi\u1ec7t \u0111\u1ed9: +5\u00b0C \u0111\u1ebfn 40\u00b0C, l\u00ean \u0111\u1ebfn 80% RH, kh\u00f4ng ng\u01b0ng t\u1ee5<\/li>\n<li>C\u00f4ng su\u1ea5t: 200W<\/li>\n<li>M\u00e0n h\u00ecnh: LCD<\/li>\n<li>Ph\u1ea1m vi nhi\u1ec7t \u0111\u1ed9: 0,1\u00b0C \u0111\u1ebfn 100\u00b0C<\/li>\n<li>M\u00e1y l\u1eafc qu\u1ef9 \u0111\u1ea1o: 3 mm<\/li>\n<li>\u0110\u1ed9 ch\u00ednh x\u00e1c nhi\u1ec7t \u0111\u1ed9: 0,5 \u00b0 C<\/li>\n<li>\u0110\u1ed9 \u0111\u1ed3ng \u0111\u1ec1u nhi\u1ec7t \u0111\u1ed9: 0,5 \u00b0C<\/li>\n<li>K\u00edch th\u01b0\u1edbc L x W x H: 200 x 235 x 120 mm<\/li>\n<li>Lo\u1ea1i ph\u00edch c\u1eafm: NA<\/li>\n<li>\u1ee8ng d\u1ee5ng: sinh h\u1ecdc ph\u00e2n t\u1eed<\/li>\n<li>N\u1eb7ng: 7,3kg<\/li>\n<\/ul>\n<p style=\"text-align: left;\">Xem chi ti\u1ebft s\u1ea3n ph\u1ea9m:\u00a0<a href=\"https:\/\/ecatalog.corning.com\/life-sciences\/b2c\/US\/en\/Equipment\/Constant-Temperature-Equipment\/Shaking-Incubators\/Axygen%C2%AE-Microtube-Shakers\/p\/axygenMicrotubeShakers\">https:\/\/ecatalog.corning.com\/life-sciences\/b2c\/US\/en\/Equipment\/Constant-Temperature-Equipment\/Shaking-Incubators\/Axygen%C2%AE-Microtube-Shakers\/p\/axygenMicrotubeShakers<\/a><\/p>\n","protected":false},"excerpt":{"rendered":"<p>M\u00e1y l\u1eafc vi \u1ed1ng Axygen cung c\u1ea5p cho c\u00e1c nh\u00e0 nghi\u00ean c\u1ee9u m\u1ed9t t\u1ee7 \u1ea5m l\u1eafc \u0111\u1ec3 b\u00e0n cho ph\u00e9p l\u00e0m n\u00f3ng, l\u00e0m m\u00e1t v\u00e0 tr\u1ed9n \u0111\u1ed3ng \u0111\u1ec1u c\u00e1c m\u1eabu khoa h\u1ecdc \u0111\u1eddi s\u1ed1ng qu\u00fd gi\u00e1. D\u1ea5u ch\u00e2n nh\u1ecf g\u1ecdn k\u1ebft h\u1ee3p b\u1ea3ng \u0111i\u1ec1u khi\u1ec3n tr\u1ef1c quan cho ph\u00e9p ng\u01b0\u1eddi v\u1eadn h\u00e0nh d\u1ec5 d\u00e0ng l\u1eadp [&hellip;]<\/p>\n","protected":false},"featured_media":2712,"comment_status":"open","ping_status":"closed","template":"","meta":[],"_links":{"self":[{"href":"https:\/\/biolabtek.vn\/index.php?rest_route=\/wp\/v2\/product\/2711"}],"collection":[{"href":"https:\/\/biolabtek.vn\/index.php?rest_route=\/wp\/v2\/product"}],"about":[{"href":"https:\/\/biolabtek.vn\/index.php?rest_route=\/wp\/v2\/types\/product"}],"replies":[{"embeddable":true,"href":"https:\/\/biolabtek.vn\/index.php?rest_route=%2Fwp%2Fv2%2Fcomments&post=2711"}],"wp:featuredmedia":[{"embeddable":true,"href":"https:\/\/biolabtek.vn\/index.php?rest_route=\/wp\/v2\/media\/2712"}],"wp:attachment":[{"href":"https:\/\/biolabtek.vn\/index.php?rest_route=%2Fwp%2Fv2%2Fmedia&parent=2711"}],"curies":[{"name":"wp","href":"https:\/\/api.w.org\/{rel}","templated":true}]}}