{"id":2709,"date":"2023-05-08T10:37:59","date_gmt":"2023-05-08T10:37:59","guid":{"rendered":"https:\/\/biolabtek.vn\/?post_type=product&#038;p=2709"},"modified":"2023-05-24T07:50:03","modified_gmt":"2023-05-24T07:50:03","slug":"corning-lse-49l-shaking-incubator","status":"publish","type":"product","link":"https:\/\/biolabtek.vn\/?product=corning-lse-49l-shaking-incubator","title":{"rendered":"Corning\u00ae LSE\u2122 49L Shaking Incubator"},"content":{"rendered":"<p><strong>T\u1ee7 \u1ea5m l\u1eafc 49L<\/strong> c\u00f3 di\u1ec7n t\u00edch nh\u1ecf g\u1ecdn v\u00e0 c\u0169ng c\u00f3 th\u1ec3 \u0111\u01b0\u1ee3c x\u1ebfp ch\u1ed3ng l\u00ean nhau \u0111\u1ec3 t\u1ed1i \u0111a h\u00f3a hi\u1ec7u qu\u1ea3 s\u1eed d\u1ee5ng kh\u00f4ng gian. M\u00e1y l\u1eafc qu\u1ef9 \u0111\u1ea1o t\u00edch h\u1ee3p ch\u1ea5p nh\u1eadn nhi\u1ec1u lo\u1ea1i b\u1ec7 v\u00e0 k\u1eb9p c\u00f3 th\u1ec3 ch\u1ee9a b\u00ecnh, \u0111\u0129a Petri v\u00e0 gi\u00e1 \u0111\u1ee1 \u1ed1ng nghi\u1ec7m. Dung t\u00edch t\u1ed1i \u0111a l\u00e0 4 b\u00ecnh x 1L. M\u1ed9t n\u1eeda v\u00e0 hai gi\u00e1 \u0111\u1ea7y \u0111\u1ee7 \u0111\u01b0\u1ee3c cung c\u1ea5p c\u00f9ng v\u1edbi t\u1ee7 \u1ea5m. C\u00e1c k\u1ec7 b\u1ed5 sung v\u00e0 b\u1ec7 l\u1eafc \u0111\u01b0\u1ee3c b\u00e1n ri\u00eang.<\/p>\n<p><strong>T\u00ednh n\u0103ng n\u1ed5i b\u1eadt:<\/strong><\/p>\n<ul>\n<li>\u0110\u1ed9 \u0111\u1ed3ng \u0111\u1ec1u nhi\u1ec7t \u0111\u1ed9 v\u01b0\u1ee3t tr\u1ed9i<\/li>\n<li>Khu v\u1ef1c xem l\u1edbn \u0111\u1ec3 theo d\u00f5i c\u00e1c m\u1eabu kh\u00f4ng b\u1ecb x\u00e1o tr\u1ed9n<\/li>\n<li>Ph\u1ea1m vi nhi\u1ec7t \u0111\u1ed9 r\u1ed9ng<\/li>\n<li>Nhi\u1ec1u t\u00f9y ch\u1ecdn k\u1ec7<\/li>\n<li>C\u01a1 ch\u1ebf l\u1eafc \u0111i\u1ec1u khi\u1ec3n ch\u00ednh x\u00e1c<\/li>\n<\/ul>\n<p><strong>Th\u00f4ng s\u1ed1 k\u1ef9 thu\u1eadt t\u00f9y ch\u1ecdn:<\/strong><\/p>\n<ul>\n<li>Ki\u1ec3u Plug: EU v\u00e0 UK; US<\/li>\n<li>Ngu\u1ed3n \u0111i\u1ec7n: 120V; 230V<\/li>\n<\/ul>\n<p style=\"text-align: left;\">Xem chi ti\u1ebft s\u1ea3n ph\u1ea9m:\u00a0<a href=\"https:\/\/ecatalog.corning.com\/life-sciences\/b2c\/US\/en\/Equipment\/Constant-Temperature-Equipment\/Shaking-Incubators\/Corning%C2%AE-LSE%E2%84%A2-49L-Shaking-Incubator\/p\/corningLSE49LShakingIncubator\">https:\/\/ecatalog.corning.com\/life-sciences\/b2c\/US\/en\/Equipment\/Constant-Temperature-Equipment\/Shaking-Incubators\/Corning%C2%AE-LSE%E2%84%A2-49L-Shaking-Incubator\/p\/corningLSE49LShakingIncubator<\/a><\/p>\n","protected":false},"excerpt":{"rendered":"<p>T\u1ee7 \u1ea5m l\u1eafc 49L c\u00f3 di\u1ec7n t\u00edch nh\u1ecf g\u1ecdn v\u00e0 c\u0169ng c\u00f3 th\u1ec3 \u0111\u01b0\u1ee3c x\u1ebfp ch\u1ed3ng l\u00ean nhau \u0111\u1ec3 t\u1ed1i \u0111a h\u00f3a hi\u1ec7u qu\u1ea3 s\u1eed d\u1ee5ng kh\u00f4ng gian. M\u00e1y l\u1eafc qu\u1ef9 \u0111\u1ea1o t\u00edch h\u1ee3p ch\u1ea5p nh\u1eadn nhi\u1ec1u lo\u1ea1i b\u1ec7 v\u00e0 k\u1eb9p c\u00f3 th\u1ec3 ch\u1ee9a b\u00ecnh, \u0111\u0129a Petri v\u00e0 gi\u00e1 \u0111\u1ee1 \u1ed1ng nghi\u1ec7m. Dung t\u00edch t\u1ed1i [&hellip;]<\/p>\n","protected":false},"featured_media":2710,"comment_status":"open","ping_status":"closed","template":"","meta":[],"_links":{"self":[{"href":"https:\/\/biolabtek.vn\/index.php?rest_route=\/wp\/v2\/product\/2709"}],"collection":[{"href":"https:\/\/biolabtek.vn\/index.php?rest_route=\/wp\/v2\/product"}],"about":[{"href":"https:\/\/biolabtek.vn\/index.php?rest_route=\/wp\/v2\/types\/product"}],"replies":[{"embeddable":true,"href":"https:\/\/biolabtek.vn\/index.php?rest_route=%2Fwp%2Fv2%2Fcomments&post=2709"}],"wp:featuredmedia":[{"embeddable":true,"href":"https:\/\/biolabtek.vn\/index.php?rest_route=\/wp\/v2\/media\/2710"}],"wp:attachment":[{"href":"https:\/\/biolabtek.vn\/index.php?rest_route=%2Fwp%2Fv2%2Fmedia&parent=2709"}],"curies":[{"name":"wp","href":"https:\/\/api.w.org\/{rel}","templated":true}]}}