{"id":2704,"date":"2023-05-08T10:23:28","date_gmt":"2023-05-08T10:23:28","guid":{"rendered":"https:\/\/biolabtek.vn\/?post_type=product&#038;p=2704"},"modified":"2023-05-24T07:51:00","modified_gmt":"2023-05-24T07:51:00","slug":"corning-lse-benchtop-shaking-incubator","status":"publish","type":"product","link":"https:\/\/biolabtek.vn\/?product=corning-lse-benchtop-shaking-incubator","title":{"rendered":"Corning\u00ae LSE\u2122 Benchtop Shaking Incubator"},"content":{"rendered":"<p><strong>T\u1ee7 \u1ea5m l\u1eafc \u0111\u1ec3 b\u00e0n Corning\u00ae LSE\u2122<\/strong> c\u00f3 b\u1ec7\u00a0l\u00e0 m\u1ed9t ki\u1ec3u d\u00e1ng \u0111\u1ec3 b\u00e0n, n\u1eafp tr\u00ean t\u1ee7 \u1ea5m l\u1eafc \u0111\u1ec3 b\u00e0n Corning c\u00f3 \u0111i\u1ec3m xoay th\u1ea5p mang l\u1ea1i k\u00edch th\u01b0\u1edbc ti\u1ebft ki\u1ec7m kh\u00f4ng gian ch\u1eafc ch\u1eafn \u0111\u1ec3 v\u1eeba v\u1edbi b\u00e0n th\u00ed nghi\u1ec7m v\u00e0 d\u01b0\u1edbi c\u00e1c gi\u00e1. M\u1ed7i thi\u1ebft b\u1ecb bao g\u1ed3m m\u1ed9t g\u00f3i ph\u1ea7n m\u1ec1m, cung c\u1ea5p t\u00f9y ch\u1ecdn l\u01b0u d\u1eef li\u1ec7u v\u00e0o m\u00e1y t\u00ednh b\u00ean ngo\u00e0i ho\u1eb7c theo d\u00f5i t\u1ed1c \u0111\u1ed9 v\u00f2ng quay v\u00e0 nhi\u1ec7t \u0111\u1ed9 trong su\u1ed1t qu\u00e1 tr\u00ecnh ch\u1ea1y. Dung t\u00edch t\u1ed1i \u0111a l\u00e0 4 b\u00ecnh x 1L.<\/p>\n<p><strong>T\u00ednh n\u0103ng n\u1ed5i b\u1eadt:<\/strong><\/p>\n<ul>\n<li>\u0110\u1ed9 \u0111\u1ed3ng \u0111\u1ec1u nhi\u1ec7t \u0111\u1ed9 v\u01b0\u1ee3t tr\u1ed9i<\/li>\n<li>Khu v\u1ef1c xem l\u1edbn \u0111\u1ec3 theo d\u00f5i c\u00e1c m\u1eabu kh\u00f4ng b\u1ecb x\u00e1o tr\u1ed9n<\/li>\n<li>Ph\u1ea1m vi nhi\u1ec7t \u0111\u1ed9 r\u1ed9ng<\/li>\n<li>Nhi\u1ec1u t\u00f9y ch\u1ecdn k\u1ec7<\/li>\n<li>C\u01a1 ch\u1ebf l\u1eafc \u0111i\u1ec1u khi\u1ec3n ch\u00ednh x\u00e1c<\/li>\n<\/ul>\n<p><strong>Th\u00f4ng s\u1ed1 k\u1ef9 thu\u1eadt t\u00f9y ch\u1ecdn:<\/strong><\/p>\n<ul>\n<li>Ki\u1ec3u Plug: EU; US<\/li>\n<li>Ngu\u1ed3n \u0111i\u1ec7n: 120V; 230V<\/li>\n<\/ul>\n<p><strong>B\u1ea3ng \u0111i\u1ec1u khi\u1ec3n:<\/strong><\/p>\n<p><img decoding=\"async\" loading=\"lazy\" class=\"aligncenter size-full wp-image-2781\" src=\"https:\/\/biolabtek.vn\/wp-content\/uploads\/2023\/05\/Corning\u00ae-LSE\u2122-Benchtop-Shaking-Incubator-1.jpg\" alt=\"\" width=\"1036\" height=\"799\" srcset=\"https:\/\/biolabtek.vn\/wp-content\/uploads\/2023\/05\/Corning\u00ae-LSE\u2122-Benchtop-Shaking-Incubator-1.jpg 1036w, https:\/\/biolabtek.vn\/wp-content\/uploads\/2023\/05\/Corning\u00ae-LSE\u2122-Benchtop-Shaking-Incubator-1-519x400.jpg 519w, https:\/\/biolabtek.vn\/wp-content\/uploads\/2023\/05\/Corning\u00ae-LSE\u2122-Benchtop-Shaking-Incubator-1-768x592.jpg 768w, https:\/\/biolabtek.vn\/wp-content\/uploads\/2023\/05\/Corning\u00ae-LSE\u2122-Benchtop-Shaking-Incubator-1-600x463.jpg 600w\" sizes=\"(max-width: 1036px) 100vw, 1036px\" \/><\/p>\n<p style=\"text-align: left;\">Xem chi ti\u1ebft s\u1ea3n ph\u1ea9m:\u00a0<a href=\"https:\/\/ecatalog.corning.com\/life-sciences\/b2c\/US\/en\/Equipment\/Constant-Temperature-Equipment\/Shaking-Incubators\/Corning%C2%AE-LSE%E2%84%A2-Benchtop-Shaking-Incubator\/p\/corningLSEBenchtopShakingIncubator\">https:\/\/ecatalog.corning.com\/life-sciences\/b2c\/US\/en\/Equipment\/Constant-Temperature-Equipment\/Shaking-Incubators\/Corning%C2%AE-LSE%E2%84%A2-Benchtop-Shaking-Incubator\/p\/corningLSEBenchtopShakingIncubator<\/a><\/p>\n","protected":false},"excerpt":{"rendered":"<p>T\u1ee7 \u1ea5m l\u1eafc \u0111\u1ec3 b\u00e0n Corning\u00ae LSE\u2122 c\u00f3 b\u1ec7\u00a0l\u00e0 m\u1ed9t ki\u1ec3u d\u00e1ng \u0111\u1ec3 b\u00e0n, n\u1eafp tr\u00ean t\u1ee7 \u1ea5m l\u1eafc \u0111\u1ec3 b\u00e0n Corning c\u00f3 \u0111i\u1ec3m xoay th\u1ea5p mang l\u1ea1i k\u00edch th\u01b0\u1edbc ti\u1ebft ki\u1ec7m kh\u00f4ng gian ch\u1eafc ch\u1eafn \u0111\u1ec3 v\u1eeba v\u1edbi b\u00e0n th\u00ed nghi\u1ec7m v\u00e0 d\u01b0\u1edbi c\u00e1c gi\u00e1. M\u1ed7i thi\u1ebft b\u1ecb bao g\u1ed3m m\u1ed9t g\u00f3i ph\u1ea7n m\u1ec1m, [&hellip;]<\/p>\n","protected":false},"featured_media":2705,"comment_status":"open","ping_status":"closed","template":"","meta":[],"_links":{"self":[{"href":"https:\/\/biolabtek.vn\/index.php?rest_route=\/wp\/v2\/product\/2704"}],"collection":[{"href":"https:\/\/biolabtek.vn\/index.php?rest_route=\/wp\/v2\/product"}],"about":[{"href":"https:\/\/biolabtek.vn\/index.php?rest_route=\/wp\/v2\/types\/product"}],"replies":[{"embeddable":true,"href":"https:\/\/biolabtek.vn\/index.php?rest_route=%2Fwp%2Fv2%2Fcomments&post=2704"}],"wp:featuredmedia":[{"embeddable":true,"href":"https:\/\/biolabtek.vn\/index.php?rest_route=\/wp\/v2\/media\/2705"}],"wp:attachment":[{"href":"https:\/\/biolabtek.vn\/index.php?rest_route=%2Fwp%2Fv2%2Fmedia&parent=2704"}],"curies":[{"name":"wp","href":"https:\/\/api.w.org\/{rel}","templated":true}]}}