{"id":2693,"date":"2023-05-08T02:23:05","date_gmt":"2023-05-08T02:23:05","guid":{"rendered":"https:\/\/biolabtek.vn\/?post_type=product&#038;p=2693"},"modified":"2023-05-24T07:51:16","modified_gmt":"2023-05-24T07:51:16","slug":"corning-lse-compact-centrifuge","status":"publish","type":"product","link":"https:\/\/biolabtek.vn\/?product=corning-lse-compact-centrifuge","title":{"rendered":"Corning\u00ae LSE\u2122 Compact Centrifuge"},"content":{"rendered":"<p><strong>M\u00e1y ly t\u00e2m nh\u1ecf g\u1ecdn Corning LSE<\/strong> l\u00e0 m\u00e1y ly t\u00e2m ti\u1ebft ki\u1ec7m kh\u00f4ng gian l\u00fd t\u01b0\u1edfng \u0111\u1ec3 s\u1eed d\u1ee5ng trong c\u00e1c ph\u00f2ng th\u00ed nghi\u1ec7m nghi\u00ean c\u1ee9u c\u00f4ng nghi\u1ec7p v\u00e0 khoa h\u1ecdc \u0111\u1eddi s\u1ed1ng.<\/p>\n<p>B\u1ed1n r\u00f4to g\u00f3c c\u00f3 s\u1eb5n cho m\u00e1y ly t\u00e2m n\u00e0y, bao g\u1ed3m m\u1ed9t r\u00f4to k\u1ebft h\u1ee3p do Corning thi\u1ebft k\u1ebf \u0111\u1ec3 mang l\u1ea1i t\u00ednh linh ho\u1ea1t cao h\u01a1n. R\u00f4to \u0111a n\u0103ng n\u00e0y c\u00f3 th\u1ec3 ch\u1ee9a c\u00e1c k\u00edch c\u1ee1 \u1ed1ng kh\u00e1c nhau bao g\u1ed3m \u1ed1ng ly t\u00e2m si\u00eau nh\u1ecf 5 mL, c\u0169ng nh\u01b0 \u1ed1ng ly t\u00e2m \u0111\u00e1y tr\u00f2n v\u00e0 \u0111\u00e1y h\u00ecnh n\u00f3n 15 mL v\u00e0 50 mL. C\u00e1c \u1ed1ng \u0111\u01b0\u1ee3c \u0111\u01b0a v\u00e0o \u1edf m\u1ed9t g\u00f3c c\u1ed1 \u0111\u1ecbnh \u0111\u1ec3 cho ph\u00e9p c\u1ea3i thi\u1ec7n hi\u1ec7u qu\u1ea3 c\u1ee7a vi\u1ec7c t\u1ea1o h\u1ea1t t\u1ebf b\u00e0o. M\u1ed9t l\u1ef1c G b\u1eb1ng nhau \u0111\u01b0\u1ee3c \u00e1p d\u1ee5ng cho c\u00e1c m\u1eabu khi quay \u0111\u1ed3ng th\u1eddi c\u00e1c \u1ed1ng 15 mL v\u00e0 50 mL. Ngo\u00e0i ra, m\u00e1y ly t\u00e2m nh\u1ecf g\u1ecdn LSE c\u00f3 th\u1ec3 ch\u1ee9a m\u1ed9t c\u00e1nh qu\u1ea1t xoay cho 6 x 5 mL.<\/p>\n<p><strong>T\u00ednh n\u0103ng n\u1ed5i b\u1eadt:<\/strong><\/p>\n<ul>\n<li>B\u1ea3ng \u0111i\u1ec1u khi\u1ec3n c\u1ee7a m\u00e1y ly t\u00e2m c\u00f3 m\u00e0n h\u00ecnh k\u1ef9 thu\u1eadt s\u1ed1 l\u1edbn v\u00e0 n\u00fam xoay thu\u1eadn ti\u1ec7n \u0111\u1ec3 c\u00e0i \u0111\u1eb7t c\u00e1c gi\u00e1 tr\u1ecb tham s\u1ed1.<\/li>\n<li>M\u1ed9t b\u1ed9 vi x\u1eed l\u00fd b\u00ean trong duy tr\u00ec kh\u1ea3 n\u0103ng ki\u1ec3m so\u00e1t ch\u00ednh x\u00e1c \u0111\u1ed1i v\u1edbi ho\u1ea1t \u0111\u1ed9ng v\u1edbi m\u01b0\u1eddi m\u1ee9c t\u0103ng gi\u1ea3m t\u1ed1c v\u00e0 d\u1ea3i t\u1ed1c \u0111\u1ed9 t\u1eeb 200 v\u00f2ng\/ph\u00fat \u0111\u1ebfn 6.000 v\u00f2ng\/ph\u00fat.<\/li>\n<li>\u0110\u1ec3 \u0111\u1ea3m b\u1ea3o an to\u00e0n, m\u00e1y ly t\u00e2m \u0111\u01b0\u1ee3c trang b\u1ecb h\u1ec7 th\u1ed1ng kh\u00f3a n\u1eafp \u0111i\u1ec7n t\u1eed, b\u1ea3o v\u1ec7 qu\u00e1 t\u1ed1c \u0111\u1ed9 v\u00e0 h\u1ec7 th\u1ed1ng ph\u00e1t hi\u1ec7n m\u1ea5t c\u00e2n b\u1eb1ng t\u1ef1 \u0111\u1ed9ng t\u1eaft.<\/li>\n<li>Dung t\u00edch t\u1ed1i \u0111a: 6 x 50 mL<\/li>\n<li>T\u1ed1c \u0111\u1ed9 t\u1ed1i \u0111a: 6.000 v\u00f2ng\/ph\u00fat\/4.185 x g<\/li>\n<li>Ch\u1ea5p nh\u1eadn c\u1ea3 \u1ed1ng \u0111\u00e1y h\u00ecnh n\u00f3n v\u00e0 tr\u00f2n<\/li>\n<li>D\u1ea5u ch\u00e2n ti\u1ebft ki\u1ec7m kh\u00f4ng gian: 11 x 14,6 x 10 in.<\/li>\n<\/ul>\n<p><strong>Th\u00f4ng s\u1ed1 k\u1ef9 thu\u1eadt t\u00f9y ch\u1ecdn:<\/strong><\/p>\n<ul>\n<li>Ki\u1ec3u Plug: UK; US<\/li>\n<li>Ngu\u1ed3n \u0111i\u1ec7n: 100V, 50-60Hz; 120V, 50-60Hz; 230V, 50-60Hz<\/li>\n<\/ul>\n<p style=\"text-align: left;\">Xem chi ti\u1ebft s\u1ea3n ph\u1ea9m:\u00a0<a href=\"https:\/\/ecatalog.corning.com\/life-sciences\/b2b\/US\/en\/Equipment\/Centrifuges\/Compact-Centrifuges\/Corning%C2%AE-LSE%E2%84%A2-Compact-Centrifuge\/p\/corningLSECompactCentrifuge\">https:\/\/ecatalog.corning.com\/life-sciences\/b2b\/US\/en\/Equipment\/Centrifuges\/Compact-Centrifuges\/Corning%C2%AE-LSE%E2%84%A2-Compact-Centrifuge\/p\/corningLSECompactCentrifuge<\/a><\/p>\n","protected":false},"excerpt":{"rendered":"<p>M\u00e1y ly t\u00e2m nh\u1ecf g\u1ecdn Corning LSE l\u00e0 m\u00e1y ly t\u00e2m ti\u1ebft ki\u1ec7m kh\u00f4ng gian l\u00fd t\u01b0\u1edfng \u0111\u1ec3 s\u1eed d\u1ee5ng trong c\u00e1c ph\u00f2ng th\u00ed nghi\u1ec7m nghi\u00ean c\u1ee9u c\u00f4ng nghi\u1ec7p v\u00e0 khoa h\u1ecdc \u0111\u1eddi s\u1ed1ng. B\u1ed1n r\u00f4to g\u00f3c c\u00f3 s\u1eb5n cho m\u00e1y ly t\u00e2m n\u00e0y, bao g\u1ed3m m\u1ed9t r\u00f4to k\u1ebft h\u1ee3p do Corning thi\u1ebft k\u1ebf \u0111\u1ec3 [&hellip;]<\/p>\n","protected":false},"featured_media":2694,"comment_status":"open","ping_status":"closed","template":"","meta":[],"_links":{"self":[{"href":"https:\/\/biolabtek.vn\/index.php?rest_route=\/wp\/v2\/product\/2693"}],"collection":[{"href":"https:\/\/biolabtek.vn\/index.php?rest_route=\/wp\/v2\/product"}],"about":[{"href":"https:\/\/biolabtek.vn\/index.php?rest_route=\/wp\/v2\/types\/product"}],"replies":[{"embeddable":true,"href":"https:\/\/biolabtek.vn\/index.php?rest_route=%2Fwp%2Fv2%2Fcomments&post=2693"}],"wp:featuredmedia":[{"embeddable":true,"href":"https:\/\/biolabtek.vn\/index.php?rest_route=\/wp\/v2\/media\/2694"}],"wp:attachment":[{"href":"https:\/\/biolabtek.vn\/index.php?rest_route=%2Fwp%2Fv2%2Fmedia&parent=2693"}],"curies":[{"name":"wp","href":"https:\/\/api.w.org\/{rel}","templated":true}]}}