{"id":2687,"date":"2023-05-08T02:06:30","date_gmt":"2023-05-08T02:06:30","guid":{"rendered":"https:\/\/biolabtek.vn\/?post_type=product&#038;p=2687"},"modified":"2023-05-24T07:52:51","modified_gmt":"2023-05-24T07:52:51","slug":"corning-lse-mini-microcentrifuge","status":"publish","type":"product","link":"https:\/\/biolabtek.vn\/?product=corning-lse-mini-microcentrifuge","title":{"rendered":"Corning\u00ae LSE\u2122 Mini Microcentrifuge"},"content":{"rendered":"<p><strong>M\u00e1y ly t\u00e2m si\u00eau nh\u1ecf Corning LSE<\/strong> l\u00e0 m\u1ed9t d\u1ee5ng c\u1ee5 c\u00e1 nh\u00e2n \u0111\u1ec3 b\u00e0n \u0111\u01b0\u1ee3c thi\u1ebft k\u1ebf \u0111\u1ec3 quay nhanh c\u00e1c m\u1eabu si\u00eau nh\u1ecf. Ho\u1ea1t \u0111\u1ed9ng \u0111\u01a1n gi\u1ea3n v\u00e0 thu\u1eadn ti\u1ec7n. Sau khi n\u1ea1p c\u00e1c \u1ed1ng m\u1eabu, \u0111\u00f3ng n\u1eafp l\u1ea1i v\u00e0 r\u00f4-to t\u0103ng t\u1ed1c nhanh ch\u00f3ng l\u00ean 6.000 v\u00f2ng\/ph\u00fat (2.000 x g). Ph\u1ea1m vi t\u1ed1c \u0111\u1ed9 n\u00e0y l\u00e0 l\u00fd t\u01b0\u1edfng \u0111\u1ec3 \u0111\u01b0a c\u00e1c gi\u1ecdt nh\u1ecf xu\u1ed1ng \u0111\u00e1y \u1ed1ng, vi l\u1ecdc ho\u1eb7c ph\u00e2n t\u00e1ch c\u01a1 b\u1ea3n. Nh\u1ea5n n\u00fat nh\u1ea3 n\u1eafp v\u00e0 r\u00f4to d\u1eebng l\u1ea1i.<\/p>\n<p>M\u00e1y ly t\u00e2m mini LSE bao g\u1ed3m m\u1ed9t r\u00f4to 8 v\u1ecb tr\u00ed cho c\u00e1c \u1ed1ng ly t\u00e2m si\u00eau nh\u1ecf ti\u00eau chu\u1ea9n 1,5 mL \u0111\u1ebfn 2,0 mL v\u00e0 b\u1ed9 \u0111i\u1ec1u h\u1ee3p \u0111\u01b0\u1ee3c bao g\u1ed3m cho c\u00e1c \u1ed1ng 0,5\/0,4 mL v\u00e0 0,2 mL. Ngo\u00e0i ra c\u00f2n c\u00f3 m\u1ed9t r\u00f4-to 4 ch\u1ed7 cho c\u00e1c \u1ed1ng d\u1ea3i PCR.<\/p>\n<p><strong>T\u00ednh n\u0103ng n\u1ed5i b\u1eadt:<\/strong><\/p>\n<ul>\n<li>Nh\u1ecf g\u1ecdn, nh\u1eb9 v\u00e0 d\u1ec5 s\u1eed d\u1ee5ng<\/li>\n<li>\u0110\u00f3ng n\u1eafp \u0111\u1ec3 b\u1eaft \u0111\u1ea7u, nh\u1ea5n n\u00fat m\u1edf n\u1eafp \u0111\u1ec3 d\u1eebng<\/li>\n<li>Bao g\u1ed3m r\u00f4to 8 x 1,5\/2,0 mL v\u00e0 r\u00f4to \u1ed1ng d\u1ea3i 4 v\u1ecb tr\u00ed<\/li>\n<li>T\u1ed1c \u0111\u1ed9 c\u1ed1 \u0111\u1ecbnh 6.000 v\u00f2ng \/ ph\u00fat t\u1ea1o ra 2.000 x g.<\/li>\n<\/ul>\n<p><strong>Th\u00f4ng s\u1ed1 k\u1ef9 thu\u1eadt t\u00f9y ch\u1ecdn:<\/strong><\/p>\n<ul>\n<li>Ki\u1ec3u plug: EK; N\/A<\/li>\n<li>Ngu\u1ed3n \u0111i\u1ec7n: 230V, 50-60Hz; AC100-240V, 50\/60Hz<\/li>\n<\/ul>\n<p><img decoding=\"async\" loading=\"lazy\" class=\"aligncenter size-full wp-image-2769\" src=\"https:\/\/biolabtek.vn\/wp-content\/uploads\/2023\/05\/Corning\u00ae-LSE\u2122-Mini-Microcentrifuge-4.jpg\" alt=\"\" width=\"717\" height=\"210\" srcset=\"https:\/\/biolabtek.vn\/wp-content\/uploads\/2023\/05\/Corning\u00ae-LSE\u2122-Mini-Microcentrifuge-4.jpg 717w, https:\/\/biolabtek.vn\/wp-content\/uploads\/2023\/05\/Corning\u00ae-LSE\u2122-Mini-Microcentrifuge-4-600x176.jpg 600w\" sizes=\"(max-width: 717px) 100vw, 717px\" \/><\/p>\n<p><img decoding=\"async\" loading=\"lazy\" class=\"aligncenter size-full wp-image-2766\" src=\"https:\/\/biolabtek.vn\/wp-content\/uploads\/2023\/05\/Corning\u00ae-LSE\u2122-Mini-Microcentrifuge-1.jpg\" alt=\"\" width=\"637\" height=\"683\" srcset=\"https:\/\/biolabtek.vn\/wp-content\/uploads\/2023\/05\/Corning\u00ae-LSE\u2122-Mini-Microcentrifuge-1.jpg 637w, https:\/\/biolabtek.vn\/wp-content\/uploads\/2023\/05\/Corning\u00ae-LSE\u2122-Mini-Microcentrifuge-1-373x400.jpg 373w, https:\/\/biolabtek.vn\/wp-content\/uploads\/2023\/05\/Corning\u00ae-LSE\u2122-Mini-Microcentrifuge-1-600x643.jpg 600w\" sizes=\"(max-width: 637px) 100vw, 637px\" \/><\/p>\n<p><img decoding=\"async\" loading=\"lazy\" class=\"aligncenter size-full wp-image-2767\" src=\"https:\/\/biolabtek.vn\/wp-content\/uploads\/2023\/05\/Corning\u00ae-LSE\u2122-Mini-Microcentrifuge-2.jpg\" alt=\"\" width=\"682\" height=\"639\" srcset=\"https:\/\/biolabtek.vn\/wp-content\/uploads\/2023\/05\/Corning\u00ae-LSE\u2122-Mini-Microcentrifuge-2.jpg 682w, https:\/\/biolabtek.vn\/wp-content\/uploads\/2023\/05\/Corning\u00ae-LSE\u2122-Mini-Microcentrifuge-2-427x400.jpg 427w, https:\/\/biolabtek.vn\/wp-content\/uploads\/2023\/05\/Corning\u00ae-LSE\u2122-Mini-Microcentrifuge-2-600x562.jpg 600w\" sizes=\"(max-width: 682px) 100vw, 682px\" \/><\/p>\n<p><img decoding=\"async\" loading=\"lazy\" class=\"aligncenter size-full wp-image-2768\" src=\"https:\/\/biolabtek.vn\/wp-content\/uploads\/2023\/05\/Corning\u00ae-LSE\u2122-Mini-Microcentrifuge-3.jpg\" alt=\"\" width=\"700\" height=\"702\" srcset=\"https:\/\/biolabtek.vn\/wp-content\/uploads\/2023\/05\/Corning\u00ae-LSE\u2122-Mini-Microcentrifuge-3.jpg 700w, https:\/\/biolabtek.vn\/wp-content\/uploads\/2023\/05\/Corning\u00ae-LSE\u2122-Mini-Microcentrifuge-3-280x280.jpg 280w, https:\/\/biolabtek.vn\/wp-content\/uploads\/2023\/05\/Corning\u00ae-LSE\u2122-Mini-Microcentrifuge-3-399x400.jpg 399w, https:\/\/biolabtek.vn\/wp-content\/uploads\/2023\/05\/Corning\u00ae-LSE\u2122-Mini-Microcentrifuge-3-300x300.jpg 300w, https:\/\/biolabtek.vn\/wp-content\/uploads\/2023\/05\/Corning\u00ae-LSE\u2122-Mini-Microcentrifuge-3-600x602.jpg 600w, https:\/\/biolabtek.vn\/wp-content\/uploads\/2023\/05\/Corning\u00ae-LSE\u2122-Mini-Microcentrifuge-3-100x100.jpg 100w\" sizes=\"(max-width: 700px) 100vw, 700px\" \/><\/p>\n<p><strong>Roto t\u00f9y ch\u1ecdn:<\/strong><\/p>\n<p><img decoding=\"async\" loading=\"lazy\" class=\"aligncenter size-full wp-image-2765\" src=\"https:\/\/biolabtek.vn\/wp-content\/uploads\/2023\/05\/Corning\u00ae-LSE\u2122-Mini-Microcentrifuge-roto.jpg\" alt=\"\" width=\"761\" height=\"263\" srcset=\"https:\/\/biolabtek.vn\/wp-content\/uploads\/2023\/05\/Corning\u00ae-LSE\u2122-Mini-Microcentrifuge-roto.jpg 761w, https:\/\/biolabtek.vn\/wp-content\/uploads\/2023\/05\/Corning\u00ae-LSE\u2122-Mini-Microcentrifuge-roto-600x207.jpg 600w\" sizes=\"(max-width: 761px) 100vw, 761px\" \/><\/p>\n<p style=\"text-align: left;\">Xem chi ti\u1ebft s\u1ea3n ph\u1ea9m:\u00a0<a href=\"https:\/\/ecatalog.corning.com\/life-sciences\/b2b\/US\/en\/Equipment\/Centrifuges\/Mini-Microcentrifuges\/Corning%C2%AE-LSE%E2%84%A2-Mini-Microcentrifuge\/p\/corningLSEMiniMicrocentrifuge\">https:\/\/ecatalog.corning.com\/life-sciences\/b2b\/US\/en\/Equipment\/Centrifuges\/Mini-Microcentrifuges\/Corning%C2%AE-LSE%E2%84%A2-Mini-Microcentrifuge\/p\/corningLSEMiniMicrocentrifuge<\/a><\/p>\n","protected":false},"excerpt":{"rendered":"<p>M\u00e1y ly t\u00e2m si\u00eau nh\u1ecf Corning LSE l\u00e0 m\u1ed9t d\u1ee5ng c\u1ee5 c\u00e1 nh\u00e2n \u0111\u1ec3 b\u00e0n \u0111\u01b0\u1ee3c thi\u1ebft k\u1ebf \u0111\u1ec3 quay nhanh c\u00e1c m\u1eabu si\u00eau nh\u1ecf. Ho\u1ea1t \u0111\u1ed9ng \u0111\u01a1n gi\u1ea3n v\u00e0 thu\u1eadn ti\u1ec7n. Sau khi n\u1ea1p c\u00e1c \u1ed1ng m\u1eabu, \u0111\u00f3ng n\u1eafp l\u1ea1i v\u00e0 r\u00f4-to t\u0103ng t\u1ed1c nhanh ch\u00f3ng l\u00ean 6.000 v\u00f2ng\/ph\u00fat (2.000 x g). Ph\u1ea1m vi [&hellip;]<\/p>\n","protected":false},"featured_media":2688,"comment_status":"open","ping_status":"closed","template":"","meta":[],"_links":{"self":[{"href":"https:\/\/biolabtek.vn\/index.php?rest_route=\/wp\/v2\/product\/2687"}],"collection":[{"href":"https:\/\/biolabtek.vn\/index.php?rest_route=\/wp\/v2\/product"}],"about":[{"href":"https:\/\/biolabtek.vn\/index.php?rest_route=\/wp\/v2\/types\/product"}],"replies":[{"embeddable":true,"href":"https:\/\/biolabtek.vn\/index.php?rest_route=%2Fwp%2Fv2%2Fcomments&post=2687"}],"wp:featuredmedia":[{"embeddable":true,"href":"https:\/\/biolabtek.vn\/index.php?rest_route=\/wp\/v2\/media\/2688"}],"wp:attachment":[{"href":"https:\/\/biolabtek.vn\/index.php?rest_route=%2Fwp%2Fv2%2Fmedia&parent=2687"}],"curies":[{"name":"wp","href":"https:\/\/api.w.org\/{rel}","templated":true}]}}