{"id":2682,"date":"2023-05-05T10:05:39","date_gmt":"2023-05-05T10:05:39","guid":{"rendered":"https:\/\/biolabtek.vn\/?post_type=product&#038;p=2682"},"modified":"2023-05-24T07:53:05","modified_gmt":"2023-05-24T07:53:05","slug":"corning-lse-nutating-mixer-120v","status":"publish","type":"product","link":"https:\/\/biolabtek.vn\/?product=corning-lse-nutating-mixer-120v","title":{"rendered":"Corning\u00ae LSE\u2122 Nutating Mixer, 120V"},"content":{"rendered":"<p><strong>M\u00e1y tr\u1ed9n Nutating Corning\u00ae LSE\u2122<\/strong> l\u00e0 m\u1ed9t m\u00e1y tr\u1ed9n nh\u1ecf g\u1ecdn k\u1ebft h\u1ee3p chuy\u1ec3n \u0111\u1ed9ng c\u1ee7a m\u00e1y l\u1eafc qu\u1ef9 \u0111\u1ea1o v\u00e0 m\u00e1y l\u1eafc n\u1ec1n \u0111\u1ec3 t\u1ea1o ra c\u1eed ch\u1ec9 khu\u1ea5y \u0111\u1ed9ng ba chi\u1ec1u li\u00ean t\u1ee5c. \u0110\u1ea7u ra th\u1ec3 hi\u1ec7n s\u1ef1 pha tr\u1ed9n k\u1ef9 l\u01b0\u1ee1ng nh\u01b0ng nh\u1eb9 nh\u00e0ng m\u00e0 kh\u00f4ng t\u1ea1o b\u1ecdt. Cao \u0111\u1ed9 v\u00e0 t\u1ed1c \u0111\u1ed9 c\u1ee7a m\u00e1y \u0111\u01b0\u1ee3c thi\u1ebft k\u1ebf \u0111\u1ec3 mang l\u1ea1i chuy\u1ec3n \u0111\u1ed9ng t\u1ed1i \u01b0u cho vi\u1ec7c tr\u1ed9n v\u00e0 t\u1ea1o huy\u1ec1n ph\u00f9 m\u1eabu trong c\u00e1c b\u00ecnh th\u1ec3 t\u00edch nh\u1ecf nh\u01b0 \u1ed1ng m\u00e1u v\u00e0 \u1ed1ng ly t\u00e2m. T\u1ea5m th\u1ea3m c\u00f3 v\u1ebft l\u00f5m tr\u00ean b\u1ec1 m\u1eb7t b\u1ec7 gi\u1eef c\u1ed1 \u0111\u1ecbnh c\u00e1c \u1ed1ng trong khi thi\u1ebft b\u1ecb \u0111\u01b0\u1ee3c b\u1eadt ngu\u1ed3n.<\/p>\n<p><strong>T\u00ednh n\u0103ng n\u1ed5i b\u1eadt:<\/strong><\/p>\n<ul>\n<li>D\u1ea5u ch\u00e2n nh\u1ecf<\/li>\n<li>T\u01b0\u01a1ng th\u00edch ph\u00f2ng l\u1ea1nh<\/li>\n<li>Mat l\u00fam \u0111\u1ed3ng ti\u1ec1n<\/li>\n<li>Chuy\u1ec3n \u0111\u1ed9ng 3D gi\u00fap l\u00fd t\u01b0\u1edfng \u0111\u1ec3 mix c\u00e1c m\u1eabu.<\/li>\n<\/ul>\n<p><strong>Th\u00f4ng tin k\u1ef9 thu\u1eadt:<\/strong><\/p>\n<ul>\n<li>Code:\u00a0 6720<\/li>\n<li>Nhi\u1ec7t \u0111\u1ed9: 4\u00b0C (ph\u00f2ng l\u1ea1nh) \u0111\u1ebfn 40\u00b0C, \u0111\u1ed9 \u1ea9m l\u00ean t\u1edbi 80%, kh\u00f4ng ng\u01b0ng t\u1ee5<\/li>\n<li>Ngu\u1ed3n \u0111i\u1ec7n: 120V, 50\/60Hz<\/li>\n<li>C\u01b0\u1eddng \u0111\u1ed9 d\u00f2ng \u0111i\u1ec7n: 0,03 ampe<\/li>\n<li>T\u1ed1c \u0111\u1ed9: 24 v\u00f2ng \/ ph\u00fat<\/li>\n<li>K\u00edch th\u01b0\u1edbc (L x W x H):\u00a0 9,5 x 5,75 x 6,75 inch (24 x 14,6 x 17 cm)<\/li>\n<li>Lo\u1ea1i ph\u00edch c\u1eafm: US Plug<\/li>\n<li>K\u00edch th\u01b0\u1edbc (R\u1ed9ng x S\u00e2u x Cao): 9,5 x 6,75 inch (24 x 17 cm)<\/li>\n<li>T\u1ea3i tr\u1ecdng t\u1ed1i \u0111a: 1,75 lbs (0,8 kg) c\u00e2n b\u1eb1ng<\/li>\n<li>Pitch: 20\u00b0 c\u1ed1 \u0111\u1ecbnh<\/li>\n<li>C\u00e2n n\u1eb7ng: 1,88 lbs. (0,85kg)<\/li>\n<\/ul>\n<p><img decoding=\"async\" loading=\"lazy\" class=\"aligncenter size-full wp-image-2764\" src=\"https:\/\/biolabtek.vn\/wp-content\/uploads\/2023\/05\/Corning\u00ae-LSE\u2122-Nutating-Mixer-120V-1.jpg\" alt=\"\" width=\"657\" height=\"467\" srcset=\"https:\/\/biolabtek.vn\/wp-content\/uploads\/2023\/05\/Corning\u00ae-LSE\u2122-Nutating-Mixer-120V-1.jpg 657w, https:\/\/biolabtek.vn\/wp-content\/uploads\/2023\/05\/Corning\u00ae-LSE\u2122-Nutating-Mixer-120V-1-563x400.jpg 563w, https:\/\/biolabtek.vn\/wp-content\/uploads\/2023\/05\/Corning\u00ae-LSE\u2122-Nutating-Mixer-120V-1-600x426.jpg 600w\" sizes=\"(max-width: 657px) 100vw, 657px\" \/><\/p>\n<p style=\"text-align: left;\">Xem chi ti\u1ebft s\u1ea3n ph\u1ea9m:\u00a0<a href=\"https:\/\/ecatalog.corning.com\/life-sciences\/b2b\/US\/en\/Equipment\/Agitation-Equipment\/Corning%C2%AE-LSE%E2%84%A2-Nutating-Mixer\/p\/6720\">https:\/\/ecatalog.corning.com\/life-sciences\/b2b\/US\/en\/Equipment\/Agitation-Equipment\/Corning%C2%AE-LSE%E2%84%A2-Nutating-Mixer\/p\/6720<\/a><\/p>\n","protected":false},"excerpt":{"rendered":"<p>M\u00e1y tr\u1ed9n Nutating Corning\u00ae LSE\u2122 l\u00e0 m\u1ed9t m\u00e1y tr\u1ed9n nh\u1ecf g\u1ecdn k\u1ebft h\u1ee3p chuy\u1ec3n \u0111\u1ed9ng c\u1ee7a m\u00e1y l\u1eafc qu\u1ef9 \u0111\u1ea1o v\u00e0 m\u00e1y l\u1eafc n\u1ec1n \u0111\u1ec3 t\u1ea1o ra c\u1eed ch\u1ec9 khu\u1ea5y \u0111\u1ed9ng ba chi\u1ec1u li\u00ean t\u1ee5c. \u0110\u1ea7u ra th\u1ec3 hi\u1ec7n s\u1ef1 pha tr\u1ed9n k\u1ef9 l\u01b0\u1ee1ng nh\u01b0ng nh\u1eb9 nh\u00e0ng m\u00e0 kh\u00f4ng t\u1ea1o b\u1ecdt. Cao \u0111\u1ed9 v\u00e0 t\u1ed1c [&hellip;]<\/p>\n","protected":false},"featured_media":2683,"comment_status":"open","ping_status":"closed","template":"","meta":[],"_links":{"self":[{"href":"https:\/\/biolabtek.vn\/index.php?rest_route=\/wp\/v2\/product\/2682"}],"collection":[{"href":"https:\/\/biolabtek.vn\/index.php?rest_route=\/wp\/v2\/product"}],"about":[{"href":"https:\/\/biolabtek.vn\/index.php?rest_route=\/wp\/v2\/types\/product"}],"replies":[{"embeddable":true,"href":"https:\/\/biolabtek.vn\/index.php?rest_route=%2Fwp%2Fv2%2Fcomments&post=2682"}],"wp:featuredmedia":[{"embeddable":true,"href":"https:\/\/biolabtek.vn\/index.php?rest_route=\/wp\/v2\/media\/2683"}],"wp:attachment":[{"href":"https:\/\/biolabtek.vn\/index.php?rest_route=%2Fwp%2Fv2%2Fmedia&parent=2682"}],"curies":[{"name":"wp","href":"https:\/\/api.w.org\/{rel}","templated":true}]}}