{"id":2678,"date":"2023-05-05T09:51:08","date_gmt":"2023-05-05T09:51:08","guid":{"rendered":"https:\/\/biolabtek.vn\/?post_type=product&#038;p=2678"},"modified":"2023-05-24T07:52:09","modified_gmt":"2023-05-24T07:52:09","slug":"corning-lse-digital-vortexer-and-accessories","status":"publish","type":"product","link":"https:\/\/biolabtek.vn\/?product=corning-lse-digital-vortexer-and-accessories","title":{"rendered":"Corning\u00ae LSE\u2122 Digital Vortexer and Accessories"},"content":{"rendered":"<p><strong>Corning Digital Vortexer<\/strong> l\u00e0 m\u00e1y l\u1eafc \u0111a n\u0103ng d\u00e0nh ri\u00eang cho nhi\u1ec1u \u1ee9ng d\u1ee5ng l\u1eafc v\u00e0 tr\u1ed9n. Ba b\u1ec7 d\u1ec5 d\u00e0ng th\u00e1o l\u1eafp v\u00e0 ho\u00e1n \u0111\u1ed5i cho nhau ch\u1ee9a nhi\u1ec1u v\u1eadt ch\u1ee9a m\u1eabu kh\u00e1c nhau nh\u01b0 b\u00ecnh, chai, gi\u00e1 \u0111\u1ee1 \u1ed1ng nghi\u1ec7m, \u0111\u0129a, h\u1ed9p v\u00e0 \u0111\u0129a. B\u1ec7 k\u1eb9p c\u00f3 c\u00e1c thanh gi\u1eef l\u00f2 xo c\u00f3 th\u1ec3 \u0111i\u1ec1u ch\u1ec9nh \u0111\u1ec3 ph\u00f9 h\u1ee3p v\u1edbi c\u00e1c b\u00ecnh c\u00f3 h\u00ecnh d\u1ea1ng v\u00e0 k\u00edch c\u1ee1 kh\u00e1c nhau. N\u1ec1n t\u1ea3ng vi b\u1ea3n \u0111\u01b0\u1ee3c thi\u1ebft k\u1ebf \u0111\u1ec3 gi\u1eef t\u1ed1i \u0111a b\u1ed1n b\u1ea3n vi b\u1ea3n m\u1ed9t c\u00e1ch an to\u00e0n. Ho\u1ea1t \u0111\u1ed9ng c\u1ee7a m\u00e1y t\u1ea1o xo\u00e1y c\u00f3 th\u1ec3 \u0111\u01b0\u1ee3c \u0111\u1ecbnh gi\u1edd ho\u1eb7c li\u00ean t\u1ee5c, trong khi t\u1ed1c \u0111\u1ed9 c\u00f3 th\u1ec3 thay \u0111\u1ed5i. Ph\u1ea1m vi t\u1ed1c \u0111\u1ed9 r\u1ed9ng cho ph\u00e9p m\u00e1y t\u1ea1o xo\u00e1y \u0111\u01b0\u1ee3c s\u1eed d\u1ee5ng \u0111\u1ec3 tr\u1ed9n nh\u1eb9 c\u0169ng nh\u01b0 khu\u1ea5y m\u1ea1nh. \u0110\u1ed9ng c\u01a1 m\u1ea1nh m\u1ebd, b\u1ec1 m\u1eb7t kh\u00e1ng h\u00f3a ch\u1ea5t v\u00e0 d\u1ec5 lau ch\u00f9i l\u00e0m cho thi\u1ebft b\u1ecb tr\u1edf th\u00e0nh s\u1ef1 l\u1ef1a ch\u1ecdn ho\u00e0n h\u1ea3o trong nhi\u1ec1u n\u0103m s\u1eed d\u1ee5ng m\u00e0 kh\u00f4ng g\u1eb7p s\u1ef1 c\u1ed1.<\/p>\n<p><strong>C\u00e1c t\u00ednh n\u0103ng v\u00e0 l\u1ee3i \u00edch:<\/strong><\/p>\n<ul>\n<li>Ba t\u00f9y ch\u1ecdn b\u1ec1 m\u1eb7t linh ho\u1ea1t (c\u00f3 s\u1eb5n ri\u00eang)<\/li>\n<li>Thi\u1ebft k\u1ebf nh\u1ecf g\u1ecdn v\u1edbi b\u1ea3ng \u0111i\u1ec1u khi\u1ec3n d\u1ec5 truy c\u1eadp<\/li>\n<li>Th\u1ea3m cao su ch\u1ed1ng tr\u01b0\u1ee3t \u0111\u1ec3 gi\u1eef h\u1ed9p \u0111\u00fang v\u1ecb tr\u00ed<\/li>\n<li>An to\u00e0n khi s\u1eed d\u1ee5ng trong ph\u00f2ng l\u1ea1nh ho\u1eb7c l\u1ed3ng \u1ea5p<\/li>\n<li>B\u1ea3o h\u00e0nh n\u0103m n\u0103m<\/li>\n<li>Ngu\u1ed3n \u0111i\u1ec7n (t\u00f9y ch\u1ecdn): 115V, 60Hz; 230V, 50Hz; N\/A<\/li>\n<\/ul>\n<p><strong>B\u1ea3ng \u0111i\u1ec1u khi\u1ec3n:<\/strong><\/p>\n<p><img decoding=\"async\" loading=\"lazy\" class=\"aligncenter size-full wp-image-2774\" src=\"https:\/\/biolabtek.vn\/wp-content\/uploads\/2023\/05\/Corning\u00ae-LSE\u2122-Digital-Vortexer-230V-3.jpg\" alt=\"\" width=\"603\" height=\"429\" srcset=\"https:\/\/biolabtek.vn\/wp-content\/uploads\/2023\/05\/Corning\u00ae-LSE\u2122-Digital-Vortexer-230V-3.jpg 603w, https:\/\/biolabtek.vn\/wp-content\/uploads\/2023\/05\/Corning\u00ae-LSE\u2122-Digital-Vortexer-230V-3-562x400.jpg 562w, https:\/\/biolabtek.vn\/wp-content\/uploads\/2023\/05\/Corning\u00ae-LSE\u2122-Digital-Vortexer-230V-3-600x427.jpg 600w\" sizes=\"(max-width: 603px) 100vw, 603px\" \/><\/p>\n<p><img decoding=\"async\" loading=\"lazy\" class=\"aligncenter size-full wp-image-2775\" src=\"https:\/\/biolabtek.vn\/wp-content\/uploads\/2023\/05\/Corning\u00ae-LSE\u2122-Digital-Vortexer-230V.jpg\" alt=\"\" width=\"832\" height=\"627\" srcset=\"https:\/\/biolabtek.vn\/wp-content\/uploads\/2023\/05\/Corning\u00ae-LSE\u2122-Digital-Vortexer-230V.jpg 832w, https:\/\/biolabtek.vn\/wp-content\/uploads\/2023\/05\/Corning\u00ae-LSE\u2122-Digital-Vortexer-230V-531x400.jpg 531w, https:\/\/biolabtek.vn\/wp-content\/uploads\/2023\/05\/Corning\u00ae-LSE\u2122-Digital-Vortexer-230V-768x579.jpg 768w, https:\/\/biolabtek.vn\/wp-content\/uploads\/2023\/05\/Corning\u00ae-LSE\u2122-Digital-Vortexer-230V-600x452.jpg 600w\" sizes=\"(max-width: 832px) 100vw, 832px\" \/><\/p>\n<p><img decoding=\"async\" loading=\"lazy\" class=\"aligncenter size-full wp-image-2776\" src=\"https:\/\/biolabtek.vn\/wp-content\/uploads\/2023\/05\/Corning\u00ae-LSE\u2122-Digital-Vortexer-230V-2.jpg\" alt=\"\" width=\"829\" height=\"626\" srcset=\"https:\/\/biolabtek.vn\/wp-content\/uploads\/2023\/05\/Corning\u00ae-LSE\u2122-Digital-Vortexer-230V-2.jpg 829w, https:\/\/biolabtek.vn\/wp-content\/uploads\/2023\/05\/Corning\u00ae-LSE\u2122-Digital-Vortexer-230V-2-530x400.jpg 530w, https:\/\/biolabtek.vn\/wp-content\/uploads\/2023\/05\/Corning\u00ae-LSE\u2122-Digital-Vortexer-230V-2-768x580.jpg 768w, https:\/\/biolabtek.vn\/wp-content\/uploads\/2023\/05\/Corning\u00ae-LSE\u2122-Digital-Vortexer-230V-2-600x453.jpg 600w\" sizes=\"(max-width: 829px) 100vw, 829px\" \/><\/p>\n<p style=\"text-align: left;\">Xem chi ti\u1ebft s\u1ea3n ph\u1ea9m:\u00a0<a href=\"https:\/\/ecatalog.corning.com\/life-sciences\/b2b\/US\/en\/Equipment\/Agitation-Equipment\/Digital-Vortexer-and-Accessories\/Corning%C2%AE-LSE%E2%84%A2-Digital-Vortexer-and-Accessories\/p\/CorningLSEDigitalVortexerAndAccessories\">https:\/\/ecatalog.corning.com\/life-sciences\/b2b\/US\/en\/Equipment\/Agitation-Equipment\/Digital-Vortexer-and-Accessories\/Corning%C2%AE-LSE%E2%84%A2-Digital-Vortexer-and-Accessories\/p\/CorningLSEDigitalVortexerAndAccessories<\/a><\/p>\n","protected":false},"excerpt":{"rendered":"<p>Corning Digital Vortexer l\u00e0 m\u00e1y l\u1eafc \u0111a n\u0103ng d\u00e0nh ri\u00eang cho nhi\u1ec1u \u1ee9ng d\u1ee5ng l\u1eafc v\u00e0 tr\u1ed9n. Ba b\u1ec7 d\u1ec5 d\u00e0ng th\u00e1o l\u1eafp v\u00e0 ho\u00e1n \u0111\u1ed5i cho nhau ch\u1ee9a nhi\u1ec1u v\u1eadt ch\u1ee9a m\u1eabu kh\u00e1c nhau nh\u01b0 b\u00ecnh, chai, gi\u00e1 \u0111\u1ee1 \u1ed1ng nghi\u1ec7m, \u0111\u0129a, h\u1ed9p v\u00e0 \u0111\u0129a. B\u1ec7 k\u1eb9p c\u00f3 c\u00e1c thanh gi\u1eef l\u00f2 xo c\u00f3 [&hellip;]<\/p>\n","protected":false},"featured_media":2681,"comment_status":"open","ping_status":"closed","template":"","meta":[],"_links":{"self":[{"href":"https:\/\/biolabtek.vn\/index.php?rest_route=\/wp\/v2\/product\/2678"}],"collection":[{"href":"https:\/\/biolabtek.vn\/index.php?rest_route=\/wp\/v2\/product"}],"about":[{"href":"https:\/\/biolabtek.vn\/index.php?rest_route=\/wp\/v2\/types\/product"}],"replies":[{"embeddable":true,"href":"https:\/\/biolabtek.vn\/index.php?rest_route=%2Fwp%2Fv2%2Fcomments&post=2678"}],"wp:featuredmedia":[{"embeddable":true,"href":"https:\/\/biolabtek.vn\/index.php?rest_route=\/wp\/v2\/media\/2681"}],"wp:attachment":[{"href":"https:\/\/biolabtek.vn\/index.php?rest_route=%2Fwp%2Fv2%2Fmedia&parent=2678"}],"curies":[{"name":"wp","href":"https:\/\/api.w.org\/{rel}","templated":true}]}}