{"id":2676,"date":"2023-05-05T09:35:42","date_gmt":"2023-05-05T09:35:42","guid":{"rendered":"https:\/\/biolabtek.vn\/?post_type=product&#038;p=2676"},"modified":"2023-05-24T07:53:31","modified_gmt":"2023-05-24T07:53:31","slug":"corning-lse-orbital-shaker","status":"publish","type":"product","link":"https:\/\/biolabtek.vn\/?product=corning-lse-orbital-shaker","title":{"rendered":"Corning\u00ae LSE\u2122 Orbital Shaker"},"content":{"rendered":"<p><strong>M\u00e1y l\u1eafc Corning LSE<\/strong> \u0111\u00e1p \u1ee9ng nhi\u1ec1u \u1ee9ng d\u1ee5ng l\u1eafc v\u00e0 tr\u1ed9n kh\u00e1c nhau. V\u1edbi \u0111\u1ed9ng c\u01a1 m\u1ea1nh m\u1ebd v\u00e0 c\u01a1 ch\u1ebf m\u00e1y l\u1eafc \u0111\u1ed1i tr\u1ecdng cung c\u1ea5p kh\u1ea3 n\u0103ng v\u1eadn h\u00e0nh tr\u01a1n tru trong nhi\u1ec1u n\u0103m s\u1eed d\u1ee5ng m\u00e0 kh\u00f4ng g\u1eb7p s\u1ef1 c\u1ed1. C\u00f3 s\u1eb5n c\u00e1c b\u1ec1 m\u1eb7t kh\u00e1c nhau (\u0111\u1eb7t h\u00e0ng ri\u00eang) v\u00e0 d\u1ec5 d\u00e0ng ho\u00e1n \u0111\u1ed5i cho nhau.<\/p>\n<p><strong>T\u00ednh n\u0103ng n\u1ed5i b\u1eadt:<\/strong><\/p>\n<ul>\n<li>Hai b\u1ec1 m\u1eb7t th\u00e9p kh\u00f4ng g\u1ec9 (t\u00f9y ch\u1ecdn)<\/li>\n<li>Qu\u1ef9 \u0111\u1ea1o 19 mm \u0111\u1ec3 s\u1ee5c kh\u00ed nu\u00f4i c\u1ea5y v\u00e0 gel nhu\u1ed9m m\u00e0u<\/li>\n<li>M\u00e0n h\u00ecnh k\u1ef9 thu\u1eadt s\u1ed1 l\u1edbn v\u1edbi \u0111i\u1ec1u khi\u1ec3n m\u1ed9t n\u00fam<\/li>\n<li>\u0110i\u1ec1u khi\u1ec3n k\u1ef9 thu\u1eadt s\u1ed1 t\u1ed1c \u0111\u1ed9 v\u00e0 th\u1eddi gian l\u1eafc<\/li>\n<li>An to\u00e0n khi s\u1eed d\u1ee5ng trong ph\u00f2ng l\u1ea1nh ho\u1eb7c l\u1ed3ng \u1ea5p<\/li>\n<li>Dung t\u00edch t\u1ed1i \u0111a: 4 x 1L, 5 x 500 mL, 9 x 250 mL ho\u1eb7c 16 x 125 mL<\/li>\n<li>T\u1ed1c \u0111\u1ed9 l\u1eafc: 20-300 v\u00f2ng\/ph\u00fat<\/li>\n<li>Kh\u1ed1i l\u01b0\u1ee3ng: 7,3kg<\/li>\n<li>K\u00edch th\u01b0\u1edbc m\u00e1y: 25,5 x 31,8 x 12,7 cm<\/li>\n<\/ul>\n<p><strong>V\u1edbi c\u00e1c th\u00f4ng s\u1ed1 k\u1ef9 thu\u1eadt t\u00f9y ch\u1ecdn:<\/strong><\/p>\n<ul>\n<li>Ki\u1ec3u plug: EU, UK, US<\/li>\n<li>Ngu\u1ed3n \u0111i\u1ec7n: 120V, 50-60Hz \/ 230V, 50-60Hz<\/li>\n<\/ul>\n<p><img decoding=\"async\" loading=\"lazy\" class=\"aligncenter size-full wp-image-2751\" src=\"https:\/\/biolabtek.vn\/wp-content\/uploads\/2023\/05\/Corning\u00ae-LSE\u2122-Orbital-Shaker.jpg\" alt=\"\" width=\"1123\" height=\"474\" srcset=\"https:\/\/biolabtek.vn\/wp-content\/uploads\/2023\/05\/Corning\u00ae-LSE\u2122-Orbital-Shaker.jpg 1123w, https:\/\/biolabtek.vn\/wp-content\/uploads\/2023\/05\/Corning\u00ae-LSE\u2122-Orbital-Shaker-800x338.jpg 800w, https:\/\/biolabtek.vn\/wp-content\/uploads\/2023\/05\/Corning\u00ae-LSE\u2122-Orbital-Shaker-768x324.jpg 768w, https:\/\/biolabtek.vn\/wp-content\/uploads\/2023\/05\/Corning\u00ae-LSE\u2122-Orbital-Shaker-600x253.jpg 600w\" sizes=\"(max-width: 1123px) 100vw, 1123px\" \/><\/p>\n<p>B\u1ea3n v\u1ebd k\u1ef9 thu\u1eadt:<\/p>\n<p><img decoding=\"async\" loading=\"lazy\" class=\"aligncenter size-full wp-image-2750\" src=\"https:\/\/biolabtek.vn\/wp-content\/uploads\/2023\/05\/Corning\u00ae-LSE\u2122-Digital-Microplate-Shaker-b\u1ea3n-ve-kt.jpg\" alt=\"\" width=\"1105\" height=\"557\" srcset=\"https:\/\/biolabtek.vn\/wp-content\/uploads\/2023\/05\/Corning\u00ae-LSE\u2122-Digital-Microplate-Shaker-b\u1ea3n-ve-kt.jpg 1105w, https:\/\/biolabtek.vn\/wp-content\/uploads\/2023\/05\/Corning\u00ae-LSE\u2122-Digital-Microplate-Shaker-b\u1ea3n-ve-kt-794x400.jpg 794w, https:\/\/biolabtek.vn\/wp-content\/uploads\/2023\/05\/Corning\u00ae-LSE\u2122-Digital-Microplate-Shaker-b\u1ea3n-ve-kt-768x387.jpg 768w, https:\/\/biolabtek.vn\/wp-content\/uploads\/2023\/05\/Corning\u00ae-LSE\u2122-Digital-Microplate-Shaker-b\u1ea3n-ve-kt-600x302.jpg 600w\" sizes=\"(max-width: 1105px) 100vw, 1105px\" \/><\/p>\n<p style=\"text-align: left;\">Xem chi ti\u1ebft s\u1ea3n ph\u1ea9m:\u00a0<a href=\"https:\/\/ecatalog.corning.com\/life-sciences\/b2b\/US\/en\/Equipment\/Agitation-Equipment\/Orbital-Shakers\/Corning%C2%AE-LSE%E2%84%A2-Orbital-Shaker\/p\/corningLSEOrbitalShaker\">https:\/\/ecatalog.corning.com\/life-sciences\/b2b\/US\/en\/Equipment\/Agitation-Equipment\/Orbital-Shakers\/Corning%C2%AE-LSE%E2%84%A2-Orbital-Shaker\/p\/corningLSEOrbitalShaker<\/a><\/p>\n","protected":false},"excerpt":{"rendered":"<p>M\u00e1y l\u1eafc Corning LSE \u0111\u00e1p \u1ee9ng nhi\u1ec1u \u1ee9ng d\u1ee5ng l\u1eafc v\u00e0 tr\u1ed9n kh\u00e1c nhau. V\u1edbi \u0111\u1ed9ng c\u01a1 m\u1ea1nh m\u1ebd v\u00e0 c\u01a1 ch\u1ebf m\u00e1y l\u1eafc \u0111\u1ed1i tr\u1ecdng cung c\u1ea5p kh\u1ea3 n\u0103ng v\u1eadn h\u00e0nh tr\u01a1n tru trong nhi\u1ec1u n\u0103m s\u1eed d\u1ee5ng m\u00e0 kh\u00f4ng g\u1eb7p s\u1ef1 c\u1ed1. C\u00f3 s\u1eb5n c\u00e1c b\u1ec1 m\u1eb7t kh\u00e1c nhau (\u0111\u1eb7t h\u00e0ng ri\u00eang) v\u00e0 [&hellip;]<\/p>\n","protected":false},"featured_media":2677,"comment_status":"open","ping_status":"closed","template":"","meta":[],"_links":{"self":[{"href":"https:\/\/biolabtek.vn\/index.php?rest_route=\/wp\/v2\/product\/2676"}],"collection":[{"href":"https:\/\/biolabtek.vn\/index.php?rest_route=\/wp\/v2\/product"}],"about":[{"href":"https:\/\/biolabtek.vn\/index.php?rest_route=\/wp\/v2\/types\/product"}],"replies":[{"embeddable":true,"href":"https:\/\/biolabtek.vn\/index.php?rest_route=%2Fwp%2Fv2%2Fcomments&post=2676"}],"wp:featuredmedia":[{"embeddable":true,"href":"https:\/\/biolabtek.vn\/index.php?rest_route=\/wp\/v2\/media\/2677"}],"wp:attachment":[{"href":"https:\/\/biolabtek.vn\/index.php?rest_route=%2Fwp%2Fv2%2Fmedia&parent=2676"}],"curies":[{"name":"wp","href":"https:\/\/api.w.org\/{rel}","templated":true}]}}