{"id":2669,"date":"2023-05-05T08:49:01","date_gmt":"2023-05-05T08:49:01","guid":{"rendered":"https:\/\/biolabtek.vn\/?post_type=product&#038;p=2669"},"modified":"2023-05-24T07:51:48","modified_gmt":"2023-05-24T07:51:48","slug":"corning-lse-digital-microplate-shaker","status":"publish","type":"product","link":"https:\/\/biolabtek.vn\/?product=corning-lse-digital-microplate-shaker","title":{"rendered":"Corning\u00ae LSE\u2122 Digital Microplate Shaker"},"content":{"rendered":"<p><strong>M\u00e1y l\u1eafc vi k\u1ef9 thu\u1eadt s\u1ed1 Corning LSE<\/strong> c\u00f3 t\u00ednh n\u0103ng ki\u1ec3m so\u00e1t k\u1ef9 thu\u1eadt s\u1ed1 t\u1ed1c \u0111\u1ed9 l\u1eafc v\u00e0 th\u1eddi gian ch\u1ea1y. M\u1ed9t n\u00fam \u0111i\u1ec1u khi\u1ec3n duy nh\u1ea5t \u0111\u01b0\u1ee3c s\u1eed d\u1ee5ng \u0111\u1ec3 \u0111\u1eb7t tham s\u1ed1 v\u00e0 c\u00e1c gi\u00e1 tr\u1ecb \u0111\u01b0\u1ee3c hi\u1ec3n th\u1ecb tr\u00ean m\u00e0n h\u00ecnh 3 ch\u1eef s\u1ed1 l\u1edbn. M\u1ed9t ch\u00e2n \u0111\u1ebf ch\u1eafc ch\u1eafn bao quanh \u0111\u1ed9ng c\u01a1 gi\u00fap v\u1eadn h\u00e0nh \u00eam \u00e1i, kh\u00f4ng rung l\u1eafc.<\/p>\n<p>B\u1ec7 th\u00e9p kh\u00f4ng g\u1ec9 \u0111i k\u00e8m ch\u1ee9a t\u1ed1i \u0111a 4 khay vi th\u1ec3 (ti\u00eau chu\u1ea9n ho\u1eb7c gi\u1ebfng s\u00e2u) v\u00e0 m\u00e1y l\u1eafc an to\u00e0n \u0111\u1ec3 s\u1eed d\u1ee5ng trong m\u00f4i tr\u01b0\u1eddng \u0111\u01b0\u1ee3c ki\u1ec3m so\u00e1t nhi\u1ec7t \u0111\u1ed9 t\u1eeb 4\u00b0C \u0111\u1ebfn 65\u00b0C.<\/p>\n<p><strong>T\u00ednh n\u0103ng n\u1ed5i b\u1eadt c\u1ee7a m\u00e1y:<\/strong><\/p>\n<ul>\n<li>C\u00f4ng su\u1ea5t l\u1edbn \u2013 x\u1eed l\u00fd l\u00ean \u0111\u1ebfn 4 microplates<\/li>\n<li>Qu\u1ef9 \u0111\u1ea1o 3 mm \u0111\u1ec3 n\u1ed1i l\u1ea1i, \u0111\u1ed3ng nh\u1ea5t h\u00f3a ho\u1eb7c t\u1ea1o xo\u00e1y<\/li>\n<li>M\u00e0n h\u00ecnh k\u1ef9 thu\u1eadt s\u1ed1 l\u1edbn v\u1edbi m\u1ed9t n\u00fat \u0111i\u1ec1u khi\u1ec3n th\u1eddi gian t\u1ed1c \u0111\u1ed9<\/li>\n<li>Th\u00edch h\u1ee3p cho ph\u00f2ng l\u1ea1nh ho\u1eb7c s\u1eed d\u1ee5ng l\u1ed3ng \u1ea5p<\/li>\n<\/ul>\n<p><strong>V\u1edbi c\u00e1c th\u00f4ng s\u1ed1 k\u1ef9 thu\u1eadt t\u00f9y ch\u1ecdn ph\u00f9 h\u1ee3p v\u1edbi ti\u00eau chu\u1ea9n ph\u00f2ng lab:<\/strong><\/p>\n<ul>\n<li>Ki\u1ec3u plug: EU, UK, US<\/li>\n<li>Ph\u1ea1m vi t\u1ed1c \u0111\u1ed9: 100-1200 rpm, 100-1400 rpm<\/li>\n<li>Voltage: 120V, 50-60Hz \/ 230V, 50-60Hz<\/li>\n<\/ul>\n<p style=\"text-align: left;\"><img decoding=\"async\" loading=\"lazy\" class=\"aligncenter size-full wp-image-2749\" src=\"https:\/\/biolabtek.vn\/wp-content\/uploads\/2023\/05\/Corning\u00ae-LSE\u2122-Digital-Microplate-Shaker-spe.jpg\" alt=\"\" width=\"1132\" height=\"464\" srcset=\"https:\/\/biolabtek.vn\/wp-content\/uploads\/2023\/05\/Corning\u00ae-LSE\u2122-Digital-Microplate-Shaker-spe.jpg 1132w, https:\/\/biolabtek.vn\/wp-content\/uploads\/2023\/05\/Corning\u00ae-LSE\u2122-Digital-Microplate-Shaker-spe-800x328.jpg 800w, https:\/\/biolabtek.vn\/wp-content\/uploads\/2023\/05\/Corning\u00ae-LSE\u2122-Digital-Microplate-Shaker-spe-768x315.jpg 768w, https:\/\/biolabtek.vn\/wp-content\/uploads\/2023\/05\/Corning\u00ae-LSE\u2122-Digital-Microplate-Shaker-spe-600x246.jpg 600w\" sizes=\"(max-width: 1132px) 100vw, 1132px\" \/><\/p>\n<p style=\"text-align: left;\">B\u1ea3n v\u1ebd k\u1ef9 thu\u1eadt:<\/p>\n<p><img decoding=\"async\" loading=\"lazy\" class=\"aligncenter size-full wp-image-2750\" src=\"https:\/\/biolabtek.vn\/wp-content\/uploads\/2023\/05\/Corning\u00ae-LSE\u2122-Digital-Microplate-Shaker-b\u1ea3n-ve-kt.jpg\" alt=\"\" width=\"1105\" height=\"557\" srcset=\"https:\/\/biolabtek.vn\/wp-content\/uploads\/2023\/05\/Corning\u00ae-LSE\u2122-Digital-Microplate-Shaker-b\u1ea3n-ve-kt.jpg 1105w, https:\/\/biolabtek.vn\/wp-content\/uploads\/2023\/05\/Corning\u00ae-LSE\u2122-Digital-Microplate-Shaker-b\u1ea3n-ve-kt-794x400.jpg 794w, https:\/\/biolabtek.vn\/wp-content\/uploads\/2023\/05\/Corning\u00ae-LSE\u2122-Digital-Microplate-Shaker-b\u1ea3n-ve-kt-768x387.jpg 768w, https:\/\/biolabtek.vn\/wp-content\/uploads\/2023\/05\/Corning\u00ae-LSE\u2122-Digital-Microplate-Shaker-b\u1ea3n-ve-kt-600x302.jpg 600w\" sizes=\"(max-width: 1105px) 100vw, 1105px\" \/><\/p>\n<p style=\"text-align: left;\">Xem chi ti\u1ebft s\u1ea3n ph\u1ea9m:\u00a0<a href=\"https:\/\/ecatalog.corning.com\/life-sciences\/b2b\/US\/en\/Equipment\/Agitation-Equipment\/Digital-Microplate-Shakers\/Corning%C2%AE-LSE%E2%84%A2-Digital-Microplate-Shaker\/p\/corningLSEDigitalMicroplateShaker\">https:\/\/ecatalog.corning.com\/life-sciences\/b2b\/US\/en\/Equipment\/Agitation-Equipment\/Digital-Microplate-Shakers\/Corning%C2%AE-LSE%E2%84%A2-Digital-Microplate-Shaker\/p\/corningLSEDigitalMicroplateShaker<\/a><\/p>\n","protected":false},"excerpt":{"rendered":"<p>M\u00e1y l\u1eafc vi k\u1ef9 thu\u1eadt s\u1ed1 Corning LSE c\u00f3 t\u00ednh n\u0103ng ki\u1ec3m so\u00e1t k\u1ef9 thu\u1eadt s\u1ed1 t\u1ed1c \u0111\u1ed9 l\u1eafc v\u00e0 th\u1eddi gian ch\u1ea1y. M\u1ed9t n\u00fam \u0111i\u1ec1u khi\u1ec3n duy nh\u1ea5t \u0111\u01b0\u1ee3c s\u1eed d\u1ee5ng \u0111\u1ec3 \u0111\u1eb7t tham s\u1ed1 v\u00e0 c\u00e1c gi\u00e1 tr\u1ecb \u0111\u01b0\u1ee3c hi\u1ec3n th\u1ecb tr\u00ean m\u00e0n h\u00ecnh 3 ch\u1eef s\u1ed1 l\u1edbn. M\u1ed9t ch\u00e2n \u0111\u1ebf ch\u1eafc ch\u1eafn [&hellip;]<\/p>\n","protected":false},"featured_media":2671,"comment_status":"open","ping_status":"closed","template":"","meta":[],"_links":{"self":[{"href":"https:\/\/biolabtek.vn\/index.php?rest_route=\/wp\/v2\/product\/2669"}],"collection":[{"href":"https:\/\/biolabtek.vn\/index.php?rest_route=\/wp\/v2\/product"}],"about":[{"href":"https:\/\/biolabtek.vn\/index.php?rest_route=\/wp\/v2\/types\/product"}],"replies":[{"embeddable":true,"href":"https:\/\/biolabtek.vn\/index.php?rest_route=%2Fwp%2Fv2%2Fcomments&post=2669"}],"wp:featuredmedia":[{"embeddable":true,"href":"https:\/\/biolabtek.vn\/index.php?rest_route=\/wp\/v2\/media\/2671"}],"wp:attachment":[{"href":"https:\/\/biolabtek.vn\/index.php?rest_route=%2Fwp%2Fv2%2Fmedia&parent=2669"}],"curies":[{"name":"wp","href":"https:\/\/api.w.org\/{rel}","templated":true}]}}