{"id":2618,"date":"2023-01-31T09:54:26","date_gmt":"2023-01-31T09:54:26","guid":{"rendered":"https:\/\/biolabtek.vn\/?post_type=product&#038;p=2618"},"modified":"2023-01-31T09:55:12","modified_gmt":"2023-01-31T09:55:12","slug":"dau-tip-1000-ul-100-1000-ul-mau-trang","status":"publish","type":"product","link":"https:\/\/biolabtek.vn\/?product=dau-tip-1000-ul-100-1000-ul-mau-trang","title":{"rendered":"\u0110\u1ea7u tip 1000 ul (100-1000 ul) M\u00e0u tr\u1eafng"},"content":{"rendered":"<p><strong>H\u00e3ng<\/strong>: Sorenson\/Corning-M\u1ef9<\/p>\n<p><strong>Code<\/strong>:\u00a010190T<\/p>\n<p><strong>\u0110\u00f3ng g\u00f3i:\u00a0<\/strong>1000 chi\u1ebfc\/ t\u00fai<\/p>\n<p>Kh\u00f4ng ch\u1ee9a Dnase\/RNase v\u00e0 pyrogen.<\/p>\n<p>C\u00f3 nhi\u1ec1u k\u00edch c\u1ee1 ph\u00f9 h\u1ee3p v\u1edbi c\u00e1c lo\u1ea1i pipet.<\/p>\n<p>C\u00f3 lo\u1ea1i l\u01b0u m\u1eabu th\u1ea5p gi\u00fap t\u0103ng \u0111\u1ed9 ch\u00ednh x\u00e1c.<\/p>\n","protected":false},"excerpt":{"rendered":"<p>H\u00e3ng: Sorenson\/Corning-M\u1ef9 Code:\u00a010190T \u0110\u00f3ng g\u00f3i:\u00a01000 chi\u1ebfc\/ t\u00fai Kh\u00f4ng ch\u1ee9a Dnase\/RNase v\u00e0 pyrogen. C\u00f3 nhi\u1ec1u k\u00edch c\u1ee1 ph\u00f9 h\u1ee3p v\u1edbi c\u00e1c lo\u1ea1i pipet. C\u00f3 lo\u1ea1i l\u01b0u m\u1eabu th\u1ea5p gi\u00fap t\u0103ng \u0111\u1ed9 ch\u00ednh x\u00e1c.<\/p>\n","protected":false},"featured_media":2092,"comment_status":"open","ping_status":"closed","template":"","meta":[],"_links":{"self":[{"href":"https:\/\/biolabtek.vn\/index.php?rest_route=\/wp\/v2\/product\/2618"}],"collection":[{"href":"https:\/\/biolabtek.vn\/index.php?rest_route=\/wp\/v2\/product"}],"about":[{"href":"https:\/\/biolabtek.vn\/index.php?rest_route=\/wp\/v2\/types\/product"}],"replies":[{"embeddable":true,"href":"https:\/\/biolabtek.vn\/index.php?rest_route=%2Fwp%2Fv2%2Fcomments&post=2618"}],"wp:featuredmedia":[{"embeddable":true,"href":"https:\/\/biolabtek.vn\/index.php?rest_route=\/wp\/v2\/media\/2092"}],"wp:attachment":[{"href":"https:\/\/biolabtek.vn\/index.php?rest_route=%2Fwp%2Fv2%2Fmedia&parent=2618"}],"curies":[{"name":"wp","href":"https:\/\/api.w.org\/{rel}","templated":true}]}}