{"id":2601,"date":"2023-01-31T09:03:16","date_gmt":"2023-01-31T09:03:16","guid":{"rendered":"https:\/\/biolabtek.vn\/?post_type=product&#038;p=2601"},"modified":"2023-01-31T09:04:53","modified_gmt":"2023-01-31T09:04:53","slug":"dau-tip-10-ul-ultra-g","status":"publish","type":"product","link":"https:\/\/biolabtek.vn\/?product=dau-tip-10-ul-ultra-g","title":{"rendered":"\u0110\u1ea6U TIP 10 UL ULTRA G (96 chi\u1ebfc\/ h\u1ed9p)"},"content":{"rendered":"<p><strong>H\u00e3ng<\/strong>: Sorenson\/Corning-M\u1ef9<\/p>\n<p><strong>Code<\/strong>: 23560 v\u00e0 23560T<\/p>\n<p><strong>\u0110\u00f3ng g\u00f3i:\u00a0<\/strong>96 chi\u1ebfc\/ h\u1ed9p; Kh\u00f4ng v\u00f4 tr\u00f9ng.<\/p>\n<p>\u0110\u1ea7u tip c\u00f3 chia v\u1ea1ch:\u00a02, 10 \u00b5l<\/p>\n<p><strong>\u0110\u1eb7c t\u00ednh k\u1ef9 thu\u1eadt:<\/strong><\/p>\n<p>\u0110\u1ea7u tip \u0111\u01b0\u1ee3c s\u1ea3n xu\u1ea5t t\u1eeb c\u00e1c nguy\u00ean li\u1ec7u t\u1ed1t nh\u1ea5t v\u00e0 c\u00e1c k\u1ef9 thu\u1eadt s\u1ea3n xu\u1ea5t ch\u00ednh x\u00e1c cung c\u1ea5p ch\u1ea5t l\u01b0\u1ee3ng \u0111\u1ea3m b\u1ea3o. C\u00e1c s\u1ea3n ph\u1ea9m \u0111\u01b0\u1ee3c l\u00e0m t\u1eeb polymer nguy\u00ean ch\u1ea5t v\u00e0 kh\u00f4ng ch\u1ee9a nh\u1ef1a t\u00e1i ch\u1ebf, t\u00e1i x\u1eed l\u00fd ho\u1eb7c bi\u1ebfn \u0111\u1ed5i.<\/p>\n<ul>\n<li>Ph\u00f9 h\u1ee3p tr\u00ean c\u00e1c pipet c\u1ea5p nghi\u00ean c\u1ee9u<\/li>\n<li>Ch\u00ednh x\u00e1c, ch\u1eafc ch\u1eafn v\u00e0 \u0111\u00e1ng tin c\u1eady<\/li>\n<li>\u0110\u01b0\u1ee3c ch\u1ee9ng nh\u1eadn kh\u00f4ng c\u00f3 RNase, DNase, DNA ng\u01b0\u1eddi v\u00e0 pyrogens<\/li>\n<li>\u0110\u1ea7u tip d\u00e0i cho ph\u00e9p ng\u01b0\u1eddi d\u00f9ng h\u00fat ch\u1ea5t l\u1ecfng \u1edf s\u00e2u \u0111\u00e1y \u1ed1ng m\u00e0 kh\u00f4ng l\u00e0m b\u1ea9n pipet.<\/li>\n<\/ul>\n<p>C\u00f2n c\u00f3 lo\u1ea1i \u0111\u1ea7u tip pipet l\u01b0u m\u1eabu th\u1ea5p:<\/p>\n<ul>\n<li>T\u1ea1o b\u1ec1 m\u1eb7t k\u1ecb n\u01b0\u1edbc \u0111\u1ec3 tr\u00e1nh s\u1ee9c c\u0103ng b\u1ec1 m\u1eb7t<\/li>\n<li>M\u1eabu d\u1ec5 d\u00e0ng \u0111i qua<\/li>\n<li>\u0110\u1ed9 ch\u00ednh x\u00e1c cao<\/li>\n<li>Kh\u00f4ng c\u00f3 t\u1ea1p ch\u1ea5t nh\u01b0 silic.<\/li>\n<\/ul>\n","protected":false},"excerpt":{"rendered":"<p>H\u00e3ng: Sorenson\/Corning-M\u1ef9 Code: 23560 v\u00e0 23560T \u0110\u00f3ng g\u00f3i:\u00a096 chi\u1ebfc\/ h\u1ed9p; Kh\u00f4ng v\u00f4 tr\u00f9ng. \u0110\u1ea7u tip c\u00f3 chia v\u1ea1ch:\u00a02, 10 \u00b5l \u0110\u1eb7c t\u00ednh k\u1ef9 thu\u1eadt: \u0110\u1ea7u tip \u0111\u01b0\u1ee3c s\u1ea3n xu\u1ea5t t\u1eeb c\u00e1c nguy\u00ean li\u1ec7u t\u1ed1t nh\u1ea5t v\u00e0 c\u00e1c k\u1ef9 thu\u1eadt s\u1ea3n xu\u1ea5t ch\u00ednh x\u00e1c cung c\u1ea5p ch\u1ea5t l\u01b0\u1ee3ng \u0111\u1ea3m b\u1ea3o. C\u00e1c s\u1ea3n ph\u1ea9m \u0111\u01b0\u1ee3c l\u00e0m t\u1eeb [&hellip;]<\/p>\n","protected":false},"featured_media":2600,"comment_status":"open","ping_status":"closed","template":"","meta":[],"_links":{"self":[{"href":"https:\/\/biolabtek.vn\/index.php?rest_route=\/wp\/v2\/product\/2601"}],"collection":[{"href":"https:\/\/biolabtek.vn\/index.php?rest_route=\/wp\/v2\/product"}],"about":[{"href":"https:\/\/biolabtek.vn\/index.php?rest_route=\/wp\/v2\/types\/product"}],"replies":[{"embeddable":true,"href":"https:\/\/biolabtek.vn\/index.php?rest_route=%2Fwp%2Fv2%2Fcomments&post=2601"}],"wp:featuredmedia":[{"embeddable":true,"href":"https:\/\/biolabtek.vn\/index.php?rest_route=\/wp\/v2\/media\/2600"}],"wp:attachment":[{"href":"https:\/\/biolabtek.vn\/index.php?rest_route=%2Fwp%2Fv2%2Fmedia&parent=2601"}],"curies":[{"name":"wp","href":"https:\/\/api.w.org\/{rel}","templated":true}]}}