{"id":2587,"date":"2023-01-31T07:33:24","date_gmt":"2023-01-31T07:33:24","guid":{"rendered":"https:\/\/biolabtek.vn\/?post_type=product&#038;p=2587"},"modified":"2023-01-31T07:35:42","modified_gmt":"2023-01-31T07:35:42","slug":"dau-tip-co-loc-10-ul-longreach","status":"publish","type":"product","link":"https:\/\/biolabtek.vn\/?product=dau-tip-co-loc-10-ul-longreach","title":{"rendered":"\u0110\u1ea6U TIP C\u00d3 L\u1eccC 10 ul LongReach"},"content":{"rendered":"<p><strong>H\u00e3ng<\/strong>: Sorenson\/Corning-M\u1ef9<\/p>\n<p><strong>Code<\/strong>: 38000 v\u00e0 38000T (L\u01b0u m\u1eabu th\u1ea5p)<\/p>\n<p><strong>\u0110\u00f3ng g\u00f3i:<\/strong>\u00a096 chi\u1ebfc\/ h\u1ed9p, v\u00f4 tr\u00f9ng<\/p>\n<p>\u0110\u1ea7u tip c\u00f3 chia v\u1ea1ch: 2, 5, 10 \u00b5l<\/p>\n<p>Ph\u00f9 h\u1ee3p cho PCR, khuy\u1ebfch \u0111\u1ea1i DNA v\u00e0 x\u1eed l\u00fd \u0111\u1ed3ng v\u1ecb ph\u00f3ng x\u1ea1.<\/p>\n<p>M\u00e0ng l\u1ecdc tr\u01a1, k\u1ecb n\u01b0\u1edbc, ng\u0103n ng\u1eeba nhi\u1ec5m.<\/p>\n<p>Kh\u00f4ng g\u00e2y nhi\u1ec5m t\u1eeb pipet sang m\u1eabu.<\/p>\n<p>Ph\u00f9 h\u1ee3p cho s\u1eed d\u1ee5ng pipet c\u1ea5p nghi\u00ean c\u1ee9u.<\/p>\n<p>B\u1ed9 l\u1ecdc kh\u00f4ng ch\u1ee9a t\u1ea1p ch\u1ea5t.<\/p>\n<p>K\u00edch th\u01b0\u1edbc l\u1ed7 nh\u1ecf, &lt;20 microns<\/p>\n<p>Ng\u0103n ch\u1eb7n c\u00e1c sol kh\u00ed tr\u00e1nh nhi\u1ec5m.<\/p>\n<p>C\u00f3 c\u1ea3 lo\u1ea1i \u0111\u1ea7u tip l\u01b0u m\u1eabu th\u1ea5p,cho \u0111\u1ed9 ch\u00ednh x\u00e1c cao.<\/p>\n","protected":false},"excerpt":{"rendered":"<p><img decoding=\"async\" loading=\"lazy\" class=\"aligncenter size-full wp-image-2565\" src=\"https:\/\/biolabtek.vn\/wp-content\/uploads\/2023\/01\/38000.jpg\" alt=\"\" width=\"1920\" height=\"2560\" srcset=\"https:\/\/biolabtek.vn\/wp-content\/uploads\/2023\/01\/38000.jpg 1920w, https:\/\/biolabtek.vn\/wp-content\/uploads\/2023\/01\/38000-300x400.jpg 300w, https:\/\/biolabtek.vn\/wp-content\/uploads\/2023\/01\/38000-768x1024.jpg 768w, https:\/\/biolabtek.vn\/wp-content\/uploads\/2023\/01\/38000-600x800.jpg 600w\" sizes=\"(max-width: 1920px) 100vw, 1920px\" \/><\/p>\n","protected":false},"featured_media":2570,"comment_status":"open","ping_status":"closed","template":"","meta":[],"_links":{"self":[{"href":"https:\/\/biolabtek.vn\/index.php?rest_route=\/wp\/v2\/product\/2587"}],"collection":[{"href":"https:\/\/biolabtek.vn\/index.php?rest_route=\/wp\/v2\/product"}],"about":[{"href":"https:\/\/biolabtek.vn\/index.php?rest_route=\/wp\/v2\/types\/product"}],"replies":[{"embeddable":true,"href":"https:\/\/biolabtek.vn\/index.php?rest_route=%2Fwp%2Fv2%2Fcomments&post=2587"}],"wp:featuredmedia":[{"embeddable":true,"href":"https:\/\/biolabtek.vn\/index.php?rest_route=\/wp\/v2\/media\/2570"}],"wp:attachment":[{"href":"https:\/\/biolabtek.vn\/index.php?rest_route=%2Fwp%2Fv2%2Fmedia&parent=2587"}],"curies":[{"name":"wp","href":"https:\/\/api.w.org\/{rel}","templated":true}]}}