{"id":2439,"date":"2022-08-22T08:10:21","date_gmt":"2022-08-22T08:10:21","guid":{"rendered":"https:\/\/biolabtek.vn\/?post_type=product&#038;p=2439"},"modified":"2023-11-24T08:13:58","modified_gmt":"2023-11-24T08:13:58","slug":"tuberculine","status":"publish","type":"product","link":"https:\/\/biolabtek.vn\/?product=tuberculine","title":{"rendered":"Tuberculine"},"content":{"rendered":"<p><em><strong>Tuberculine <\/strong><\/em><\/p>\n<p>&#8211; L\u00e0 m\u1ed9t d\u1eabn xu\u1ea5t protein tinh khi\u1ebft (PPD) c\u1ee7a Lao t\u1ed1 b\u00f2, d\u00f9ng \u0111\u1ec3 th\u01b0\u0323c hi\u00ea\u0323n pha\u0309n \u01b0\u0301ng di\u0323 \u01b0\u0301ng n\u00f4\u0323i bi\u0300 pha\u0301t hi\u00ea\u0323n b\u00ea\u0323nh Lao \u01a1\u0309 tr\u00e2u, bo\u0300.<\/p>\n<p>&#8211; Quy c\u00e1ch: 5 mL\/ l\u1ecd.<\/p>\n<p>&#8211; Lo\u1ea1i m\u1eabu: Intradermic (Ti\u00eam n\u1ed9i b\u00ec).<\/p>\n<p>&#8211; Th\u1eddi gian th\u1eed nghi\u1ec7m: 72 +\/- 6 gi\u1edd.<\/p>\n<p>&#8211; B\u1ea3o qu\u1ea3n: 2-8 \u00b0C, tr\u00e1nh \u00e1nh s\u00e1ng, kh\u00f4ng \u0111\u00f4ng \u0111\u00e1.<\/p>\n<p>&#8211; Th\u1eddi h\u1ea1n s\u1eed d\u1ee5ng: \u2265 6 th\u00e1ng.<\/p>\n<p>&#8211; H\u00e0ng h\u00f3a m\u1edbi 100 %, nguy\u00ean \u0111ai nguy\u00ean ki\u1ec7n, ch\u01b0a qua s\u1eed d\u1ee5ng.<\/p>\n<p>&#8211; B\u1ea3o h\u00e0nh: Theo h\u1ea1n s\u1eed d\u1ee5ng c\u1ee7a nh\u00e0 s\u1ea3n xu\u1ea5t.<\/p>\n","protected":false},"excerpt":{"rendered":"<p>Tuberculine &#8211; L\u00e0 m\u1ed9t d\u1eabn xu\u1ea5t protein tinh khi\u1ebft (PPD) c\u1ee7a Lao t\u1ed1 b\u00f2, d\u00f9ng \u0111\u1ec3 th\u01b0\u0323c hi\u00ea\u0323n pha\u0309n \u01b0\u0301ng di\u0323 \u01b0\u0301ng n\u00f4\u0323i bi\u0300 pha\u0301t hi\u00ea\u0323n b\u00ea\u0323nh Lao \u01a1\u0309 tr\u00e2u, bo\u0300. &#8211; Quy c\u00e1ch: 5 mL\/ l\u1ecd. &#8211; Lo\u1ea1i m\u1eabu: Intradermic (Ti\u00eam n\u1ed9i b\u00ec). &#8211; Th\u1eddi gian th\u1eed nghi\u1ec7m: 72 +\/- 6 gi\u1edd. &#8211; B\u1ea3o [&hellip;]<\/p>\n","protected":false},"featured_media":0,"comment_status":"open","ping_status":"closed","template":"","meta":[],"_links":{"self":[{"href":"https:\/\/biolabtek.vn\/index.php?rest_route=\/wp\/v2\/product\/2439"}],"collection":[{"href":"https:\/\/biolabtek.vn\/index.php?rest_route=\/wp\/v2\/product"}],"about":[{"href":"https:\/\/biolabtek.vn\/index.php?rest_route=\/wp\/v2\/types\/product"}],"replies":[{"embeddable":true,"href":"https:\/\/biolabtek.vn\/index.php?rest_route=%2Fwp%2Fv2%2Fcomments&post=2439"}],"wp:attachment":[{"href":"https:\/\/biolabtek.vn\/index.php?rest_route=%2Fwp%2Fv2%2Fmedia&parent=2439"}],"curies":[{"name":"wp","href":"https:\/\/api.w.org\/{rel}","templated":true}]}}