{"id":2402,"date":"2022-07-19T04:19:02","date_gmt":"2022-07-19T04:19:02","guid":{"rendered":"https:\/\/biolabtek.vn\/?post_type=product&#038;p=2402"},"modified":"2022-12-20T08:21:31","modified_gmt":"2022-12-20T08:21:31","slug":"e-i-a-rabia","status":"publish","type":"product","link":"https:\/\/biolabtek.vn\/?product=e-i-a-rabia","title":{"rendered":"E.I.A. Rabia"},"content":{"rendered":"<p style=\"text-align: left;\"><em><strong>E.I.A. Rabia:\u00a0<a href=\"https:\/\/www.goldstandarddiagnostics.com\/products\/veterinary-diagnostics\/canine\/rabies\/ingezim-leishmania-96-test-5.html\">https:\/\/www.goldstandarddiagnostics.com\/products\/veterinary-diagnostics\/canine\/rabies\/ingezim-leishmania-96-test-5.html<\/a><\/strong><\/em><\/p>\n<p><strong>Lo\u1ea1i m\u1eabu<\/strong>: M\u1eabu sinh h\u1ecdc (ch\u1ec9 \u0111\u01b0\u1ee3c thi\u1ebft l\u1eadp \u0111\u1ec3 \u0111\u00e1nh gi\u00e1 t\u1ea3i l\u01b0\u1ee3ng vaccine).<\/p>\n<p><strong>Code<\/strong>: 40.RAB.K.2\/2 (2 \u0111\u0129a 96 gi\u1ebfng)<\/p>\n<p><strong>E.I.A. Rabia<\/strong> d\u1ef1a tr\u00ean k\u1ef9 thu\u1eadt Double Antibody ELISA, s\u1eed d\u1ee5ng kh\u00e1ng th\u1ec3 \u0111\u01a1n d\u00f2ng (Mab) \u0111\u1eb7c hi\u1ec7u \u0111\u1ed1i v\u1edbi glycoprotein c\u1ee7a virus Rabies.<\/p>\n<p><strong>\u1ee8NG D\u1ee4NG<\/strong><\/p>\n<p>Ph\u00e1t hi\u1ec7n c\u00e1c kh\u00e1ng nguy\u00ean c\u1ee7a b\u1ec7nh D\u1ea1i trong m\u1eabu sinh h\u1ecdc. \u0110\u01b0\u1ee3c ch\u1ec9 \u0111\u1ecbnh \u0111\u1ec3 x\u00e1c \u0111\u1ecbnh t\u1ea3i l\u01b0\u1ee3ng virus trong v\u1eafc xin.<\/p>\n","protected":false},"excerpt":{"rendered":"<p>E.I.A. Rabia:\u00a0https:\/\/www.goldstandarddiagnostics.com\/products\/veterinary-diagnostics\/canine\/rabies\/ingezim-leishmania-96-test-5.html Lo\u1ea1i m\u1eabu: M\u1eabu sinh h\u1ecdc (ch\u1ec9 \u0111\u01b0\u1ee3c thi\u1ebft l\u1eadp \u0111\u1ec3 \u0111\u00e1nh gi\u00e1 t\u1ea3i l\u01b0\u1ee3ng vaccine). Code: 40.RAB.K.2\/2 (2 \u0111\u0129a 96 gi\u1ebfng) E.I.A. Rabia d\u1ef1a tr\u00ean k\u1ef9 thu\u1eadt Double Antibody ELISA, s\u1eed d\u1ee5ng kh\u00e1ng th\u1ec3 \u0111\u01a1n d\u00f2ng (Mab) \u0111\u1eb7c hi\u1ec7u \u0111\u1ed1i v\u1edbi glycoprotein c\u1ee7a virus Rabies. \u1ee8NG D\u1ee4NG Ph\u00e1t hi\u1ec7n c\u00e1c kh\u00e1ng nguy\u00ean c\u1ee7a [&hellip;]<\/p>\n","protected":false},"featured_media":2378,"comment_status":"open","ping_status":"closed","template":"","meta":[],"_links":{"self":[{"href":"https:\/\/biolabtek.vn\/index.php?rest_route=\/wp\/v2\/product\/2402"}],"collection":[{"href":"https:\/\/biolabtek.vn\/index.php?rest_route=\/wp\/v2\/product"}],"about":[{"href":"https:\/\/biolabtek.vn\/index.php?rest_route=\/wp\/v2\/types\/product"}],"replies":[{"embeddable":true,"href":"https:\/\/biolabtek.vn\/index.php?rest_route=%2Fwp%2Fv2%2Fcomments&post=2402"}],"wp:featuredmedia":[{"embeddable":true,"href":"https:\/\/biolabtek.vn\/index.php?rest_route=\/wp\/v2\/media\/2378"}],"wp:attachment":[{"href":"https:\/\/biolabtek.vn\/index.php?rest_route=%2Fwp%2Fv2%2Fmedia&parent=2402"}],"curies":[{"name":"wp","href":"https:\/\/api.w.org\/{rel}","templated":true}]}}