{"id":2399,"date":"2022-07-19T03:51:35","date_gmt":"2022-07-19T03:51:35","guid":{"rendered":"https:\/\/biolabtek.vn\/?post_type=product&#038;p=2399"},"modified":"2023-01-30T09:26:09","modified_gmt":"2023-01-30T09:26:09","slug":"ingezim-cpv-ccv-ic","status":"publish","type":"product","link":"https:\/\/biolabtek.vn\/?product=ingezim-cpv-ccv-ic","title":{"rendered":"INgezim CPV\/CCV IC"},"content":{"rendered":"<p style=\"text-align: left;\"><em><strong>INgezim CPV\/CCV IC<\/strong>:\u00a0<a href=\"https:\/\/www.goldstandarddiagnostics.com\/products\/veterinary-diagnostics\/canine\/ingezim%20cpv\/ccv%20ic.html\">https:\/\/www.goldstandarddiagnostics.com\/products\/veterinary-diagnostics\/canine\/ingezim%20cpv\/ccv%20ic.html<\/a><\/em><\/p>\n<p><strong>H\u00e3ng<\/strong>: Gold Standard Diagnostics<\/p>\n<p><strong>Lo\u1ea1i m\u1eabu<\/strong>: M\u1eabu sinh h\u1ecdc (ph\u00e2n v\u00e0 th\u00e0nh ph\u1ea7n ru\u1ed9t).<\/p>\n<p><strong>Code<\/strong>: 15.CCD.K.42 (12 test)<\/p>\n<p><strong>INGEZIM CPV\/CCV \u2013 IC<\/strong>\u00a0d\u1ef1a tr\u00ean k\u1ef9 thu\u1eadt s\u1eafc k\u00fd mi\u1ec5n d\u1ecbch k\u00e9p \u0111\u1ec3 ph\u00e1t hi\u1ec7n kh\u00e1ng nguy\u00ean c\u1ee7a Canine Parvovirus and Canine Coronavirus trong c\u00e1c m\u1eabu sinh h\u1ecdc (ph\u00e2n v\u00e0 th\u00e0nh ph\u1ea7n ru\u1ed9t).<\/p>\n","protected":false},"excerpt":{"rendered":"<p>INgezim CPV\/CCV IC:\u00a0https:\/\/www.goldstandarddiagnostics.com\/products\/veterinary-diagnostics\/canine\/ingezim%20cpv\/ccv%20ic.html H\u00e3ng: Gold Standard Diagnostics Lo\u1ea1i m\u1eabu: M\u1eabu sinh h\u1ecdc (ph\u00e2n v\u00e0 th\u00e0nh ph\u1ea7n ru\u1ed9t). Code: 15.CCD.K.42 (12 test) INGEZIM CPV\/CCV \u2013 IC\u00a0d\u1ef1a tr\u00ean k\u1ef9 thu\u1eadt s\u1eafc k\u00fd mi\u1ec5n d\u1ecbch k\u00e9p \u0111\u1ec3 ph\u00e1t hi\u1ec7n kh\u00e1ng nguy\u00ean c\u1ee7a Canine Parvovirus and Canine Coronavirus trong c\u00e1c m\u1eabu sinh h\u1ecdc (ph\u00e2n v\u00e0 th\u00e0nh ph\u1ea7n ru\u1ed9t).<\/p>\n","protected":false},"featured_media":2398,"comment_status":"open","ping_status":"closed","template":"","meta":[],"_links":{"self":[{"href":"https:\/\/biolabtek.vn\/index.php?rest_route=\/wp\/v2\/product\/2399"}],"collection":[{"href":"https:\/\/biolabtek.vn\/index.php?rest_route=\/wp\/v2\/product"}],"about":[{"href":"https:\/\/biolabtek.vn\/index.php?rest_route=\/wp\/v2\/types\/product"}],"replies":[{"embeddable":true,"href":"https:\/\/biolabtek.vn\/index.php?rest_route=%2Fwp%2Fv2%2Fcomments&post=2399"}],"wp:featuredmedia":[{"embeddable":true,"href":"https:\/\/biolabtek.vn\/index.php?rest_route=\/wp\/v2\/media\/2398"}],"wp:attachment":[{"href":"https:\/\/biolabtek.vn\/index.php?rest_route=%2Fwp%2Fv2%2Fmedia&parent=2399"}],"curies":[{"name":"wp","href":"https:\/\/api.w.org\/{rel}","templated":true}]}}