{"id":2387,"date":"2022-07-19T01:58:54","date_gmt":"2022-07-19T01:58:54","guid":{"rendered":"https:\/\/biolabtek.vn\/?post_type=product&#038;p=2387"},"modified":"2023-01-30T09:26:53","modified_gmt":"2023-01-30T09:26:53","slug":"ingezim-parvo-ic","status":"publish","type":"product","link":"https:\/\/biolabtek.vn\/?product=ingezim-parvo-ic","title":{"rendered":"INgezim PARVO CROM IC"},"content":{"rendered":"<p style=\"text-align: left;\"><em><strong>INgezim PARVO CROM IC<\/strong>:\u00a0<a href=\"https:\/\/www.goldstandarddiagnostics.com\/products\/veterinary-diagnostics\/canine\/ingezim%20parvo%20crom%2050.html\">https:\/\/www.goldstandarddiagnostics.com\/products\/veterinary-diagnostics\/canine\/ingezim%20parvo%20crom%2050.html<\/a><\/em><\/p>\n<p><strong>H\u00e3ng<\/strong>: Gold Standard Diagnostics<\/p>\n<p><strong>Lo\u1ea1i m\u1eabu<\/strong>: M\u1eabu sinh h\u1ecdc (ph\u00e2n ch\u00f3).<\/p>\n<p><strong>Code<\/strong>: 15.CP2.K.42\/50 (50 Test)<\/p>\n<p><strong>INGEZIM PARVO IC<\/strong>\u00a0d\u1ef1a tr\u00ean k\u1ef9 thu\u1eadt s\u1eafc k\u00fd mi\u1ec5n d\u1ecbch tr\u1ef1c ti\u1ebfp s\u1eed d\u1ee5ng hai kh\u00e1ng th\u1ec3 \u0111\u01a1n d\u00f2ng (Mabs) \u0111\u1eb7c hi\u1ec7u \u0111\u1ed1i v\u1edbi hai tr\u00ecnh di\u1ec7n kh\u00e1ng nguy\u00ean kh\u00e1c nhau (epitopes) c\u1ee7a Canine Parvovirus (CPV).<\/p>\n<h3>\u1ee8NG D\u1ee4NG<\/h3>\n<p>Ph\u00e1t hi\u1ec7n kh\u00e1ng nguy\u00ean c\u1ee7a Canine Parvovirus types 2, 2a, 2b v\u00e0 2c trong m\u1eabu sinh h\u1ecdc (ph\u00e2n) c\u1ee7a ch\u00f3.<\/p>\n","protected":false},"excerpt":{"rendered":"<p>INgezim PARVO CROM IC:\u00a0https:\/\/www.goldstandarddiagnostics.com\/products\/veterinary-diagnostics\/canine\/ingezim%20parvo%20crom%2050.html H\u00e3ng: Gold Standard Diagnostics Lo\u1ea1i m\u1eabu: M\u1eabu sinh h\u1ecdc (ph\u00e2n ch\u00f3). Code: 15.CP2.K.42\/50 (50 Test) INGEZIM PARVO IC\u00a0d\u1ef1a tr\u00ean k\u1ef9 thu\u1eadt s\u1eafc k\u00fd mi\u1ec5n d\u1ecbch tr\u1ef1c ti\u1ebfp s\u1eed d\u1ee5ng hai kh\u00e1ng th\u1ec3 \u0111\u01a1n d\u00f2ng (Mabs) \u0111\u1eb7c hi\u1ec7u \u0111\u1ed1i v\u1edbi hai tr\u00ecnh di\u1ec7n kh\u00e1ng nguy\u00ean kh\u00e1c nhau (epitopes) c\u1ee7a Canine Parvovirus (CPV). [&hellip;]<\/p>\n","protected":false},"featured_media":2380,"comment_status":"open","ping_status":"closed","template":"","meta":[],"_links":{"self":[{"href":"https:\/\/biolabtek.vn\/index.php?rest_route=\/wp\/v2\/product\/2387"}],"collection":[{"href":"https:\/\/biolabtek.vn\/index.php?rest_route=\/wp\/v2\/product"}],"about":[{"href":"https:\/\/biolabtek.vn\/index.php?rest_route=\/wp\/v2\/types\/product"}],"replies":[{"embeddable":true,"href":"https:\/\/biolabtek.vn\/index.php?rest_route=%2Fwp%2Fv2%2Fcomments&post=2387"}],"wp:featuredmedia":[{"embeddable":true,"href":"https:\/\/biolabtek.vn\/index.php?rest_route=\/wp\/v2\/media\/2380"}],"wp:attachment":[{"href":"https:\/\/biolabtek.vn\/index.php?rest_route=%2Fwp%2Fv2%2Fmedia&parent=2387"}],"curies":[{"name":"wp","href":"https:\/\/api.w.org\/{rel}","templated":true}]}}