{"id":2386,"date":"2022-07-19T01:51:20","date_gmt":"2022-07-19T01:51:20","guid":{"rendered":"https:\/\/biolabtek.vn\/?post_type=product&#038;p=2386"},"modified":"2023-11-03T06:45:02","modified_gmt":"2023-11-03T06:45:02","slug":"ingezim-parvo-canino-2","status":"publish","type":"product","link":"https:\/\/biolabtek.vn\/?product=ingezim-parvo-canino-2","title":{"rendered":"INgezim Parvo Canino"},"content":{"rendered":"<p style=\"text-align: left;\"><em><strong>INgezim Parvo Canino:\u00a0<a href=\"https:\/\/www.goldstandarddiagnostics.com\/products\/veterinary-diagnostics\/canine\/canine-parvovirus-disease\/ingezim-parvo-canino-96-tests.html\">https:\/\/www.goldstandarddiagnostics.com\/products\/veterinary-diagnostics\/canine\/canine-parvovirus-disease\/ingezim-parvo-canino-96-tests.html<\/a><\/strong><\/em><\/p>\n<p><strong>Lo\u1ea1i m\u1eabu<\/strong>: M\u1eabu huy\u1ebft thanh ch\u00f3.<\/p>\n<p><strong>Code<\/strong>: 15.CPV.K.1 (1 \u0111\u0129a 96 gi\u1ebfng)<\/p>\n<p><strong>INgezim Parvo Canino<\/strong> d\u1ef1a tr\u00ean k\u1ef9 thu\u1eadt ELISA gi\u00e1n ti\u1ebfp, s\u1eed d\u1ee5ng kh\u00e1ng th\u1ec3 \u0111\u01a1n d\u00f2ng \u0111\u1eb7c hi\u1ec7u (Mab) \u0111\u1eb7c hi\u1ec7u v\u1edbi globulin mi\u1ec5n d\u1ecbch c\u1ee7a ch\u00f3 (Igs) v\u00e0 m\u1ed9t protein t\u00e1i t\u1ed5 h\u1ee3p VP2 c\u1ee7a Canine parvovirus (CPV) l\u00e0m kh\u00e1ng nguy\u00ean.<\/p>\n<p><strong>\u1ee8NG D\u1ee4NG<\/strong><\/p>\n<p>Ph\u00e1t hi\u1ec7n ho\u1eb7c chu\u1ea9n \u0111\u1ed9 c\u1ee7a c\u00e1c kh\u00e1ng th\u1ec3 \u0111\u1eb7c hi\u1ec7u \u0111\u1ed1i v\u1edbi CPV trong m\u1eabu huy\u1ebft thanh ch\u00f3.<\/p>\n","protected":false},"excerpt":{"rendered":"<p>INgezim Parvo Canino:\u00a0https:\/\/www.goldstandarddiagnostics.com\/products\/veterinary-diagnostics\/canine\/canine-parvovirus-disease\/ingezim-parvo-canino-96-tests.html Lo\u1ea1i m\u1eabu: M\u1eabu huy\u1ebft thanh ch\u00f3. Code: 15.CPV.K.1 (1 \u0111\u0129a 96 gi\u1ebfng) INgezim Parvo Canino d\u1ef1a tr\u00ean k\u1ef9 thu\u1eadt ELISA gi\u00e1n ti\u1ebfp, s\u1eed d\u1ee5ng kh\u00e1ng th\u1ec3 \u0111\u01a1n d\u00f2ng \u0111\u1eb7c hi\u1ec7u (Mab) \u0111\u1eb7c hi\u1ec7u v\u1edbi globulin mi\u1ec5n d\u1ecbch c\u1ee7a ch\u00f3 (Igs) v\u00e0 m\u1ed9t protein t\u00e1i t\u1ed5 h\u1ee3p VP2 c\u1ee7a Canine parvovirus (CPV) l\u00e0m [&hellip;]<\/p>\n","protected":false},"featured_media":2379,"comment_status":"open","ping_status":"closed","template":"","meta":[],"_links":{"self":[{"href":"https:\/\/biolabtek.vn\/index.php?rest_route=\/wp\/v2\/product\/2386"}],"collection":[{"href":"https:\/\/biolabtek.vn\/index.php?rest_route=\/wp\/v2\/product"}],"about":[{"href":"https:\/\/biolabtek.vn\/index.php?rest_route=\/wp\/v2\/types\/product"}],"replies":[{"embeddable":true,"href":"https:\/\/biolabtek.vn\/index.php?rest_route=%2Fwp%2Fv2%2Fcomments&post=2386"}],"wp:featuredmedia":[{"embeddable":true,"href":"https:\/\/biolabtek.vn\/index.php?rest_route=\/wp\/v2\/media\/2379"}],"wp:attachment":[{"href":"https:\/\/biolabtek.vn\/index.php?rest_route=%2Fwp%2Fv2%2Fmedia&parent=2386"}],"curies":[{"name":"wp","href":"https:\/\/api.w.org\/{rel}","templated":true}]}}