{"id":2385,"date":"2022-07-19T01:32:26","date_gmt":"2022-07-19T01:32:26","guid":{"rendered":"https:\/\/biolabtek.vn\/?post_type=product&#038;p=2385"},"modified":"2022-12-20T08:15:08","modified_gmt":"2022-12-20T08:15:08","slug":"ingezim-cpv-das","status":"publish","type":"product","link":"https:\/\/biolabtek.vn\/?product=ingezim-cpv-das","title":{"rendered":"INgezim CPV DAS"},"content":{"rendered":"<p style=\"text-align: left;\"><em><strong>INgezim CPV DAS:\u00a0<a href=\"https:\/\/www.goldstandarddiagnostics.com\/products\/veterinary-diagnostics\/canine\/canine-parvovirus-disease\/ingezim-parvovirus-igm-96-tests-1.html\">https:\/\/www.goldstandarddiagnostics.com\/products\/veterinary-diagnostics\/canine\/canine-parvovirus-disease\/ingezim-parvovirus-igm-96-tests-1.html<\/a><\/strong><\/em><\/p>\n<p><strong>Lo\u1ea1i m\u1eabu<\/strong>: M\u1eabu sinh h\u1ecdc (ph\u00e2n ch\u00f3).<\/p>\n<p><strong>Code<\/strong>: 15.CPV.K.2 (1 \u0111\u0129a 96 gi\u1ebfng)<\/p>\n<p><strong>INgezim CPV DAS<\/strong>\u00a0d\u1ef1a tr\u00ean k\u1ef9 thu\u1eadt Double Antibody ELISA, s\u1eed d\u1ee5ng kh\u00e1ng th\u1ec3 \u0111\u01a1n d\u00f2ng (Mab) \u0111\u1eb7c hi\u1ec7u \u0111\u1ed1i v\u1edbi protein VP2 c\u1ee7a canine parvovirus (CPV).<\/p>\n<p><strong>\u1ee8NG D\u1ee4NG<\/strong><\/p>\n<p>Ph\u00e1t hi\u1ec7n c\u00e1c kh\u00e1ng nguy\u00ean c\u1ee7a VP2 CPV (type 2, 2a &amp; 2b) trong m\u1eabu ph\u00e2n ch\u00f3.<\/p>\n","protected":false},"excerpt":{"rendered":"<p>INgezim CPV DAS:\u00a0https:\/\/www.goldstandarddiagnostics.com\/products\/veterinary-diagnostics\/canine\/canine-parvovirus-disease\/ingezim-parvovirus-igm-96-tests-1.html Lo\u1ea1i m\u1eabu: M\u1eabu sinh h\u1ecdc (ph\u00e2n ch\u00f3). Code: 15.CPV.K.2 (1 \u0111\u0129a 96 gi\u1ebfng) INgezim CPV DAS\u00a0d\u1ef1a tr\u00ean k\u1ef9 thu\u1eadt Double Antibody ELISA, s\u1eed d\u1ee5ng kh\u00e1ng th\u1ec3 \u0111\u01a1n d\u00f2ng (Mab) \u0111\u1eb7c hi\u1ec7u \u0111\u1ed1i v\u1edbi protein VP2 c\u1ee7a canine parvovirus (CPV). \u1ee8NG D\u1ee4NG Ph\u00e1t hi\u1ec7n c\u00e1c kh\u00e1ng nguy\u00ean c\u1ee7a VP2 CPV (type 2, 2a [&hellip;]<\/p>\n","protected":false},"featured_media":2378,"comment_status":"open","ping_status":"closed","template":"","meta":[],"_links":{"self":[{"href":"https:\/\/biolabtek.vn\/index.php?rest_route=\/wp\/v2\/product\/2385"}],"collection":[{"href":"https:\/\/biolabtek.vn\/index.php?rest_route=\/wp\/v2\/product"}],"about":[{"href":"https:\/\/biolabtek.vn\/index.php?rest_route=\/wp\/v2\/types\/product"}],"replies":[{"embeddable":true,"href":"https:\/\/biolabtek.vn\/index.php?rest_route=%2Fwp%2Fv2%2Fcomments&post=2385"}],"wp:featuredmedia":[{"embeddable":true,"href":"https:\/\/biolabtek.vn\/index.php?rest_route=\/wp\/v2\/media\/2378"}],"wp:attachment":[{"href":"https:\/\/biolabtek.vn\/index.php?rest_route=%2Fwp%2Fv2%2Fmedia&parent=2385"}],"curies":[{"name":"wp","href":"https:\/\/api.w.org\/{rel}","templated":true}]}}