{"id":2384,"date":"2022-07-19T01:26:31","date_gmt":"2022-07-19T01:26:31","guid":{"rendered":"https:\/\/biolabtek.vn\/?post_type=product&#038;p=2384"},"modified":"2022-12-20T08:20:22","modified_gmt":"2022-12-20T08:20:22","slug":"ingezim-parvovirus-igm","status":"publish","type":"product","link":"https:\/\/biolabtek.vn\/?product=ingezim-parvovirus-igm","title":{"rendered":"INgezim Parvovirus IgM"},"content":{"rendered":"<p style=\"text-align: left;\"><em><strong>INgezim Parvovirus IgM:\u00a0<a href=\"https:\/\/www.goldstandarddiagnostics.com\/products\/veterinary-diagnostics\/canine\/canine-parvovirus-disease\/ingezim-parvovirus-igm-96-tests.html\">https:\/\/www.goldstandarddiagnostics.com\/products\/veterinary-diagnostics\/canine\/canine-parvovirus-disease\/ingezim-parvovirus-igm-96-tests.html<\/a><\/strong><\/em><\/p>\n<p><strong>Lo\u1ea1i m\u1eabu<\/strong>: M\u1eabu huy\u1ebft thanh ch\u00f3.<\/p>\n<p><strong>Code<\/strong>: 15.CPM.K.2 (1 \u0111\u0129a 96 gi\u1ebfng)<\/p>\n<p><strong>INgezim Parvovirus IgM<\/strong>\u00a0d\u1ef1a tr\u00ean k\u1ef9 thu\u1eadt Double Antibody ELISA, s\u1eed d\u1ee5ng capsids t\u00e1i t\u1ed5 h\u1ee3p VP2 CPV, m\u1ed9t kh\u00e1ng th\u1ec3 \u0111\u01a1n d\u00f2ng \u0111\u1eb7c hi\u1ec7u IgM c\u1ee7a ch\u00f3 v\u00e0 m\u1ed9t kh\u00e1ng th\u1ec3 \u0111\u01a1n d\u00f2ng \u0111\u1eb7c hi\u1ec7u protein VP2 c\u1ee7a canine parvovirus.<\/p>\n<p><strong>\u1ee8NG D\u1ee4NG<\/strong><\/p>\n<p>Ph\u00e1t hi\u1ec7n c\u00e1c kh\u00e1ng th\u1ec3 \u0111\u1eb7c hi\u1ec7u IgM c\u1ee7a canine parvovirus VP2.<\/p>\n","protected":false},"excerpt":{"rendered":"<p>INgezim Parvovirus IgM:\u00a0https:\/\/www.goldstandarddiagnostics.com\/products\/veterinary-diagnostics\/canine\/canine-parvovirus-disease\/ingezim-parvovirus-igm-96-tests.html Lo\u1ea1i m\u1eabu: M\u1eabu huy\u1ebft thanh ch\u00f3. Code: 15.CPM.K.2 (1 \u0111\u0129a 96 gi\u1ebfng) INgezim Parvovirus IgM\u00a0d\u1ef1a tr\u00ean k\u1ef9 thu\u1eadt Double Antibody ELISA, s\u1eed d\u1ee5ng capsids t\u00e1i t\u1ed5 h\u1ee3p VP2 CPV, m\u1ed9t kh\u00e1ng th\u1ec3 \u0111\u01a1n d\u00f2ng \u0111\u1eb7c hi\u1ec7u IgM c\u1ee7a ch\u00f3 v\u00e0 m\u1ed9t kh\u00e1ng th\u1ec3 \u0111\u01a1n d\u00f2ng \u0111\u1eb7c hi\u1ec7u protein VP2 c\u1ee7a canine parvovirus. [&hellip;]<\/p>\n","protected":false},"featured_media":2379,"comment_status":"open","ping_status":"closed","template":"","meta":[],"_links":{"self":[{"href":"https:\/\/biolabtek.vn\/index.php?rest_route=\/wp\/v2\/product\/2384"}],"collection":[{"href":"https:\/\/biolabtek.vn\/index.php?rest_route=\/wp\/v2\/product"}],"about":[{"href":"https:\/\/biolabtek.vn\/index.php?rest_route=\/wp\/v2\/types\/product"}],"replies":[{"embeddable":true,"href":"https:\/\/biolabtek.vn\/index.php?rest_route=%2Fwp%2Fv2%2Fcomments&post=2384"}],"wp:featuredmedia":[{"embeddable":true,"href":"https:\/\/biolabtek.vn\/index.php?rest_route=\/wp\/v2\/media\/2379"}],"wp:attachment":[{"href":"https:\/\/biolabtek.vn\/index.php?rest_route=%2Fwp%2Fv2%2Fmedia&parent=2384"}],"curies":[{"name":"wp","href":"https:\/\/api.w.org\/{rel}","templated":true}]}}