{"id":2381,"date":"2022-07-18T09:58:45","date_gmt":"2022-07-18T09:58:45","guid":{"rendered":"https:\/\/biolabtek.vn\/?post_type=product&#038;p=2381"},"modified":"2022-12-20T08:13:25","modified_gmt":"2022-12-20T08:13:25","slug":"ingezim-moquillo-igg","status":"publish","type":"product","link":"https:\/\/biolabtek.vn\/?product=ingezim-moquillo-igg","title":{"rendered":"INgezim Moquillo IgG"},"content":{"rendered":"<p style=\"text-align: left;\"><em><strong>INgezim Moquillo IgG:\u00a0<a href=\"https:\/\/www.goldstandarddiagnostics.com\/products\/veterinary-diagnostics\/canine\/canine-distemper\/ingezim-moquillo-igg-96-tests.html\">https:\/\/www.goldstandarddiagnostics.com\/products\/veterinary-diagnostics\/canine\/canine-distemper\/ingezim-moquillo-igg-96-tests.html<\/a><\/strong><\/em><\/p>\n<p><strong>Lo\u1ea1i m\u1eabu<\/strong>: M\u1eabu huy\u1ebft thanh ch\u00f3.<\/p>\n<p><strong>Code<\/strong>: 15.CDG.K.1 (1 \u0111\u0129a 96 gi\u1ebfng).<\/p>\n<p><strong>INgezim Moquillo IgG<\/strong>\u00a0d\u1ef1a tr\u00ean k\u1ef9 thu\u1eadt ELISA gi\u00e1n ti\u1ebfp, s\u1eed d\u1ee5ng protein N t\u00e1i t\u1ed5 h\u1ee3p c\u1ee7a virus.<\/p>\n<p><strong>\u1ee8NG D\u1ee4NG<\/strong><\/p>\n<p>Ph\u00e1t hi\u1ec7n c\u00e1c kh\u00e1ng th\u1ec3 \u0111\u1eb7c hi\u1ec7u \u0111\u1ed1i v\u1edbi Vi r\u00fat Canine Distemper (CDV).<\/p>\n","protected":false},"excerpt":{"rendered":"<p>INgezim Moquillo IgG:\u00a0https:\/\/www.goldstandarddiagnostics.com\/products\/veterinary-diagnostics\/canine\/canine-distemper\/ingezim-moquillo-igg-96-tests.html Lo\u1ea1i m\u1eabu: M\u1eabu huy\u1ebft thanh ch\u00f3. Code: 15.CDG.K.1 (1 \u0111\u0129a 96 gi\u1ebfng). INgezim Moquillo IgG\u00a0d\u1ef1a tr\u00ean k\u1ef9 thu\u1eadt ELISA gi\u00e1n ti\u1ebfp, s\u1eed d\u1ee5ng protein N t\u00e1i t\u1ed5 h\u1ee3p c\u1ee7a virus. \u1ee8NG D\u1ee4NG Ph\u00e1t hi\u1ec7n c\u00e1c kh\u00e1ng th\u1ec3 \u0111\u1eb7c hi\u1ec7u \u0111\u1ed1i v\u1edbi Vi r\u00fat Canine Distemper (CDV).<\/p>\n","protected":false},"featured_media":2379,"comment_status":"open","ping_status":"closed","template":"","meta":[],"_links":{"self":[{"href":"https:\/\/biolabtek.vn\/index.php?rest_route=\/wp\/v2\/product\/2381"}],"collection":[{"href":"https:\/\/biolabtek.vn\/index.php?rest_route=\/wp\/v2\/product"}],"about":[{"href":"https:\/\/biolabtek.vn\/index.php?rest_route=\/wp\/v2\/types\/product"}],"replies":[{"embeddable":true,"href":"https:\/\/biolabtek.vn\/index.php?rest_route=%2Fwp%2Fv2%2Fcomments&post=2381"}],"wp:featuredmedia":[{"embeddable":true,"href":"https:\/\/biolabtek.vn\/index.php?rest_route=\/wp\/v2\/media\/2379"}],"wp:attachment":[{"href":"https:\/\/biolabtek.vn\/index.php?rest_route=%2Fwp%2Fv2%2Fmedia&parent=2381"}],"curies":[{"name":"wp","href":"https:\/\/api.w.org\/{rel}","templated":true}]}}