{"id":2377,"date":"2022-07-18T09:53:08","date_gmt":"2022-07-18T09:53:08","guid":{"rendered":"https:\/\/biolabtek.vn\/?post_type=product&#038;p=2377"},"modified":"2022-12-20T08:11:49","modified_gmt":"2022-12-20T08:11:49","slug":"ingezim-corona-canino","status":"publish","type":"product","link":"https:\/\/biolabtek.vn\/?product=ingezim-corona-canino","title":{"rendered":"INgezim Corona Canino"},"content":{"rendered":"<p style=\"text-align: left;\"><em><strong>INgezim Corona Canino:\u00a0<a href=\"https:\/\/www.goldstandarddiagnostics.com\/products\/veterinary-diagnostics\/canine\/canine-coronavirus-disease\/ingezim-corona-canino.html\">https:\/\/www.goldstandarddiagnostics.com\/products\/veterinary-diagnostics\/canine\/canine-coronavirus-disease\/ingezim-corona-canino.html<\/a><\/strong><\/em><\/p>\n<p><strong>Lo\u1ea1i m\u1eabu<\/strong>: M\u1eabu huy\u1ebft thanh ch\u00f3.<\/p>\n<p><strong>Code<\/strong>: 15.CCV.K.1 (1 \u0111\u0129a 96 gi\u1ebfng)<\/p>\n<p><strong>INgezim Corona Canino<\/strong>\u00a0d\u1ef1a tr\u00ean k\u1ef9 thu\u1eadt ELISA gi\u00e1n ti\u1ebfp, s\u1eed d\u1ee5ng kh\u00e1ng th\u1ec3 \u0111\u01a1n d\u00f2ng (Mab) \u0111\u1eb7c hi\u1ec7u \u0111\u1ed1i v\u1edbi globulin mi\u1ec5n d\u1ecbch (Igs) c\u1ee7a ch\u00f3 v\u00e0 m\u1ed9t chi\u1ebft xu\u1ea5t b\u00e1n tinh khi\u1ebft c\u1ee7a Canine Coronavirus (CCV) l\u00e0m kh\u00e1ng nguy\u00ean.<\/p>\n<p><strong>\u1ee8NG D\u1ee4NG<\/strong><\/p>\n<p>Ph\u00e1t hi\u1ec7n c\u00e1c kh\u00e1ng th\u1ec3 \u0111\u1eb7c hi\u1ec7u v\u1edbi CCV trong m\u1eabu huy\u1ebft thanh ch\u00f3.<\/p>\n","protected":false},"excerpt":{"rendered":"<p>INgezim Corona Canino:\u00a0https:\/\/www.goldstandarddiagnostics.com\/products\/veterinary-diagnostics\/canine\/canine-coronavirus-disease\/ingezim-corona-canino.html Lo\u1ea1i m\u1eabu: M\u1eabu huy\u1ebft thanh ch\u00f3. Code: 15.CCV.K.1 (1 \u0111\u0129a 96 gi\u1ebfng) INgezim Corona Canino\u00a0d\u1ef1a tr\u00ean k\u1ef9 thu\u1eadt ELISA gi\u00e1n ti\u1ebfp, s\u1eed d\u1ee5ng kh\u00e1ng th\u1ec3 \u0111\u01a1n d\u00f2ng (Mab) \u0111\u1eb7c hi\u1ec7u \u0111\u1ed1i v\u1edbi globulin mi\u1ec5n d\u1ecbch (Igs) c\u1ee7a ch\u00f3 v\u00e0 m\u1ed9t chi\u1ebft xu\u1ea5t b\u00e1n tinh khi\u1ebft c\u1ee7a Canine Coronavirus (CCV) l\u00e0m kh\u00e1ng nguy\u00ean. [&hellip;]<\/p>\n","protected":false},"featured_media":2379,"comment_status":"open","ping_status":"closed","template":"","meta":[],"_links":{"self":[{"href":"https:\/\/biolabtek.vn\/index.php?rest_route=\/wp\/v2\/product\/2377"}],"collection":[{"href":"https:\/\/biolabtek.vn\/index.php?rest_route=\/wp\/v2\/product"}],"about":[{"href":"https:\/\/biolabtek.vn\/index.php?rest_route=\/wp\/v2\/types\/product"}],"replies":[{"embeddable":true,"href":"https:\/\/biolabtek.vn\/index.php?rest_route=%2Fwp%2Fv2%2Fcomments&post=2377"}],"wp:featuredmedia":[{"embeddable":true,"href":"https:\/\/biolabtek.vn\/index.php?rest_route=\/wp\/v2\/media\/2379"}],"wp:attachment":[{"href":"https:\/\/biolabtek.vn\/index.php?rest_route=%2Fwp%2Fv2%2Fmedia&parent=2377"}],"curies":[{"name":"wp","href":"https:\/\/api.w.org\/{rel}","templated":true}]}}