{"id":2376,"date":"2022-07-18T09:45:52","date_gmt":"2022-07-18T09:45:52","guid":{"rendered":"https:\/\/biolabtek.vn\/?post_type=product&#038;p=2376"},"modified":"2022-12-20T08:08:50","modified_gmt":"2022-12-20T08:08:50","slug":"ingezim-brucella-small-ruminants","status":"publish","type":"product","link":"https:\/\/biolabtek.vn\/?product=ingezim-brucella-small-ruminants","title":{"rendered":"INgezim Brucella Small Ruminants"},"content":{"rendered":"<p style=\"text-align: left;\"><em><strong>INgezim Brucella Small Runinants (b\u1ed9 2 \u0111\u0129a):\u00a0<a href=\"https:\/\/www.goldstandarddiagnostics.com\/products\/veterinary-diagnostics\/ruminants-elisa-kits\/brucelosis\/ingezim-brucella-small-ruminants-192-tests.html\">https:\/\/www.goldstandarddiagnostics.com\/products\/veterinary-diagnostics\/ruminants-elisa-kits\/brucelosis\/ingezim-brucella-small-ruminants-192-tests.html<\/a><\/strong><\/em><\/p>\n<p style=\"text-align: left;\"><em><strong>INgezim Brucella Small Runinants (b\u1ed9 5 \u0111\u0129a):\u00a0<a href=\"https:\/\/www.goldstandarddiagnostics.com\/products\/veterinary-diagnostics\/ruminants-elisa-kits\/brucelosis\/ingezim-brucella-small-ruminants-480-tests.html\">https:\/\/www.goldstandarddiagnostics.com\/products\/veterinary-diagnostics\/ruminants-elisa-kits\/brucelosis\/ingezim-brucella-small-ruminants-480-tests.html<\/a><\/strong><\/em><\/p>\n<p><strong>Lo\u1ea1i m\u1eabu<\/strong>: M\u1eabu huy\u1ebft thanh \u0111\u1ed9ng v\u1eadt nhai l\u1ea1i nh\u1ecf.<\/p>\n<p><strong>Code<\/strong>: 13.BM.K.1\/2 (2 \u0111\u0129a 96 gi\u1ebfng), 13.BM.K.1\/5 (5 \u0111\u0129a 96 gi\u1ebfng).<\/p>\n<p><strong>INgezim Brucella Small Ruminants<\/strong>\u00a0d\u1ef1a tr\u00ean k\u1ef9 thu\u1eadt ELISA gi\u00e1n ti\u1ebfp, s\u1eed d\u1ee5ng kh\u00e1ng th\u1ec3 \u0111\u01a1n d\u00f2ng (Mab) \u0111\u1eb7c hi\u1ec7u cho globulin mi\u1ec5n d\u1ecbch IgG c\u1ee7a \u0111\u1ed9ng v\u1eadt nhai l\u1ea1i v\u00e0 <em>Brucella mellitensis<\/em> (LPS) l\u00e0m kh\u00e1ng nguy\u00ean.<\/p>\n<p><strong>\u1ee8NG D\u1ee4NG<\/strong><\/p>\n<p>Ph\u00e1t hi\u1ec7n c\u00e1c kh\u00e1ng th\u1ec3 \u0111\u1eb7c hi\u1ec7u v\u1edbi <em>Brucella<\/em> trong m\u1eabu huy\u1ebft thanh \u0111\u1ed9ng v\u1eadt nhai l\u1ea1i nh\u1ecf th\u00ed nghi\u1ec7m ri\u00eang l\u1ebb.<\/p>\n","protected":false},"excerpt":{"rendered":"<p>INgezim Brucella Small Runinants (b\u1ed9 2 \u0111\u0129a):\u00a0https:\/\/www.goldstandarddiagnostics.com\/products\/veterinary-diagnostics\/ruminants-elisa-kits\/brucelosis\/ingezim-brucella-small-ruminants-192-tests.html INgezim Brucella Small Runinants (b\u1ed9 5 \u0111\u0129a):\u00a0https:\/\/www.goldstandarddiagnostics.com\/products\/veterinary-diagnostics\/ruminants-elisa-kits\/brucelosis\/ingezim-brucella-small-ruminants-480-tests.html Lo\u1ea1i m\u1eabu: M\u1eabu huy\u1ebft thanh \u0111\u1ed9ng v\u1eadt nhai l\u1ea1i nh\u1ecf. Code: 13.BM.K.1\/2 (2 \u0111\u0129a 96 gi\u1ebfng), 13.BM.K.1\/5 (5 \u0111\u0129a 96 gi\u1ebfng). INgezim Brucella Small Ruminants\u00a0d\u1ef1a tr\u00ean k\u1ef9 thu\u1eadt ELISA gi\u00e1n ti\u1ebfp, s\u1eed d\u1ee5ng kh\u00e1ng th\u1ec3 \u0111\u01a1n d\u00f2ng (Mab) \u0111\u1eb7c hi\u1ec7u cho [&hellip;]<\/p>\n","protected":false},"featured_media":2351,"comment_status":"open","ping_status":"closed","template":"","meta":[],"_links":{"self":[{"href":"https:\/\/biolabtek.vn\/index.php?rest_route=\/wp\/v2\/product\/2376"}],"collection":[{"href":"https:\/\/biolabtek.vn\/index.php?rest_route=\/wp\/v2\/product"}],"about":[{"href":"https:\/\/biolabtek.vn\/index.php?rest_route=\/wp\/v2\/types\/product"}],"replies":[{"embeddable":true,"href":"https:\/\/biolabtek.vn\/index.php?rest_route=%2Fwp%2Fv2%2Fcomments&post=2376"}],"wp:featuredmedia":[{"embeddable":true,"href":"https:\/\/biolabtek.vn\/index.php?rest_route=\/wp\/v2\/media\/2351"}],"wp:attachment":[{"href":"https:\/\/biolabtek.vn\/index.php?rest_route=%2Fwp%2Fv2%2Fmedia&parent=2376"}],"curies":[{"name":"wp","href":"https:\/\/api.w.org\/{rel}","templated":true}]}}