{"id":2375,"date":"2022-07-18T09:40:11","date_gmt":"2022-07-18T09:40:11","guid":{"rendered":"https:\/\/biolabtek.vn\/?post_type=product&#038;p=2375"},"modified":"2022-12-20T08:06:54","modified_gmt":"2022-12-20T08:06:54","slug":"ingezim-brucella-ovis","status":"publish","type":"product","link":"https:\/\/biolabtek.vn\/?product=ingezim-brucella-ovis","title":{"rendered":"INgezim Brucella ovis"},"content":{"rendered":"<p style=\"text-align: left;\"><em><strong>INgezim Brucella ovis (b\u1ed9 2 \u0111\u0129a):\u00a0<a href=\"https:\/\/www.goldstandarddiagnostics.com\/products\/veterinary-diagnostics\/ruminants-elisa-kits\/brucelosis\/ingezim-brucella-ovis-192-tests.html\">https:\/\/www.goldstandarddiagnostics.com\/products\/veterinary-diagnostics\/ruminants-elisa-kits\/brucelosis\/ingezim-brucella-ovis-192-tests.html<\/a><\/strong><\/em><\/p>\n<p style=\"text-align: left;\"><em><strong>INgezim Brucella ovis (b\u1ed9 5 \u0111\u0129a):\u00a0<a href=\"https:\/\/www.goldstandarddiagnostics.com\/products\/veterinary-diagnostics\/ruminants-elisa-kits\/brucelosis\/ingezim-brucella-ovis-480-tests.html\">https:\/\/www.goldstandarddiagnostics.com\/products\/veterinary-diagnostics\/ruminants-elisa-kits\/brucelosis\/ingezim-brucella-ovis-480-tests.html<\/a><\/strong><\/em><\/p>\n<p><strong>Lo\u1ea1i m\u1eabu<\/strong>: M\u1eabu huy\u1ebft thanh \u0111\u1ed9ng v\u1eadt nhai l\u1ea1i nh\u1ecf.<\/p>\n<p><strong>Code<\/strong>: 12.BO.K.1\/2 (2 \u0111\u0129a 96 gi\u1ebfng), 12.BO.K.1\/5 (5 \u0111\u0129a 96 gi\u1ebfng).<\/p>\n<p><strong>INgezim Brucella ovis<\/strong>\u00a0d\u1ef1a tr\u00ean k\u1ef9 thu\u1eadt ELISA gi\u00e1n ti\u1ebfp, s\u1eed d\u1ee5ng kh\u00e1ng th\u1ec3 \u0111\u01a1n d\u00f2ng (Mab) \u0111\u1eb7c hi\u1ec7u cho globulin mi\u1ec5n d\u1ecbch IgG c\u1ee7a \u0111\u1ed9ng v\u1eadt nhai l\u1ea1i v\u00e0 Hot Saline (HS) chi\u1ebft xu\u1ea5t c\u1ee7a B. ovis l\u00e0m kh\u00e1ng nguy\u00ean.<\/p>\n<p><strong>\u1ee8NG D\u1ee4NG<\/strong><\/p>\n<p>Ph\u00e1t hi\u1ec7n c\u00e1c kh\u00e1ng th\u1ec3 \u0111\u1eb7c hi\u1ec7u v\u1edbi Brucella ovis trong m\u1eabu huy\u1ebft thanh.<\/p>\n","protected":false},"excerpt":{"rendered":"<p>INgezim Brucella ovis (b\u1ed9 2 \u0111\u0129a):\u00a0https:\/\/www.goldstandarddiagnostics.com\/products\/veterinary-diagnostics\/ruminants-elisa-kits\/brucelosis\/ingezim-brucella-ovis-192-tests.html INgezim Brucella ovis (b\u1ed9 5 \u0111\u0129a):\u00a0https:\/\/www.goldstandarddiagnostics.com\/products\/veterinary-diagnostics\/ruminants-elisa-kits\/brucelosis\/ingezim-brucella-ovis-480-tests.html Lo\u1ea1i m\u1eabu: M\u1eabu huy\u1ebft thanh \u0111\u1ed9ng v\u1eadt nhai l\u1ea1i nh\u1ecf. Code: 12.BO.K.1\/2 (2 \u0111\u0129a 96 gi\u1ebfng), 12.BO.K.1\/5 (5 \u0111\u0129a 96 gi\u1ebfng). INgezim Brucella ovis\u00a0d\u1ef1a tr\u00ean k\u1ef9 thu\u1eadt ELISA gi\u00e1n ti\u1ebfp, s\u1eed d\u1ee5ng kh\u00e1ng th\u1ec3 \u0111\u01a1n d\u00f2ng (Mab) \u0111\u1eb7c hi\u1ec7u cho globulin mi\u1ec5n d\u1ecbch [&hellip;]<\/p>\n","protected":false},"featured_media":2247,"comment_status":"open","ping_status":"closed","template":"","meta":[],"_links":{"self":[{"href":"https:\/\/biolabtek.vn\/index.php?rest_route=\/wp\/v2\/product\/2375"}],"collection":[{"href":"https:\/\/biolabtek.vn\/index.php?rest_route=\/wp\/v2\/product"}],"about":[{"href":"https:\/\/biolabtek.vn\/index.php?rest_route=\/wp\/v2\/types\/product"}],"replies":[{"embeddable":true,"href":"https:\/\/biolabtek.vn\/index.php?rest_route=%2Fwp%2Fv2%2Fcomments&post=2375"}],"wp:featuredmedia":[{"embeddable":true,"href":"https:\/\/biolabtek.vn\/index.php?rest_route=\/wp\/v2\/media\/2247"}],"wp:attachment":[{"href":"https:\/\/biolabtek.vn\/index.php?rest_route=%2Fwp%2Fv2%2Fmedia&parent=2375"}],"curies":[{"name":"wp","href":"https:\/\/api.w.org\/{rel}","templated":true}]}}