{"id":2372,"date":"2022-07-18T09:11:53","date_gmt":"2022-07-18T09:11:53","guid":{"rendered":"https:\/\/biolabtek.vn\/?post_type=product&#038;p=2372"},"modified":"2022-12-20T07:34:09","modified_gmt":"2022-12-20T07:34:09","slug":"ingezim-btv-compac-2-0","status":"publish","type":"product","link":"https:\/\/biolabtek.vn\/?product=ingezim-btv-compac-2-0","title":{"rendered":"INgezim BTV Compac 2.0"},"content":{"rendered":"<p style=\"text-align: left;\"><em><strong>INgezim BTV Compac 2.0 (b\u1ed9 2 \u0111\u0129a):\u00a0<a href=\"https:\/\/www.goldstandarddiagnostics.com\/products\/veterinary-diagnostics\/ruminants-elisa-kits\/blue-tongue-btv\/ingezim-btv-compac-2-192-tests.html\">https:\/\/www.goldstandarddiagnostics.com\/products\/veterinary-diagnostics\/ruminants-elisa-kits\/blue-tongue-btv\/ingezim-btv-compac-2-192-tests.html<\/a><\/strong><\/em><\/p>\n<p style=\"text-align: left;\"><strong><em>INgezim BTV Compac 2.0 (b\u1ed9 5 \u0111\u0129a):\u00a0<a href=\"https:\/\/www.goldstandarddiagnostics.com\/products\/veterinary-diagnostics\/ruminants-elisa-kits\/blue-tongue-btv\/ingezim-btv-compac-2-480-tests.html\">https:\/\/www.goldstandarddiagnostics.com\/products\/veterinary-diagnostics\/ruminants-elisa-kits\/blue-tongue-btv\/ingezim-btv-compac-2-480-tests.html<\/a><\/em><\/strong><\/p>\n<p><strong>Lo\u1ea1i m\u1eabu<\/strong>: M\u1eabu huy\u1ebft thanh \u0111\u1ed9ng v\u1eadt nhai l\u1ea1i (m\u1eabu ri\u00eang l\u1ebb), c\u00f3 th\u1ec3 s\u1eed d\u1ee5ng cho c\u1eebu, d\u00ea v\u00e0 gia s\u00fac.<\/p>\n<p><strong>Code<\/strong>: 12.BTV.K.3\/2 (2 \u0111\u0129a 96 gi\u1ebfng) v\u00e0 12.BTV.K.3\/5 (5 \u0111\u0129a 96 gi\u1ebfng)<\/p>\n<p><strong>INgezim BTV Compac 2.0<\/strong>\u00a0d\u1ef1a tr\u00ean k\u1ef9 thu\u1eadt Blocking Elisa, s\u1eed d\u1ee5ng kh\u00e1ng th\u1ec3 \u0111\u01a1n d\u00f2ng (Mab) \u0111\u1eb7c hi\u1ec7u cho protein VP7 c\u1ee7a vi r\u00fat Blue Tongue (BTV) v\u00e0 kh\u00e1ng nguy\u00ean t\u00e1i t\u1ed5 h\u1ee3p.<\/p>\n<p><strong>\u1ee8NG D\u1ee4NG<\/strong><\/p>\n<p>Ph\u00e1t hi\u1ec7n kh\u00e1ng th\u1ec3 \u0111\u1eb7c hi\u1ec7u v\u1edbi protein VP7 c\u1ee7a BTV.<\/p>\n","protected":false},"excerpt":{"rendered":"<p>INgezim BTV Compac 2.0 (b\u1ed9 2 \u0111\u0129a):\u00a0https:\/\/www.goldstandarddiagnostics.com\/products\/veterinary-diagnostics\/ruminants-elisa-kits\/blue-tongue-btv\/ingezim-btv-compac-2-192-tests.html INgezim BTV Compac 2.0 (b\u1ed9 5 \u0111\u0129a):\u00a0https:\/\/www.goldstandarddiagnostics.com\/products\/veterinary-diagnostics\/ruminants-elisa-kits\/blue-tongue-btv\/ingezim-btv-compac-2-480-tests.html Lo\u1ea1i m\u1eabu: M\u1eabu huy\u1ebft thanh \u0111\u1ed9ng v\u1eadt nhai l\u1ea1i (m\u1eabu ri\u00eang l\u1ebb), c\u00f3 th\u1ec3 s\u1eed d\u1ee5ng cho c\u1eebu, d\u00ea v\u00e0 gia s\u00fac. Code: 12.BTV.K.3\/2 (2 \u0111\u0129a 96 gi\u1ebfng) v\u00e0 12.BTV.K.3\/5 (5 \u0111\u0129a 96 gi\u1ebfng) INgezim BTV Compac 2.0\u00a0d\u1ef1a tr\u00ean k\u1ef9 thu\u1eadt [&hellip;]<\/p>\n","protected":false},"featured_media":2351,"comment_status":"open","ping_status":"closed","template":"","meta":[],"_links":{"self":[{"href":"https:\/\/biolabtek.vn\/index.php?rest_route=\/wp\/v2\/product\/2372"}],"collection":[{"href":"https:\/\/biolabtek.vn\/index.php?rest_route=\/wp\/v2\/product"}],"about":[{"href":"https:\/\/biolabtek.vn\/index.php?rest_route=\/wp\/v2\/types\/product"}],"replies":[{"embeddable":true,"href":"https:\/\/biolabtek.vn\/index.php?rest_route=%2Fwp%2Fv2%2Fcomments&post=2372"}],"wp:featuredmedia":[{"embeddable":true,"href":"https:\/\/biolabtek.vn\/index.php?rest_route=\/wp\/v2\/media\/2351"}],"wp:attachment":[{"href":"https:\/\/biolabtek.vn\/index.php?rest_route=%2Fwp%2Fv2%2Fmedia&parent=2372"}],"curies":[{"name":"wp","href":"https:\/\/api.w.org\/{rel}","templated":true}]}}