{"id":2367,"date":"2022-07-18T08:24:00","date_gmt":"2022-07-18T08:24:00","guid":{"rendered":"https:\/\/biolabtek.vn\/?post_type=product&#038;p=2367"},"modified":"2022-12-20T07:41:46","modified_gmt":"2022-12-20T07:41:46","slug":"ingezim-blv-confirmation","status":"publish","type":"product","link":"https:\/\/biolabtek.vn\/?product=ingezim-blv-confirmation","title":{"rendered":"INgezim BLV Confirmation"},"content":{"rendered":"<p style=\"text-align: left;\"><em><strong>INgezim BLV Confirmation<\/strong>:\u00a0<a href=\"https:\/\/www.goldstandarddiagnostics.com\/products\/veterinary-diagnostics\/ruminants-elisa-kits\/bovine-leukosis-blv\/ingezim-blv-confirmation-480-tests.html\">https:\/\/www.goldstandarddiagnostics.com\/products\/veterinary-diagnostics\/ruminants-elisa-kits\/bovine-leukosis-blv\/ingezim-blv-confirmation-480-tests.html<\/a><\/em><\/p>\n<p><strong>Lo\u1ea1i m\u1eabu<\/strong>: M\u1eabu huy\u1ebft thanh c\u1ee7a \u0111\u1ed9ng v\u1eadt nhai l\u1ea1i.<\/p>\n<p><strong>Code<\/strong>: 12.BLV.K.1\/5 (5 \u0111\u0129a 96 gi\u1ebfng).<\/p>\n<p><strong>INgezim BLV Confirmation<\/strong>\u00a0d\u1ef1a tr\u00ean k\u1ef9 thu\u1eadt ELISA gi\u00e1n ti\u1ebfp, s\u1eed d\u1ee5ng kh\u00e1ng th\u1ec3 \u0111\u01a1n d\u00f2ng (Mab) \u0111\u1eb7c hi\u1ec7u c\u1ee7a c\u00e1c globulin mi\u1ec5n d\u1ecbch c\u1ee7a b\u00f2. X\u00e9t nghi\u1ec7m n\u00e0y s\u1eed d\u1ee5ng c\u00e1c \u0111\u0129a \u0111\u01b0\u1ee3c ph\u1ee7 kh\u00e1ng nguy\u00ean d\u01b0\u01a1ng t\u00ednh (BLV b\u1ea5t ho\u1ea1t) v\u00e0 kh\u00e1ng nguy\u00ean \u00e2m t\u00ednh.<\/p>\n<p><strong>\u1ee8ng d\u1ee5ng<\/strong><\/p>\n<p>Ph\u00e1t hi\u1ec7n kh\u00e1ng th\u1ec3 \u0111\u1eb7c hi\u1ec7u \u0111\u1ed1i v\u1edbi vi r\u00fat g\u00e2y b\u1ec7nh b\u1ea1ch c\u1ea7u \u1edf b\u00f2 (BLV) trong c\u00e1c m\u1eabu huy\u1ebft thanh c\u1ee7a b\u00f2.<\/p>\n","protected":false},"excerpt":{"rendered":"<p>INgezim BLV Confirmation:\u00a0https:\/\/www.goldstandarddiagnostics.com\/products\/veterinary-diagnostics\/ruminants-elisa-kits\/bovine-leukosis-blv\/ingezim-blv-confirmation-480-tests.html Lo\u1ea1i m\u1eabu: M\u1eabu huy\u1ebft thanh c\u1ee7a \u0111\u1ed9ng v\u1eadt nhai l\u1ea1i. Code: 12.BLV.K.1\/5 (5 \u0111\u0129a 96 gi\u1ebfng). INgezim BLV Confirmation\u00a0d\u1ef1a tr\u00ean k\u1ef9 thu\u1eadt ELISA gi\u00e1n ti\u1ebfp, s\u1eed d\u1ee5ng kh\u00e1ng th\u1ec3 \u0111\u01a1n d\u00f2ng (Mab) \u0111\u1eb7c hi\u1ec7u c\u1ee7a c\u00e1c globulin mi\u1ec5n d\u1ecbch c\u1ee7a b\u00f2. X\u00e9t nghi\u1ec7m n\u00e0y s\u1eed d\u1ee5ng c\u00e1c \u0111\u0129a \u0111\u01b0\u1ee3c ph\u1ee7 kh\u00e1ng nguy\u00ean [&hellip;]<\/p>\n","protected":false},"featured_media":2351,"comment_status":"open","ping_status":"closed","template":"","meta":[],"_links":{"self":[{"href":"https:\/\/biolabtek.vn\/index.php?rest_route=\/wp\/v2\/product\/2367"}],"collection":[{"href":"https:\/\/biolabtek.vn\/index.php?rest_route=\/wp\/v2\/product"}],"about":[{"href":"https:\/\/biolabtek.vn\/index.php?rest_route=\/wp\/v2\/types\/product"}],"replies":[{"embeddable":true,"href":"https:\/\/biolabtek.vn\/index.php?rest_route=%2Fwp%2Fv2%2Fcomments&post=2367"}],"wp:featuredmedia":[{"embeddable":true,"href":"https:\/\/biolabtek.vn\/index.php?rest_route=\/wp\/v2\/media\/2351"}],"wp:attachment":[{"href":"https:\/\/biolabtek.vn\/index.php?rest_route=%2Fwp%2Fv2%2Fmedia&parent=2367"}],"curies":[{"name":"wp","href":"https:\/\/api.w.org\/{rel}","templated":true}]}}