{"id":2350,"date":"2022-07-18T07:25:00","date_gmt":"2022-07-18T07:25:00","guid":{"rendered":"https:\/\/biolabtek.vn\/?post_type=product&#038;p=2350"},"modified":"2023-01-30T09:24:40","modified_gmt":"2023-01-30T09:24:40","slug":"ingezim-rota-crom","status":"publish","type":"product","link":"https:\/\/biolabtek.vn\/?product=ingezim-rota-crom","title":{"rendered":"INgezim Rota CROM"},"content":{"rendered":"<p style=\"text-align: left;\"><em><strong>INgezim Rota CROM :<\/strong>\u00a0<a href=\"https:\/\/ingenasa.eurofins-technologies.com\/home\/products\/veterinary-diagnostics\/elisa-rapid-tests\/multispecies\/rotavirus-type-a-rotavirosis\/ingezim-rota-crom\/\">https:\/\/ingenasa.eurofins-technologies.com\/home\/products\/veterinary-diagnostics\/elisa-rapid-tests\/multispecies\/rotavirus-type-a-rotavirosis\/ingezim-rota-crom\/<\/a><\/em><\/p>\n<p><strong>H\u00e3ng<\/strong>: Gold Standard Diagnostics<\/p>\n<p><strong>Lo\u1ea1i m\u1eabu<\/strong>: M\u1eabu sinh h\u1ecdc (ph\u00e2n c\u1ee7a t\u1ea5t c\u1ea3 c\u00e1c lo\u00e0i).<\/p>\n<p><strong>Code<\/strong>: 10.RTK.K.4\/12 (B\u1ed9 12 test) v\u00e0 10.RTK.K.4\/30 (B\u1ed9 30 test)<\/p>\n<p><strong>INgezim Rota CROM\u00a0<\/strong>d\u1ef1a tr\u00ean k\u1ef9 thu\u1eadt Double antibody s\u00e1ndwich IC.<\/p>\n<p><strong>\u1ee8ng d\u1ee5ng<\/strong><\/p>\n<p>Ph\u00e1t hi\u1ec7n kh\u00e1ng nguy\u00ean vi r\u00fat Rota type A trong m\u1eabu ph\u00e2n.<\/p>\n","protected":false},"excerpt":{"rendered":"<p>INgezim Rota CROM :\u00a0https:\/\/ingenasa.eurofins-technologies.com\/home\/products\/veterinary-diagnostics\/elisa-rapid-tests\/multispecies\/rotavirus-type-a-rotavirosis\/ingezim-rota-crom\/ H\u00e3ng: Gold Standard Diagnostics Lo\u1ea1i m\u1eabu: M\u1eabu sinh h\u1ecdc (ph\u00e2n c\u1ee7a t\u1ea5t c\u1ea3 c\u00e1c lo\u00e0i). Code: 10.RTK.K.4\/12 (B\u1ed9 12 test) v\u00e0 10.RTK.K.4\/30 (B\u1ed9 30 test) INgezim Rota CROM\u00a0d\u1ef1a tr\u00ean k\u1ef9 thu\u1eadt Double antibody s\u00e1ndwich IC. \u1ee8ng d\u1ee5ng Ph\u00e1t hi\u1ec7n kh\u00e1ng nguy\u00ean vi r\u00fat Rota type A trong m\u1eabu ph\u00e2n.<\/p>\n","protected":false},"featured_media":2352,"comment_status":"open","ping_status":"closed","template":"","meta":[],"_links":{"self":[{"href":"https:\/\/biolabtek.vn\/index.php?rest_route=\/wp\/v2\/product\/2350"}],"collection":[{"href":"https:\/\/biolabtek.vn\/index.php?rest_route=\/wp\/v2\/product"}],"about":[{"href":"https:\/\/biolabtek.vn\/index.php?rest_route=\/wp\/v2\/types\/product"}],"replies":[{"embeddable":true,"href":"https:\/\/biolabtek.vn\/index.php?rest_route=%2Fwp%2Fv2%2Fcomments&post=2350"}],"wp:featuredmedia":[{"embeddable":true,"href":"https:\/\/biolabtek.vn\/index.php?rest_route=\/wp\/v2\/media\/2352"}],"wp:attachment":[{"href":"https:\/\/biolabtek.vn\/index.php?rest_route=%2Fwp%2Fv2%2Fmedia&parent=2350"}],"curies":[{"name":"wp","href":"https:\/\/api.w.org\/{rel}","templated":true}]}}