{"id":2348,"date":"2022-07-18T07:07:26","date_gmt":"2022-07-18T07:07:26","guid":{"rendered":"https:\/\/biolabtek.vn\/?post_type=product&#038;p=2348"},"modified":"2023-01-30T09:09:32","modified_gmt":"2023-01-30T09:09:32","slug":"ingezim-rotavirus-das","status":"publish","type":"product","link":"https:\/\/biolabtek.vn\/?product=ingezim-rotavirus-das","title":{"rendered":"INgezim Rotavirus DAS"},"content":{"rendered":"<p style=\"text-align: left;\"><em><strong>INgezim Rotavirus DAS:\u00a0<a href=\"https:\/\/www.goldstandarddiagnostics.com\/products\/veterinary-diagnostics\/multispecies-kits\/ingezim-rotavirus-das-1-plate.html\">https:\/\/www.goldstandarddiagnostics.com\/products\/veterinary-diagnostics\/multispecies-kits\/ingezim-rotavirus-das-1-plate.html<\/a><\/strong><\/em><\/p>\n<p><strong>H\u00e3ng<\/strong>: <strong>Gold Standard Diagnostics<\/strong><\/p>\n<p><strong>Lo\u1ea1i m\u1eabu<\/strong>: M\u1eabu sinh h\u1ecdc (ph\u00e2n c\u1ee7a t\u1ea5t c\u1ea3 c\u00e1c lo\u00e0i).<\/p>\n<p><strong>Code<\/strong>: 10.RT.K.2 (B\u1ed9 1 \u0111\u0129a 96 gi\u1ebfng)<\/p>\n<p><strong>INgezim Rotavirus DAS\u00a0<\/strong>d\u1ef1a tr\u00ean k\u1ef9 thu\u1eadt Double Antibody ELISA.<\/p>\n<p><strong>\u1ee8ng d\u1ee5ng<\/strong><\/p>\n<p>Ph\u00e1t hi\u1ec7n kh\u00e1ng nguy\u00ean vi r\u00fat Rota type A trong m\u1eabu ph\u00e2n.<\/p>\n","protected":false},"excerpt":{"rendered":"<p>INgezim Rotavirus DAS:\u00a0https:\/\/www.goldstandarddiagnostics.com\/products\/veterinary-diagnostics\/multispecies-kits\/ingezim-rotavirus-das-1-plate.html H\u00e3ng: Gold Standard Diagnostics Lo\u1ea1i m\u1eabu: M\u1eabu sinh h\u1ecdc (ph\u00e2n c\u1ee7a t\u1ea5t c\u1ea3 c\u00e1c lo\u00e0i). Code: 10.RT.K.2 (B\u1ed9 1 \u0111\u0129a 96 gi\u1ebfng) INgezim Rotavirus DAS\u00a0d\u1ef1a tr\u00ean k\u1ef9 thu\u1eadt Double Antibody ELISA. \u1ee8ng d\u1ee5ng Ph\u00e1t hi\u1ec7n kh\u00e1ng nguy\u00ean vi r\u00fat Rota type A trong m\u1eabu ph\u00e2n.<\/p>\n","protected":false},"featured_media":2349,"comment_status":"open","ping_status":"closed","template":"","meta":[],"_links":{"self":[{"href":"https:\/\/biolabtek.vn\/index.php?rest_route=\/wp\/v2\/product\/2348"}],"collection":[{"href":"https:\/\/biolabtek.vn\/index.php?rest_route=\/wp\/v2\/product"}],"about":[{"href":"https:\/\/biolabtek.vn\/index.php?rest_route=\/wp\/v2\/types\/product"}],"replies":[{"embeddable":true,"href":"https:\/\/biolabtek.vn\/index.php?rest_route=%2Fwp%2Fv2%2Fcomments&post=2348"}],"wp:featuredmedia":[{"embeddable":true,"href":"https:\/\/biolabtek.vn\/index.php?rest_route=\/wp\/v2\/media\/2349"}],"wp:attachment":[{"href":"https:\/\/biolabtek.vn\/index.php?rest_route=%2Fwp%2Fv2%2Fmedia&parent=2348"}],"curies":[{"name":"wp","href":"https:\/\/api.w.org\/{rel}","templated":true}]}}