{"id":2343,"date":"2022-07-18T06:43:51","date_gmt":"2022-07-18T06:43:51","guid":{"rendered":"https:\/\/biolabtek.vn\/?post_type=product&#038;p=2343"},"modified":"2023-01-30T09:04:49","modified_gmt":"2023-01-30T09:04:49","slug":"ingezim-covid-19-s-vet","status":"publish","type":"product","link":"https:\/\/biolabtek.vn\/?product=ingezim-covid-19-s-vet","title":{"rendered":"INgezim COVID 19 S VET"},"content":{"rendered":"<p style=\"text-align: left;\"><em><strong>INgezim COVID 19 S VET (b\u1ed9 2 \u0111\u0129a):<\/strong>\u00a0<a href=\"https:\/\/www.goldstandarddiagnostics.com\/products\/veterinary-diagnostics\/multispecies-kits\/sars-cov-2\/ingezim-covid-vet-192-tests.html\">https:\/\/www.goldstandarddiagnostics.com\/products\/veterinary-diagnostics\/multispecies-kits\/sars-cov-2\/ingezim-covid-vet-192-tests.html<\/a><\/em><\/p>\n<p style=\"text-align: left;\"><strong><em>INgezim COVID 19 S VET (b\u1ed9 5 \u0111\u0129a):<\/em><\/strong><em>\u00a0<\/em><em><a href=\"https:\/\/www.goldstandarddiagnostics.com\/products\/veterinary-diagnostics\/multispecies-kits\/sars-cov-2\/ingezim-covid-vet-480-tests.html\">https:\/\/www.goldstandarddiagnostics.com\/products\/veterinary-diagnostics\/multispecies-kits\/sars-cov-2\/ingezim-covid-vet-480-tests.html<\/a><\/em><\/p>\n<p><strong>H\u00e3ng<\/strong>: <strong>Gold Standard Diagnostics<\/strong><\/p>\n<p><strong>Lo\u1ea1i m\u1eabu<\/strong>: M\u1eabu huy\u1ebft thanh v\u00e0 huy\u1ebft t\u01b0\u01a1ng c\u1ee7a ch\u1ed3n, ch\u1ed3n h\u01b0\u01a1ng, m\u00e8o v\u00e0 ch\u00f3.<\/p>\n<p><strong>Code<\/strong>: R.10.CoS.K1\/2 (B\u1ed9 2 \u0111\u0129a 96 gi\u1ebfng) v\u00e0\u00a0R.10.CoS.K1\/5 (B\u1ed9 5 \u0111\u0129a 96 gi\u1ebfng)<\/p>\n<p><strong>INgezim COVID 19 S VET\u00a0<\/strong>d\u1ef1a tr\u00ean k\u1ef9 thu\u1eadt ELISA gi\u00e1n ti\u1ebfp, s\u1eed d\u1ee5ng protein S SARS-CoV-2 l\u00e0m kh\u00e1ng nguy\u00ean v\u00e0 protein t\u00e1i t\u1ed5 h\u1ee3p A\/G k\u1ebft h\u1ee3p v\u1edbi peroxidase (PO) l\u00e0m ch\u1ea5t g\u1eafn k\u1ebft.<\/p>\n<p><strong>\u1ee8ng d\u1ee5ng<\/strong><\/p>\n<p>Ph\u00e1t hi\u1ec7n kh\u00e1ng th\u1ec3 \u0111\u1eb7c hi\u1ec7u kh\u00e1ng protein S c\u1ee7a vi r\u00fat SARS-CoV-2.<\/p>\n","protected":false},"excerpt":{"rendered":"<p>INgezim COVID 19 S VET (b\u1ed9 2 \u0111\u0129a):\u00a0https:\/\/www.goldstandarddiagnostics.com\/products\/veterinary-diagnostics\/multispecies-kits\/sars-cov-2\/ingezim-covid-vet-192-tests.html INgezim COVID 19 S VET (b\u1ed9 5 \u0111\u0129a):\u00a0https:\/\/www.goldstandarddiagnostics.com\/products\/veterinary-diagnostics\/multispecies-kits\/sars-cov-2\/ingezim-covid-vet-480-tests.html H\u00e3ng: Gold Standard Diagnostics Lo\u1ea1i m\u1eabu: M\u1eabu huy\u1ebft thanh v\u00e0 huy\u1ebft t\u01b0\u01a1ng c\u1ee7a ch\u1ed3n, ch\u1ed3n h\u01b0\u01a1ng, m\u00e8o v\u00e0 ch\u00f3. Code: R.10.CoS.K1\/2 (B\u1ed9 2 \u0111\u0129a 96 gi\u1ebfng) v\u00e0\u00a0R.10.CoS.K1\/5 (B\u1ed9 5 \u0111\u0129a 96 gi\u1ebfng) INgezim COVID 19 S VET\u00a0d\u1ef1a tr\u00ean k\u1ef9 [&hellip;]<\/p>\n","protected":false},"featured_media":2342,"comment_status":"open","ping_status":"closed","template":"","meta":[],"_links":{"self":[{"href":"https:\/\/biolabtek.vn\/index.php?rest_route=\/wp\/v2\/product\/2343"}],"collection":[{"href":"https:\/\/biolabtek.vn\/index.php?rest_route=\/wp\/v2\/product"}],"about":[{"href":"https:\/\/biolabtek.vn\/index.php?rest_route=\/wp\/v2\/types\/product"}],"replies":[{"embeddable":true,"href":"https:\/\/biolabtek.vn\/index.php?rest_route=%2Fwp%2Fv2%2Fcomments&post=2343"}],"wp:featuredmedia":[{"embeddable":true,"href":"https:\/\/biolabtek.vn\/index.php?rest_route=\/wp\/v2\/media\/2342"}],"wp:attachment":[{"href":"https:\/\/biolabtek.vn\/index.php?rest_route=%2Fwp%2Fv2%2Fmedia&parent=2343"}],"curies":[{"name":"wp","href":"https:\/\/api.w.org\/{rel}","templated":true}]}}