{"id":2340,"date":"2022-07-18T04:44:38","date_gmt":"2022-07-18T04:44:38","guid":{"rendered":"https:\/\/biolabtek.vn\/?post_type=product&#038;p=2340"},"modified":"2022-12-09T09:31:19","modified_gmt":"2022-12-09T09:31:19","slug":"ingezim-coronavirus-porcino-2-0","status":"publish","type":"product","link":"https:\/\/biolabtek.vn\/?product=ingezim-coronavirus-porcino-2-0","title":{"rendered":"INgezim Coronavirus Porcino 2.0"},"content":{"rendered":"<p style=\"text-align: left;\"><em><strong>INgezim Coronavirus Porcino 2.0 (b\u1ed9 2 \u0111\u0129a):\u00a0<\/strong><a href=\"https:\/\/www.goldstandarddiagnostics.com\/products\/veterinary-diagnostics\/porcine\/porcine-coronavirosis-transmissible-gastroenteritis\/ingezim-coronavirus-porcino-2-0-192-tests.html\">https:\/\/www.goldstandarddiagnostics.com\/products\/veterinary-diagnostics\/porcine\/porcine-coronavirosis-transmissible-gastroenteritis\/ingezim-coronavirus-porcino-2-0-192-tests.html<\/a><\/em><\/p>\n<p style=\"text-align: left;\"><strong><em>INgezim Coronavirus Porcino 2.0 (b\u1ed9 5 \u0111\u0129a):\u00a0<\/em><\/strong><em><a href=\"https:\/\/www.goldstandarddiagnostics.com\/products\/veterinary-diagnostics\/porcine\/porcine-coronavirosis-transmissible-gastroenteritis\/ingezim-coronavirus-porcino-2-0-192-tests-1.html\">https:\/\/www.goldstandarddiagnostics.com\/products\/veterinary-diagnostics\/porcine\/porcine-coronavirosis-transmissible-gastroenteritis\/ingezim-coronavirus-porcino-2-0-192-tests-1.html<\/a><\/em><\/p>\n<p><strong>Lo\u1ea1i m\u1eabu: <\/strong>Huy\u1ebft thanh l\u1ee3n.<\/p>\n<p><strong>Code<\/strong>: 11.PRC.K.3\/2 (2 \u0111\u0129a 96 gi\u1ebfng) v\u00e0 11.PRC.K.3\/5 (5 \u0111\u0129a 96 gi\u1ebfng)<\/p>\n<p>INgezim Coronavirus Porcino 2.0 d\u1ef1a tr\u00ean x\u00e9t nghi\u1ec7m mi\u1ec5n d\u1ecbch enzyme (Blocking ELISA).<\/p>\n<p><strong>\u1ee8ng d\u1ee5ng<\/strong><\/p>\n<p>Ph\u00e1t hi\u1ec7n kh\u00e1ng th\u1ec3 \u0111\u1eb7c hi\u1ec7u \u0111\u1ed1i v\u1edbi Porcine Coronavirus. Th\u00ed nghi\u1ec7m n\u00e0y kh\u00f4ng cho ph\u00e9p ph\u00e2n bi\u1ec7t c\u00e1c kh\u00e1ng th\u1ec3 kh\u00e1ng l\u1ea1i PRCV v\u1edbi c\u00e1c kh\u00e1ng th\u1ec3 TGEV.<\/p>\n","protected":false},"excerpt":{"rendered":"<p>INgezim Coronavirus Porcino 2.0 (b\u1ed9 2 \u0111\u0129a):\u00a0https:\/\/www.goldstandarddiagnostics.com\/products\/veterinary-diagnostics\/porcine\/porcine-coronavirosis-transmissible-gastroenteritis\/ingezim-coronavirus-porcino-2-0-192-tests.html INgezim Coronavirus Porcino 2.0 (b\u1ed9 5 \u0111\u0129a):\u00a0https:\/\/www.goldstandarddiagnostics.com\/products\/veterinary-diagnostics\/porcine\/porcine-coronavirosis-transmissible-gastroenteritis\/ingezim-coronavirus-porcino-2-0-192-tests-1.html Lo\u1ea1i m\u1eabu: Huy\u1ebft thanh l\u1ee3n. Code: 11.PRC.K.3\/2 (2 \u0111\u0129a 96 gi\u1ebfng) v\u00e0 11.PRC.K.3\/5 (5 \u0111\u0129a 96 gi\u1ebfng) INgezim Coronavirus Porcino 2.0 d\u1ef1a tr\u00ean x\u00e9t nghi\u1ec7m mi\u1ec5n d\u1ecbch enzyme (Blocking ELISA). \u1ee8ng d\u1ee5ng Ph\u00e1t hi\u1ec7n kh\u00e1ng th\u1ec3 \u0111\u1eb7c hi\u1ec7u \u0111\u1ed1i v\u1edbi Porcine [&hellip;]<\/p>\n","protected":false},"featured_media":2247,"comment_status":"open","ping_status":"closed","template":"","meta":[],"_links":{"self":[{"href":"https:\/\/biolabtek.vn\/index.php?rest_route=\/wp\/v2\/product\/2340"}],"collection":[{"href":"https:\/\/biolabtek.vn\/index.php?rest_route=\/wp\/v2\/product"}],"about":[{"href":"https:\/\/biolabtek.vn\/index.php?rest_route=\/wp\/v2\/types\/product"}],"replies":[{"embeddable":true,"href":"https:\/\/biolabtek.vn\/index.php?rest_route=%2Fwp%2Fv2%2Fcomments&post=2340"}],"wp:featuredmedia":[{"embeddable":true,"href":"https:\/\/biolabtek.vn\/index.php?rest_route=\/wp\/v2\/media\/2247"}],"wp:attachment":[{"href":"https:\/\/biolabtek.vn\/index.php?rest_route=%2Fwp%2Fv2%2Fmedia&parent=2340"}],"curies":[{"name":"wp","href":"https:\/\/api.w.org\/{rel}","templated":true}]}}