{"id":2339,"date":"2022-07-18T04:35:49","date_gmt":"2022-07-18T04:35:49","guid":{"rendered":"https:\/\/biolabtek.vn\/?post_type=product&#038;p=2339"},"modified":"2022-12-09T09:28:54","modified_gmt":"2022-12-09T09:28:54","slug":"ingezim-corona-diferencial-2-0","status":"publish","type":"product","link":"https:\/\/biolabtek.vn\/?product=ingezim-corona-diferencial-2-0","title":{"rendered":"INgezim Corona Diferencial 2.0"},"content":{"rendered":"<p style=\"text-align: left;\"><em><strong>INgezim Corona Diferencial 2.0 (b\u1ed9 2 \u0111\u0129a):<\/strong>\u00a0<a href=\"https:\/\/www.goldstandarddiagnostics.com\/products\/veterinary-diagnostics\/porcine\/porcine-coronavirosis-transmissible-gastroenteritis\/ingezim-corona-diferencial-2-0.html\">https:\/\/www.goldstandarddiagnostics.com\/products\/veterinary-diagnostics\/porcine\/porcine-coronavirosis-transmissible-gastroenteritis\/ingezim-corona-diferencial-2-0.html<\/a><\/em><\/p>\n<p style=\"text-align: left;\"><strong><em>INgezim Corona Diferencial 2.0 (b\u1ed9 5 \u0111\u0129a):<\/em><\/strong><em>\u00a0<\/em><em><a href=\"https:\/\/www.goldstandarddiagnostics.com\/products\/veterinary-diagnostics\/porcine\/porcine-coronavirosis-transmissible-gastroenteritis\/ingezim-corona-diferencial-2-1.html\">https:\/\/www.goldstandarddiagnostics.com\/products\/veterinary-diagnostics\/porcine\/porcine-coronavirosis-transmissible-gastroenteritis\/ingezim-corona-diferencial-2-1.html<\/a><\/em><\/p>\n<p><strong>Lo\u1ea1i m\u1eabu<\/strong>: m\u1eabu huy\u1ebft thanh l\u1ee3n.<\/p>\n<p><strong>Code<\/strong>: 11.DIF.K.3\/2 (2 \u0111\u0129a 96 gi\u1ebfng) v\u00e0 11.DIF.K.3\/5 (5 \u0111\u0129a 96 gi\u1ebfng)<\/p>\n<p><strong>INgezim Corona Diferencial 2.0\u00a0<\/strong>d\u1ef1a tr\u00ean x\u00e9t nghi\u1ec7m mi\u1ec5n d\u1ecbch enzyme (Capture Blocking ELISA) s\u1eed d\u1ee5ng hai kh\u00e1ng th\u1ec3 \u0111\u01a1n d\u00f2ng (MAb) l\u00e0m ch\u1ea5t g\u1eafn k\u1ebft; m\u1ed9t kh\u00e1ng th\u1ec3 \u0111\u1eb7c hi\u1ec7u cho v\u1ecb tr\u00ed B c\u1ee7a protein S coronavirus (tr\u00ecnh di\u1ec7n kh\u00e1ng nguy\u00ean chung c\u1ee7a coronavirus) v\u00e0 protein \u0111\u1eb7c hi\u1ec7u c\u00f2n l\u1ea1i cho v\u1ecb tr\u00ed A c\u1ee7a protein S TGEV (tr\u00ecnh di\u1ec7n kh\u00e1ng nguy\u00ean \u0111\u1eb7c hi\u1ec7u c\u1ee7a TGEV). Mab th\u1ee9 ba \u0111\u01b0\u1ee3c s\u1eed d\u1ee5ng l\u00e0m thu\u1ed1c th\u1eed b\u1eaft gi\u1eef protein S.<\/p>\n<p><strong>\u1ee8NG D\u1ee4NG<\/strong><\/p>\n<p>Ph\u00e1t hi\u1ec7n v\u00e0 ph\u00e2n bi\u1ec7t c\u00e1c kh\u00e1ng th\u1ec3 \u0111\u1eb7c hi\u1ec7u c\u1ee7a TGEV v\u00e0 PRCV trong m\u1eabu huy\u1ebft thanh l\u1ee3n.<\/p>\n<p>&nbsp;<\/p>\n","protected":false},"excerpt":{"rendered":"<p>INgezim Corona Diferencial 2.0 (b\u1ed9 2 \u0111\u0129a):\u00a0https:\/\/www.goldstandarddiagnostics.com\/products\/veterinary-diagnostics\/porcine\/porcine-coronavirosis-transmissible-gastroenteritis\/ingezim-corona-diferencial-2-0.html INgezim Corona Diferencial 2.0 (b\u1ed9 5 \u0111\u0129a):\u00a0https:\/\/www.goldstandarddiagnostics.com\/products\/veterinary-diagnostics\/porcine\/porcine-coronavirosis-transmissible-gastroenteritis\/ingezim-corona-diferencial-2-1.html Lo\u1ea1i m\u1eabu: m\u1eabu huy\u1ebft thanh l\u1ee3n. Code: 11.DIF.K.3\/2 (2 \u0111\u0129a 96 gi\u1ebfng) v\u00e0 11.DIF.K.3\/5 (5 \u0111\u0129a 96 gi\u1ebfng) INgezim Corona Diferencial 2.0\u00a0d\u1ef1a tr\u00ean x\u00e9t nghi\u1ec7m mi\u1ec5n d\u1ecbch enzyme (Capture Blocking ELISA) s\u1eed d\u1ee5ng hai kh\u00e1ng th\u1ec3 \u0111\u01a1n d\u00f2ng (MAb) l\u00e0m ch\u1ea5t [&hellip;]<\/p>\n","protected":false},"featured_media":2247,"comment_status":"open","ping_status":"closed","template":"","meta":[],"_links":{"self":[{"href":"https:\/\/biolabtek.vn\/index.php?rest_route=\/wp\/v2\/product\/2339"}],"collection":[{"href":"https:\/\/biolabtek.vn\/index.php?rest_route=\/wp\/v2\/product"}],"about":[{"href":"https:\/\/biolabtek.vn\/index.php?rest_route=\/wp\/v2\/types\/product"}],"replies":[{"embeddable":true,"href":"https:\/\/biolabtek.vn\/index.php?rest_route=%2Fwp%2Fv2%2Fcomments&post=2339"}],"wp:featuredmedia":[{"embeddable":true,"href":"https:\/\/biolabtek.vn\/index.php?rest_route=\/wp\/v2\/media\/2247"}],"wp:attachment":[{"href":"https:\/\/biolabtek.vn\/index.php?rest_route=%2Fwp%2Fv2%2Fmedia&parent=2339"}],"curies":[{"name":"wp","href":"https:\/\/api.w.org\/{rel}","templated":true}]}}